{"id":459054,"date":"2025-10-06T09:17:17","date_gmt":"2025-10-06T09:17:17","guid":{"rendered":"https:\/\/wellefurniture.eu\/ulestostetava-pohjaga-voodi-160x200-forn-valge-korglaige-3\/"},"modified":"2025-10-06T09:17:17","modified_gmt":"2025-10-06T09:17:17","slug":"ulestostetava-pohjaga-voodi-160x200-forn-valge-korglaige-3","status":"publish","type":"product","link":"https:\/\/welle.ee\/ee\/ulestostetava-pohjaga-voodi-160x200-forn-valge-korglaige-3\/","title":{"rendered":"\u00dclest\u00f5stetava p\u00f5hjaga voodi 160&#215;200 FORN tamm delano\/must matt"},"content":{"rendered":"<div data-content-type=\"html\" data-appearance=\"default\" data-element=\"main\">\n<ul>\n<li>Valmistatud kvaliteetsest lamineeritud m\u00f6\u00f6bliplaadist<\/li>\n<li>Madratsile 160&#215;200 cm<\/li>\n<li>Metallist raamil gaasipumpadega voodip\u00f5hi<\/li>\n<li>Madrats ei kuulu hinna sisse<\/li>\n<li>Tarneaeg 4-10 n\u00e4dalati<\/li>\n<li>Tarnitakse detailidena<\/li>\n<\/ul>\n<\/div>\n","protected":false},"excerpt":{"rendered":"<p>Valmistatud kvaliteetsest lamineeritud m\u00f6\u00f6bliplaadist Madratsile 160&#215;200 cm Metallist raamil gaasipumpadega voodip\u00f5hi Madrats ei kuulu hinna sisse Tarneaeg 4-10 n\u00e4dalati Tarnitakse<\/p>\n","protected":false},"featured_media":459055,"template":"","meta":[],"product_brand":[],"product_cat":[2353,3592,2429,2432,2346,2348,3962],"product_tag":[],"class_list":{"0":"post-459054","1":"product","2":"type-product","3":"status-publish","4":"has-post-thumbnail","6":"product_cat-shop","7":"product_cat-leiunurk","8":"product_cat-pesukastiga-sahtlitega-voodid","9":"product_cat-ulestostetava-pohjaga-voodid","10":"product_cat-bad","11":"product_cat-beds","12":"product_cat-voodid-ja-madratsid","13":"pa_color-tamm","14":"pa_height-43-99","15":"pa_height_range-h-50-100","16":"pa_length-3624","17":"pa_length_range-l-200","18":"pa_manufacturer-brw","19":"pa_material-moobliplaat","20":"pa_width-3341","21":"pa_width_range-w-151-200","23":"first","24":"instock","25":"taxable","26":"shipping-taxable","27":"purchasable","28":"product-type-simple"},"yoast_head":"<!-- This site is optimized with the Yoast SEO plugin v26.2 - https:\/\/yoast.com\/wordpress\/plugins\/seo\/ -->\n<title>\u00dclest\u00f5stetava p\u00f5hjaga voodi 160x200 FORN tamm delano\/must matt - Welle<\/title>\n<meta name=\"robots\" content=\"index, follow, max-snippet:-1, max-image-preview:large, max-video-preview:-1\" \/>\n<link rel=\"canonical\" href=\"https:\/\/welle.ee\/ee\/ulestostetava-pohjaga-voodi-160x200-forn-valge-korglaige-3\/\" \/>\n<meta property=\"og:locale\" content=\"en_US\" \/>\n<meta property=\"og:type\" content=\"article\" \/>\n<meta property=\"og:title\" content=\"\u00dclest\u00f5stetava p\u00f5hjaga voodi 160x200 FORN tamm delano\/must matt - Welle\" \/>\n<meta property=\"og:description\" content=\"Valmistatud kvaliteetsest lamineeritud m\u00f6\u00f6bliplaadist Madratsile 160&#215;200 cm Metallist raamil gaasipumpadega voodip\u00f5hi Madrats ei kuulu hinna sisse Tarneaeg 4-10 n\u00e4dalati Tarnitakse\" \/>\n<meta property=\"og:url\" content=\"https:\/\/welle.ee\/ee\/ulestostetava-pohjaga-voodi-160x200-forn-valge-korglaige-3\/\" \/>\n<meta property=\"og:site_name\" content=\"Welle\" \/>\n<meta property=\"og:image\" content=\"https:\/\/welle.ee\/wp-content\/uploads\/2025\/08\/lozko-forn-160x200-ze-stelazem-i-pojemnikiem-dab-delano-ciemny-czarny-slargea.jpg\" \/>\n\t<meta property=\"og:image:width\" content=\"798\" \/>\n\t<meta property=\"og:image:height\" content=\"600\" \/>\n\t<meta property=\"og:image:type\" content=\"image\/jpeg\" \/>\n<meta name=\"twitter:card\" content=\"summary_large_image\" \/>\n<script type=\"application\/ld+json\" class=\"yoast-schema-graph\">{\"@context\":\"https:\/\/schema.org\",\"@graph\":[{\"@type\":\"WebPage\",\"@id\":\"https:\/\/welle.ee\/ee\/ulestostetava-pohjaga-voodi-160x200-forn-valge-korglaige-3\/\",\"url\":\"https:\/\/welle.ee\/ee\/ulestostetava-pohjaga-voodi-160x200-forn-valge-korglaige-3\/\",\"name\":\"\u00dclest\u00f5stetava p\u00f5hjaga voodi 160x200 FORN tamm delano\/must matt - Welle\",\"isPartOf\":{\"@id\":\"https:\/\/welle.ee\/ee\/#website\"},\"primaryImageOfPage\":{\"@id\":\"https:\/\/welle.ee\/ee\/ulestostetava-pohjaga-voodi-160x200-forn-valge-korglaige-3\/#primaryimage\"},\"image\":{\"@id\":\"https:\/\/welle.ee\/ee\/ulestostetava-pohjaga-voodi-160x200-forn-valge-korglaige-3\/#primaryimage\"},\"thumbnailUrl\":\"https:\/\/welle.ee\/wp-content\/uploads\/2025\/08\/lozko-forn-160x200-ze-stelazem-i-pojemnikiem-dab-delano-ciemny-czarny-slargea.jpg\",\"datePublished\":\"2025-10-06T09:17:17+00:00\",\"breadcrumb\":{\"@id\":\"https:\/\/welle.ee\/ee\/ulestostetava-pohjaga-voodi-160x200-forn-valge-korglaige-3\/#breadcrumb\"},\"inLanguage\":\"ee\",\"potentialAction\":[{\"@type\":\"ReadAction\",\"target\":[\"https:\/\/welle.ee\/ee\/ulestostetava-pohjaga-voodi-160x200-forn-valge-korglaige-3\/\"]}]},{\"@type\":\"ImageObject\",\"inLanguage\":\"ee\",\"@id\":\"https:\/\/welle.ee\/ee\/ulestostetava-pohjaga-voodi-160x200-forn-valge-korglaige-3\/#primaryimage\",\"url\":\"https:\/\/welle.ee\/wp-content\/uploads\/2025\/08\/lozko-forn-160x200-ze-stelazem-i-pojemnikiem-dab-delano-ciemny-czarny-slargea.jpg\",\"contentUrl\":\"https:\/\/welle.ee\/wp-content\/uploads\/2025\/08\/lozko-forn-160x200-ze-stelazem-i-pojemnikiem-dab-delano-ciemny-czarny-slargea.jpg\",\"width\":798,\"height\":600},{\"@type\":\"BreadcrumbList\",\"@id\":\"https:\/\/welle.ee\/ee\/ulestostetava-pohjaga-voodi-160x200-forn-valge-korglaige-3\/#breadcrumb\",\"itemListElement\":[{\"@type\":\"ListItem\",\"position\":1,\"name\":\"\u0413\u043b\u0430\u0432\u043d\u0430\u044f \u0441\u0442\u0440\u0430\u043d\u0438\u0446\u0430\",\"item\":\"https:\/\/welle.ee\/ee\/\"},{\"@type\":\"ListItem\",\"position\":2,\"name\":\"Tooted\",\"item\":\"https:\/\/welle.ee\/ee\/tooted\/\"},{\"@type\":\"ListItem\",\"position\":3,\"name\":\"\u00dclest\u00f5stetava p\u00f5hjaga voodi 160&#215;200 FORN tamm delano\/must matt\"}]},{\"@type\":\"WebSite\",\"@id\":\"https:\/\/welle.ee\/ee\/#website\",\"url\":\"https:\/\/welle.ee\/ee\/\",\"name\":\"Welle\",\"description\":\"\",\"potentialAction\":[{\"@type\":\"SearchAction\",\"target\":{\"@type\":\"EntryPoint\",\"urlTemplate\":\"https:\/\/welle.ee\/ee\/?s={search_term_string}\"},\"query-input\":{\"@type\":\"PropertyValueSpecification\",\"valueRequired\":true,\"valueName\":\"search_term_string\"}}],\"inLanguage\":\"ee\"}]}<\/script>\n<!-- \/ Yoast SEO plugin. -->","yoast_head_json":{"title":"\u00dclest\u00f5stetava p\u00f5hjaga voodi 160x200 FORN tamm delano\/must matt - Welle","robots":{"index":"index","follow":"follow","max-snippet":"max-snippet:-1","max-image-preview":"max-image-preview:large","max-video-preview":"max-video-preview:-1"},"canonical":"https:\/\/welle.ee\/ee\/ulestostetava-pohjaga-voodi-160x200-forn-valge-korglaige-3\/","og_locale":"en_US","og_type":"article","og_title":"\u00dclest\u00f5stetava p\u00f5hjaga voodi 160x200 FORN tamm delano\/must matt - Welle","og_description":"Valmistatud kvaliteetsest lamineeritud m\u00f6\u00f6bliplaadist Madratsile 160&#215;200 cm Metallist raamil gaasipumpadega voodip\u00f5hi Madrats ei kuulu hinna sisse Tarneaeg 4-10 n\u00e4dalati Tarnitakse","og_url":"https:\/\/welle.ee\/ee\/ulestostetava-pohjaga-voodi-160x200-forn-valge-korglaige-3\/","og_site_name":"Welle","og_image":[{"width":798,"height":600,"url":"https:\/\/welle.ee\/wp-content\/uploads\/2025\/08\/lozko-forn-160x200-ze-stelazem-i-pojemnikiem-dab-delano-ciemny-czarny-slargea.jpg","type":"image\/jpeg"}],"twitter_card":"summary_large_image","schema":{"@context":"https:\/\/schema.org","@graph":[{"@type":"WebPage","@id":"https:\/\/welle.ee\/ee\/ulestostetava-pohjaga-voodi-160x200-forn-valge-korglaige-3\/","url":"https:\/\/welle.ee\/ee\/ulestostetava-pohjaga-voodi-160x200-forn-valge-korglaige-3\/","name":"\u00dclest\u00f5stetava p\u00f5hjaga voodi 160x200 FORN tamm delano\/must matt - Welle","isPartOf":{"@id":"https:\/\/welle.ee\/ee\/#website"},"primaryImageOfPage":{"@id":"https:\/\/welle.ee\/ee\/ulestostetava-pohjaga-voodi-160x200-forn-valge-korglaige-3\/#primaryimage"},"image":{"@id":"https:\/\/welle.ee\/ee\/ulestostetava-pohjaga-voodi-160x200-forn-valge-korglaige-3\/#primaryimage"},"thumbnailUrl":"https:\/\/welle.ee\/wp-content\/uploads\/2025\/08\/lozko-forn-160x200-ze-stelazem-i-pojemnikiem-dab-delano-ciemny-czarny-slargea.jpg","datePublished":"2025-10-06T09:17:17+00:00","breadcrumb":{"@id":"https:\/\/welle.ee\/ee\/ulestostetava-pohjaga-voodi-160x200-forn-valge-korglaige-3\/#breadcrumb"},"inLanguage":"ee","potentialAction":[{"@type":"ReadAction","target":["https:\/\/welle.ee\/ee\/ulestostetava-pohjaga-voodi-160x200-forn-valge-korglaige-3\/"]}]},{"@type":"ImageObject","inLanguage":"ee","@id":"https:\/\/welle.ee\/ee\/ulestostetava-pohjaga-voodi-160x200-forn-valge-korglaige-3\/#primaryimage","url":"https:\/\/welle.ee\/wp-content\/uploads\/2025\/08\/lozko-forn-160x200-ze-stelazem-i-pojemnikiem-dab-delano-ciemny-czarny-slargea.jpg","contentUrl":"https:\/\/welle.ee\/wp-content\/uploads\/2025\/08\/lozko-forn-160x200-ze-stelazem-i-pojemnikiem-dab-delano-ciemny-czarny-slargea.jpg","width":798,"height":600},{"@type":"BreadcrumbList","@id":"https:\/\/welle.ee\/ee\/ulestostetava-pohjaga-voodi-160x200-forn-valge-korglaige-3\/#breadcrumb","itemListElement":[{"@type":"ListItem","position":1,"name":"\u0413\u043b\u0430\u0432\u043d\u0430\u044f \u0441\u0442\u0440\u0430\u043d\u0438\u0446\u0430","item":"https:\/\/welle.ee\/ee\/"},{"@type":"ListItem","position":2,"name":"Tooted","item":"https:\/\/welle.ee\/ee\/tooted\/"},{"@type":"ListItem","position":3,"name":"\u00dclest\u00f5stetava p\u00f5hjaga voodi 160&#215;200 FORN tamm delano\/must matt"}]},{"@type":"WebSite","@id":"https:\/\/welle.ee\/ee\/#website","url":"https:\/\/welle.ee\/ee\/","name":"Welle","description":"","potentialAction":[{"@type":"SearchAction","target":{"@type":"EntryPoint","urlTemplate":"https:\/\/welle.ee\/ee\/?s={search_term_string}"},"query-input":{"@type":"PropertyValueSpecification","valueRequired":true,"valueName":"search_term_string"}}],"inLanguage":"ee"}]}},"_links":{"self":[{"href":"https:\/\/welle.ee\/ee\/wp-json\/wp\/v2\/product\/459054","targetHints":{"allow":["GET"]}}],"collection":[{"href":"https:\/\/welle.ee\/ee\/wp-json\/wp\/v2\/product"}],"about":[{"href":"https:\/\/welle.ee\/ee\/wp-json\/wp\/v2\/types\/product"}],"version-history":[{"count":1,"href":"https:\/\/welle.ee\/ee\/wp-json\/wp\/v2\/product\/459054\/revisions"}],"predecessor-version":[{"id":484890,"href":"https:\/\/welle.ee\/ee\/wp-json\/wp\/v2\/product\/459054\/revisions\/484890"}],"wp:featuredmedia":[{"embeddable":true,"href":"https:\/\/welle.ee\/ee\/wp-json\/wp\/v2\/media\/459055"}],"wp:attachment":[{"href":"https:\/\/welle.ee\/ee\/wp-json\/wp\/v2\/media?parent=459054"}],"wp:term":[{"taxonomy":"product_brand","embeddable":true,"href":"https:\/\/welle.ee\/ee\/wp-json\/wp\/v2\/product_brand?post=459054"},{"taxonomy":"product_cat","embeddable":true,"href":"https:\/\/welle.ee\/ee\/wp-json\/wp\/v2\/product_cat?post=459054"},{"taxonomy":"product_tag","embeddable":true,"href":"https:\/\/welle.ee\/ee\/wp-json\/wp\/v2\/product_tag?post=459054"}],"curies":[{"name":"wp","href":"https:\/\/api.w.org\/{rel}","templated":true}]}}