{"id":459107,"date":"2025-10-06T09:17:12","date_gmt":"2025-10-06T09:17:12","guid":{"rendered":"https:\/\/wellefurniture.eu\/riidekapp-forn-180-cm-valge-korglaige-4\/"},"modified":"2025-11-03T17:17:02","modified_gmt":"2025-11-03T17:17:02","slug":"riidekapp-forn-180-cm-valge-korglaige-4","status":"publish","type":"product","link":"https:\/\/welle.ee\/ee\/riidekapp-forn-180-cm-valge-korglaige-4\/","title":{"rendered":"Diivanilaud FORN 90&#215;60 cm tamm delano\/must matt"},"content":{"rendered":"<div data-content-type=\"html\" data-appearance=\"default\" data-element=\"main\">\n<ul>\n<li>Valmistatud lamineeritud m\u00f6\u00f6bliplaadist<\/li>\n<li>1 sahtel<\/li>\n<li>Sulgub vaikselt<\/li>\n<li>Tarneaeg 4-10 n\u00e4dalat<\/li>\n<li>Tarnitakse detailidena<\/li>\n<\/ul>\n<\/div>\n","protected":false},"excerpt":{"rendered":"<p>Valmistatud lamineeritud m\u00f6\u00f6bliplaadist 1 sahtel Sulgub vaikselt Tarneaeg 4-10 n\u00e4dalat Tarnitakse detailidena<\/p>\n","protected":false},"featured_media":459108,"template":"","meta":[],"product_brand":[],"product_cat":[2393,2353,2388],"product_tag":[],"class_list":{"0":"post-459107","1":"product","2":"type-product","3":"status-publish","4":"has-post-thumbnail","6":"product_cat-servtable","7":"product_cat-shop","8":"product_cat-chairs","9":"pa_color-tamm","10":"pa_height-3040","11":"pa_height_range-h-50","12":"pa_length-2695","13":"pa_length_range-l-50-100","14":"pa_manufacturer-brw","15":"pa_material-moobliplaat","16":"pa_width-2583","17":"pa_width_range-w-50-100","19":"first","20":"instock","21":"sale","22":"taxable","23":"shipping-taxable","24":"purchasable","25":"product-type-simple"},"yoast_head":"<!-- This site is optimized with the Yoast SEO plugin v26.2 - https:\/\/yoast.com\/wordpress\/plugins\/seo\/ -->\n<title>Diivanilaud FORN 90x60 cm tamm delano\/must matt - Welle<\/title>\n<meta name=\"robots\" content=\"index, follow, max-snippet:-1, max-image-preview:large, max-video-preview:-1\" \/>\n<link rel=\"canonical\" href=\"https:\/\/welle.ee\/ee\/riidekapp-forn-180-cm-valge-korglaige-4\/\" \/>\n<meta property=\"og:locale\" content=\"en_US\" \/>\n<meta property=\"og:type\" content=\"article\" \/>\n<meta property=\"og:title\" content=\"Diivanilaud FORN 90x60 cm tamm delano\/must matt - Welle\" \/>\n<meta property=\"og:description\" content=\"Valmistatud lamineeritud m\u00f6\u00f6bliplaadist 1 sahtel Sulgub vaikselt Tarneaeg 4-10 n\u00e4dalat Tarnitakse detailidena\" \/>\n<meta property=\"og:url\" content=\"https:\/\/welle.ee\/ee\/riidekapp-forn-180-cm-valge-korglaige-4\/\" \/>\n<meta property=\"og:site_name\" content=\"Welle\" \/>\n<meta property=\"article:modified_time\" content=\"2025-11-03T17:17:02+00:00\" \/>\n<meta property=\"og:image\" content=\"https:\/\/welle.ee\/wp-content\/uploads\/2025\/08\/lawa-forn-90x60-z-szuflada-dab-delano-ciemny-czarny-mat-slargeb.jpg\" \/>\n\t<meta property=\"og:image:width\" content=\"798\" \/>\n\t<meta property=\"og:image:height\" content=\"600\" \/>\n\t<meta property=\"og:image:type\" content=\"image\/jpeg\" \/>\n<meta name=\"twitter:card\" content=\"summary_large_image\" \/>\n<script type=\"application\/ld+json\" class=\"yoast-schema-graph\">{\"@context\":\"https:\/\/schema.org\",\"@graph\":[{\"@type\":\"WebPage\",\"@id\":\"https:\/\/welle.ee\/ee\/riidekapp-forn-180-cm-valge-korglaige-4\/\",\"url\":\"https:\/\/welle.ee\/ee\/riidekapp-forn-180-cm-valge-korglaige-4\/\",\"name\":\"Diivanilaud FORN 90x60 cm tamm delano\/must matt - Welle\",\"isPartOf\":{\"@id\":\"https:\/\/welle.ee\/ee\/#website\"},\"primaryImageOfPage\":{\"@id\":\"https:\/\/welle.ee\/ee\/riidekapp-forn-180-cm-valge-korglaige-4\/#primaryimage\"},\"image\":{\"@id\":\"https:\/\/welle.ee\/ee\/riidekapp-forn-180-cm-valge-korglaige-4\/#primaryimage\"},\"thumbnailUrl\":\"https:\/\/welle.ee\/wp-content\/uploads\/2025\/08\/lawa-forn-90x60-z-szuflada-dab-delano-ciemny-czarny-mat-slargeb.jpg\",\"datePublished\":\"2025-10-06T09:17:12+00:00\",\"dateModified\":\"2025-11-03T17:17:02+00:00\",\"breadcrumb\":{\"@id\":\"https:\/\/welle.ee\/ee\/riidekapp-forn-180-cm-valge-korglaige-4\/#breadcrumb\"},\"inLanguage\":\"ee\",\"potentialAction\":[{\"@type\":\"ReadAction\",\"target\":[\"https:\/\/welle.ee\/ee\/riidekapp-forn-180-cm-valge-korglaige-4\/\"]}]},{\"@type\":\"ImageObject\",\"inLanguage\":\"ee\",\"@id\":\"https:\/\/welle.ee\/ee\/riidekapp-forn-180-cm-valge-korglaige-4\/#primaryimage\",\"url\":\"https:\/\/welle.ee\/wp-content\/uploads\/2025\/08\/lawa-forn-90x60-z-szuflada-dab-delano-ciemny-czarny-mat-slargeb.jpg\",\"contentUrl\":\"https:\/\/welle.ee\/wp-content\/uploads\/2025\/08\/lawa-forn-90x60-z-szuflada-dab-delano-ciemny-czarny-mat-slargeb.jpg\",\"width\":798,\"height\":600},{\"@type\":\"BreadcrumbList\",\"@id\":\"https:\/\/welle.ee\/ee\/riidekapp-forn-180-cm-valge-korglaige-4\/#breadcrumb\",\"itemListElement\":[{\"@type\":\"ListItem\",\"position\":1,\"name\":\"\u0413\u043b\u0430\u0432\u043d\u0430\u044f \u0441\u0442\u0440\u0430\u043d\u0438\u0446\u0430\",\"item\":\"https:\/\/welle.ee\/ee\/\"},{\"@type\":\"ListItem\",\"position\":2,\"name\":\"Tooted\",\"item\":\"https:\/\/welle.ee\/ee\/tooted\/\"},{\"@type\":\"ListItem\",\"position\":3,\"name\":\"Diivanilaud FORN 90&#215;60 cm tamm delano\/must matt\"}]},{\"@type\":\"WebSite\",\"@id\":\"https:\/\/welle.ee\/ee\/#website\",\"url\":\"https:\/\/welle.ee\/ee\/\",\"name\":\"Welle\",\"description\":\"\",\"potentialAction\":[{\"@type\":\"SearchAction\",\"target\":{\"@type\":\"EntryPoint\",\"urlTemplate\":\"https:\/\/welle.ee\/ee\/?s={search_term_string}\"},\"query-input\":{\"@type\":\"PropertyValueSpecification\",\"valueRequired\":true,\"valueName\":\"search_term_string\"}}],\"inLanguage\":\"ee\"}]}<\/script>\n<!-- \/ Yoast SEO plugin. -->","yoast_head_json":{"title":"Diivanilaud FORN 90x60 cm tamm delano\/must matt - Welle","robots":{"index":"index","follow":"follow","max-snippet":"max-snippet:-1","max-image-preview":"max-image-preview:large","max-video-preview":"max-video-preview:-1"},"canonical":"https:\/\/welle.ee\/ee\/riidekapp-forn-180-cm-valge-korglaige-4\/","og_locale":"en_US","og_type":"article","og_title":"Diivanilaud FORN 90x60 cm tamm delano\/must matt - Welle","og_description":"Valmistatud lamineeritud m\u00f6\u00f6bliplaadist 1 sahtel Sulgub vaikselt Tarneaeg 4-10 n\u00e4dalat Tarnitakse detailidena","og_url":"https:\/\/welle.ee\/ee\/riidekapp-forn-180-cm-valge-korglaige-4\/","og_site_name":"Welle","article_modified_time":"2025-11-03T17:17:02+00:00","og_image":[{"width":798,"height":600,"url":"https:\/\/welle.ee\/wp-content\/uploads\/2025\/08\/lawa-forn-90x60-z-szuflada-dab-delano-ciemny-czarny-mat-slargeb.jpg","type":"image\/jpeg"}],"twitter_card":"summary_large_image","schema":{"@context":"https:\/\/schema.org","@graph":[{"@type":"WebPage","@id":"https:\/\/welle.ee\/ee\/riidekapp-forn-180-cm-valge-korglaige-4\/","url":"https:\/\/welle.ee\/ee\/riidekapp-forn-180-cm-valge-korglaige-4\/","name":"Diivanilaud FORN 90x60 cm tamm delano\/must matt - Welle","isPartOf":{"@id":"https:\/\/welle.ee\/ee\/#website"},"primaryImageOfPage":{"@id":"https:\/\/welle.ee\/ee\/riidekapp-forn-180-cm-valge-korglaige-4\/#primaryimage"},"image":{"@id":"https:\/\/welle.ee\/ee\/riidekapp-forn-180-cm-valge-korglaige-4\/#primaryimage"},"thumbnailUrl":"https:\/\/welle.ee\/wp-content\/uploads\/2025\/08\/lawa-forn-90x60-z-szuflada-dab-delano-ciemny-czarny-mat-slargeb.jpg","datePublished":"2025-10-06T09:17:12+00:00","dateModified":"2025-11-03T17:17:02+00:00","breadcrumb":{"@id":"https:\/\/welle.ee\/ee\/riidekapp-forn-180-cm-valge-korglaige-4\/#breadcrumb"},"inLanguage":"ee","potentialAction":[{"@type":"ReadAction","target":["https:\/\/welle.ee\/ee\/riidekapp-forn-180-cm-valge-korglaige-4\/"]}]},{"@type":"ImageObject","inLanguage":"ee","@id":"https:\/\/welle.ee\/ee\/riidekapp-forn-180-cm-valge-korglaige-4\/#primaryimage","url":"https:\/\/welle.ee\/wp-content\/uploads\/2025\/08\/lawa-forn-90x60-z-szuflada-dab-delano-ciemny-czarny-mat-slargeb.jpg","contentUrl":"https:\/\/welle.ee\/wp-content\/uploads\/2025\/08\/lawa-forn-90x60-z-szuflada-dab-delano-ciemny-czarny-mat-slargeb.jpg","width":798,"height":600},{"@type":"BreadcrumbList","@id":"https:\/\/welle.ee\/ee\/riidekapp-forn-180-cm-valge-korglaige-4\/#breadcrumb","itemListElement":[{"@type":"ListItem","position":1,"name":"\u0413\u043b\u0430\u0432\u043d\u0430\u044f \u0441\u0442\u0440\u0430\u043d\u0438\u0446\u0430","item":"https:\/\/welle.ee\/ee\/"},{"@type":"ListItem","position":2,"name":"Tooted","item":"https:\/\/welle.ee\/ee\/tooted\/"},{"@type":"ListItem","position":3,"name":"Diivanilaud FORN 90&#215;60 cm tamm delano\/must matt"}]},{"@type":"WebSite","@id":"https:\/\/welle.ee\/ee\/#website","url":"https:\/\/welle.ee\/ee\/","name":"Welle","description":"","potentialAction":[{"@type":"SearchAction","target":{"@type":"EntryPoint","urlTemplate":"https:\/\/welle.ee\/ee\/?s={search_term_string}"},"query-input":{"@type":"PropertyValueSpecification","valueRequired":true,"valueName":"search_term_string"}}],"inLanguage":"ee"}]}},"_links":{"self":[{"href":"https:\/\/welle.ee\/ee\/wp-json\/wp\/v2\/product\/459107","targetHints":{"allow":["GET"]}}],"collection":[{"href":"https:\/\/welle.ee\/ee\/wp-json\/wp\/v2\/product"}],"about":[{"href":"https:\/\/welle.ee\/ee\/wp-json\/wp\/v2\/types\/product"}],"version-history":[{"count":1,"href":"https:\/\/welle.ee\/ee\/wp-json\/wp\/v2\/product\/459107\/revisions"}],"predecessor-version":[{"id":484895,"href":"https:\/\/welle.ee\/ee\/wp-json\/wp\/v2\/product\/459107\/revisions\/484895"}],"wp:featuredmedia":[{"embeddable":true,"href":"https:\/\/welle.ee\/ee\/wp-json\/wp\/v2\/media\/459108"}],"wp:attachment":[{"href":"https:\/\/welle.ee\/ee\/wp-json\/wp\/v2\/media?parent=459107"}],"wp:term":[{"taxonomy":"product_brand","embeddable":true,"href":"https:\/\/welle.ee\/ee\/wp-json\/wp\/v2\/product_brand?post=459107"},{"taxonomy":"product_cat","embeddable":true,"href":"https:\/\/welle.ee\/ee\/wp-json\/wp\/v2\/product_cat?post=459107"},{"taxonomy":"product_tag","embeddable":true,"href":"https:\/\/welle.ee\/ee\/wp-json\/wp\/v2\/product_tag?post=459107"}],"curies":[{"name":"wp","href":"https:\/\/api.w.org\/{rel}","templated":true}]}}