{"id":460869,"date":"2025-08-21T13:30:21","date_gmt":"2025-08-21T13:30:21","guid":{"rendered":"https:\/\/wellefurniture.eu\/kappriiul-cross-249wmy88-valge-3\/"},"modified":"2025-10-06T08:43:03","modified_gmt":"2025-10-06T08:43:03","slug":"kappriiul-cross-249wmy88-valge-3","status":"publish","type":"product","link":"https:\/\/welle.ee\/ee\/kappriiul-cross-249wmy88-valge-3\/","title":{"rendered":"Kappriiul CROSS 24GWMY88 roheline"},"content":{"rendered":"<div data-content-type=\"html\" data-appearance=\"default\" data-element=\"main\">\n<ul>\n<li>Valmistatud k\u00f5rgkvaliteetsest lamineeritud m\u00f6\u00f6bliplaadist<\/li>\n<li>3 ust, sees riiulid<\/li>\n<li>Viimistlus: roheline\/must<\/li>\n<li>Tarneaeg 4-8 n\u00e4dalat<\/li>\n<li>Tarnitakse detailidena<\/li>\n<\/ul>\n<\/div>\n","protected":false},"excerpt":{"rendered":"<p>Valmistatud k\u00f5rgkvaliteetsest lamineeritud m\u00f6\u00f6bliplaadist 3 ust, sees riiulid Viimistlus: roheline\/must Tarneaeg 4-8 n\u00e4dalat Tarnitakse detailidena<\/p>\n","protected":false},"featured_media":460870,"template":"","meta":[],"product_brand":[],"product_cat":[2349,2372,2343,9186,2361,2353,3592,2360],"product_tag":[],"class_list":{"0":"post-460869","1":"product","2":"type-product","3":"status-publish","4":"has-post-thumbnail","6":"product_cat-livroom","7":"product_cat-rack","8":"product_cat-shelves","9":"product_cat-kapid-riiulid-hoiukastid","10":"product_cat-kappriiulid","11":"product_cat-shop","12":"product_cat-leiunurk","13":"product_cat-shelf","14":"pa_color-green","15":"pa_height-8445","16":"pa_height_range-h-151-200","17":"pa_length-7027","18":"pa_length_range-l-50-100","19":"pa_manufacturer-helvetia-meble","20":"pa_material-moobliplaat","21":"pa_width-2472","22":"pa_width_range-w-50","24":"first","25":"instock","26":"taxable","27":"shipping-taxable","28":"purchasable","29":"product-type-simple"},"yoast_head":"<!-- This site is optimized with the Yoast SEO plugin v26.2 - https:\/\/yoast.com\/wordpress\/plugins\/seo\/ -->\n<title>Kappriiul CROSS 24GWMY88 roheline - Welle<\/title>\n<meta name=\"robots\" content=\"index, follow, max-snippet:-1, max-image-preview:large, max-video-preview:-1\" \/>\n<link rel=\"canonical\" href=\"https:\/\/welle.ee\/ee\/kappriiul-cross-249wmy88-valge-3\/\" \/>\n<meta property=\"og:locale\" content=\"en_US\" \/>\n<meta property=\"og:type\" content=\"article\" \/>\n<meta property=\"og:title\" content=\"Kappriiul CROSS 24GWMY88 roheline - Welle\" \/>\n<meta property=\"og:description\" content=\"Valmistatud k\u00f5rgkvaliteetsest lamineeritud m\u00f6\u00f6bliplaadist 3 ust, sees riiulid Viimistlus: roheline\/must Tarneaeg 4-8 n\u00e4dalat Tarnitakse detailidena\" \/>\n<meta property=\"og:url\" content=\"https:\/\/welle.ee\/ee\/kappriiul-cross-249wmy88-valge-3\/\" \/>\n<meta property=\"og:site_name\" content=\"Welle\" \/>\n<meta property=\"article:modified_time\" content=\"2025-10-06T08:43:03+00:00\" \/>\n<meta property=\"og:image\" content=\"https:\/\/welle.ee\/wp-content\/uploads\/2025\/08\/cross_24gwm88_1.jpg\" \/>\n\t<meta property=\"og:image:width\" content=\"760\" \/>\n\t<meta property=\"og:image:height\" content=\"1200\" \/>\n\t<meta property=\"og:image:type\" content=\"image\/jpeg\" \/>\n<meta name=\"twitter:card\" content=\"summary_large_image\" \/>\n<script type=\"application\/ld+json\" class=\"yoast-schema-graph\">{\"@context\":\"https:\/\/schema.org\",\"@graph\":[{\"@type\":\"WebPage\",\"@id\":\"https:\/\/welle.ee\/ee\/kappriiul-cross-249wmy88-valge-3\/\",\"url\":\"https:\/\/welle.ee\/ee\/kappriiul-cross-249wmy88-valge-3\/\",\"name\":\"Kappriiul CROSS 24GWMY88 roheline - Welle\",\"isPartOf\":{\"@id\":\"https:\/\/welle.ee\/ee\/#website\"},\"primaryImageOfPage\":{\"@id\":\"https:\/\/welle.ee\/ee\/kappriiul-cross-249wmy88-valge-3\/#primaryimage\"},\"image\":{\"@id\":\"https:\/\/welle.ee\/ee\/kappriiul-cross-249wmy88-valge-3\/#primaryimage\"},\"thumbnailUrl\":\"https:\/\/welle.ee\/wp-content\/uploads\/2025\/08\/cross_24gwm88_1.jpg\",\"datePublished\":\"2025-08-21T13:30:21+00:00\",\"dateModified\":\"2025-10-06T08:43:03+00:00\",\"breadcrumb\":{\"@id\":\"https:\/\/welle.ee\/ee\/kappriiul-cross-249wmy88-valge-3\/#breadcrumb\"},\"inLanguage\":\"ee\",\"potentialAction\":[{\"@type\":\"ReadAction\",\"target\":[\"https:\/\/welle.ee\/ee\/kappriiul-cross-249wmy88-valge-3\/\"]}]},{\"@type\":\"ImageObject\",\"inLanguage\":\"ee\",\"@id\":\"https:\/\/welle.ee\/ee\/kappriiul-cross-249wmy88-valge-3\/#primaryimage\",\"url\":\"https:\/\/welle.ee\/wp-content\/uploads\/2025\/08\/cross_24gwm88_1.jpg\",\"contentUrl\":\"https:\/\/welle.ee\/wp-content\/uploads\/2025\/08\/cross_24gwm88_1.jpg\",\"width\":760,\"height\":1200},{\"@type\":\"BreadcrumbList\",\"@id\":\"https:\/\/welle.ee\/ee\/kappriiul-cross-249wmy88-valge-3\/#breadcrumb\",\"itemListElement\":[{\"@type\":\"ListItem\",\"position\":1,\"name\":\"\u0413\u043b\u0430\u0432\u043d\u0430\u044f \u0441\u0442\u0440\u0430\u043d\u0438\u0446\u0430\",\"item\":\"https:\/\/welle.ee\/ee\/\"},{\"@type\":\"ListItem\",\"position\":2,\"name\":\"Tooted\",\"item\":\"https:\/\/welle.ee\/ee\/tooted\/\"},{\"@type\":\"ListItem\",\"position\":3,\"name\":\"Kappriiul CROSS 24GWMY88 roheline\"}]},{\"@type\":\"WebSite\",\"@id\":\"https:\/\/welle.ee\/ee\/#website\",\"url\":\"https:\/\/welle.ee\/ee\/\",\"name\":\"Welle\",\"description\":\"\",\"potentialAction\":[{\"@type\":\"SearchAction\",\"target\":{\"@type\":\"EntryPoint\",\"urlTemplate\":\"https:\/\/welle.ee\/ee\/?s={search_term_string}\"},\"query-input\":{\"@type\":\"PropertyValueSpecification\",\"valueRequired\":true,\"valueName\":\"search_term_string\"}}],\"inLanguage\":\"ee\"}]}<\/script>\n<!-- \/ Yoast SEO plugin. -->","yoast_head_json":{"title":"Kappriiul CROSS 24GWMY88 roheline - Welle","robots":{"index":"index","follow":"follow","max-snippet":"max-snippet:-1","max-image-preview":"max-image-preview:large","max-video-preview":"max-video-preview:-1"},"canonical":"https:\/\/welle.ee\/ee\/kappriiul-cross-249wmy88-valge-3\/","og_locale":"en_US","og_type":"article","og_title":"Kappriiul CROSS 24GWMY88 roheline - Welle","og_description":"Valmistatud k\u00f5rgkvaliteetsest lamineeritud m\u00f6\u00f6bliplaadist 3 ust, sees riiulid Viimistlus: roheline\/must Tarneaeg 4-8 n\u00e4dalat Tarnitakse detailidena","og_url":"https:\/\/welle.ee\/ee\/kappriiul-cross-249wmy88-valge-3\/","og_site_name":"Welle","article_modified_time":"2025-10-06T08:43:03+00:00","og_image":[{"width":760,"height":1200,"url":"https:\/\/welle.ee\/wp-content\/uploads\/2025\/08\/cross_24gwm88_1.jpg","type":"image\/jpeg"}],"twitter_card":"summary_large_image","schema":{"@context":"https:\/\/schema.org","@graph":[{"@type":"WebPage","@id":"https:\/\/welle.ee\/ee\/kappriiul-cross-249wmy88-valge-3\/","url":"https:\/\/welle.ee\/ee\/kappriiul-cross-249wmy88-valge-3\/","name":"Kappriiul CROSS 24GWMY88 roheline - Welle","isPartOf":{"@id":"https:\/\/welle.ee\/ee\/#website"},"primaryImageOfPage":{"@id":"https:\/\/welle.ee\/ee\/kappriiul-cross-249wmy88-valge-3\/#primaryimage"},"image":{"@id":"https:\/\/welle.ee\/ee\/kappriiul-cross-249wmy88-valge-3\/#primaryimage"},"thumbnailUrl":"https:\/\/welle.ee\/wp-content\/uploads\/2025\/08\/cross_24gwm88_1.jpg","datePublished":"2025-08-21T13:30:21+00:00","dateModified":"2025-10-06T08:43:03+00:00","breadcrumb":{"@id":"https:\/\/welle.ee\/ee\/kappriiul-cross-249wmy88-valge-3\/#breadcrumb"},"inLanguage":"ee","potentialAction":[{"@type":"ReadAction","target":["https:\/\/welle.ee\/ee\/kappriiul-cross-249wmy88-valge-3\/"]}]},{"@type":"ImageObject","inLanguage":"ee","@id":"https:\/\/welle.ee\/ee\/kappriiul-cross-249wmy88-valge-3\/#primaryimage","url":"https:\/\/welle.ee\/wp-content\/uploads\/2025\/08\/cross_24gwm88_1.jpg","contentUrl":"https:\/\/welle.ee\/wp-content\/uploads\/2025\/08\/cross_24gwm88_1.jpg","width":760,"height":1200},{"@type":"BreadcrumbList","@id":"https:\/\/welle.ee\/ee\/kappriiul-cross-249wmy88-valge-3\/#breadcrumb","itemListElement":[{"@type":"ListItem","position":1,"name":"\u0413\u043b\u0430\u0432\u043d\u0430\u044f \u0441\u0442\u0440\u0430\u043d\u0438\u0446\u0430","item":"https:\/\/welle.ee\/ee\/"},{"@type":"ListItem","position":2,"name":"Tooted","item":"https:\/\/welle.ee\/ee\/tooted\/"},{"@type":"ListItem","position":3,"name":"Kappriiul CROSS 24GWMY88 roheline"}]},{"@type":"WebSite","@id":"https:\/\/welle.ee\/ee\/#website","url":"https:\/\/welle.ee\/ee\/","name":"Welle","description":"","potentialAction":[{"@type":"SearchAction","target":{"@type":"EntryPoint","urlTemplate":"https:\/\/welle.ee\/ee\/?s={search_term_string}"},"query-input":{"@type":"PropertyValueSpecification","valueRequired":true,"valueName":"search_term_string"}}],"inLanguage":"ee"}]}},"_links":{"self":[{"href":"https:\/\/welle.ee\/ee\/wp-json\/wp\/v2\/product\/460869","targetHints":{"allow":["GET"]}}],"collection":[{"href":"https:\/\/welle.ee\/ee\/wp-json\/wp\/v2\/product"}],"about":[{"href":"https:\/\/welle.ee\/ee\/wp-json\/wp\/v2\/types\/product"}],"version-history":[{"count":1,"href":"https:\/\/welle.ee\/ee\/wp-json\/wp\/v2\/product\/460869\/revisions"}],"predecessor-version":[{"id":485055,"href":"https:\/\/welle.ee\/ee\/wp-json\/wp\/v2\/product\/460869\/revisions\/485055"}],"wp:featuredmedia":[{"embeddable":true,"href":"https:\/\/welle.ee\/ee\/wp-json\/wp\/v2\/media\/460870"}],"wp:attachment":[{"href":"https:\/\/welle.ee\/ee\/wp-json\/wp\/v2\/media?parent=460869"}],"wp:term":[{"taxonomy":"product_brand","embeddable":true,"href":"https:\/\/welle.ee\/ee\/wp-json\/wp\/v2\/product_brand?post=460869"},{"taxonomy":"product_cat","embeddable":true,"href":"https:\/\/welle.ee\/ee\/wp-json\/wp\/v2\/product_cat?post=460869"},{"taxonomy":"product_tag","embeddable":true,"href":"https:\/\/welle.ee\/ee\/wp-json\/wp\/v2\/product_tag?post=460869"}],"curies":[{"name":"wp","href":"https:\/\/api.w.org\/{rel}","templated":true}]}}