{"id":462214,"date":"2025-08-21T13:32:19","date_gmt":"2025-08-21T13:32:19","guid":{"rendered":"https:\/\/wellefurniture.eu\/poorlev-tool-wing-brego-31-helebeez-2\/"},"modified":"2026-02-20T23:01:55","modified_gmt":"2026-02-20T23:01:55","slug":"poorlev-tool-wing-brego-31-helebeez-2","status":"publish","type":"product","link":"https:\/\/welle.ee\/ee\/poorlev-tool-wing-brego-31-helebeez-2\/","title":{"rendered":"P\u00f6\u00f6rlev tool WING Brego 07 hall"},"content":{"rendered":"<div data-content-type=\"html\" data-appearance=\"default\" data-element=\"main\">\n<ul>\n<li>Tooli raam on musta v\u00e4rvi metallist<\/li>\n<li>Iste ja seljatugi on kaetud kangaga<\/li>\n<li>Istme k\u00f5rgus 45 cm<\/li>\n<li>Tooli istmes on POCKET vedrus\u00fcsteem<\/li>\n<li>Iste p\u00f6\u00f6rleb 180\u00b0, automaatse tagasip\u00f6\u00f6rde funktsiooniga<\/li>\n<li>Tarnitakse detailidena<\/li>\n<\/ul>\n<\/div>\n","protected":false},"excerpt":{"rendered":"<p>Tooli raam on musta v\u00e4rvi metallist Iste ja seljatugi on kaetud kangaga Istme k\u00f5rgus 45 cm Tooli istmes on POCKET<\/p>\n","protected":false},"featured_media":462215,"template":"","meta":[],"product_brand":[],"product_cat":[2353,2388,3593,3592,2407,2405],"product_tag":[],"class_list":{"0":"post-462214","1":"product","2":"type-product","3":"status-publish","4":"has-post-thumbnail","6":"product_cat-shop","7":"product_cat-chairs","8":"product_cat-lauad-ja-toolid","9":"product_cat-leiunurk","10":"product_cat-poorlevad-toolid","11":"product_cat-toolid","12":"pa_color-grey","13":"pa_height-2636","14":"pa_height_range-h-50","15":"pa_length-2925","16":"pa_length_range-l-50-100","17":"pa_manufacturer-signal","18":"pa_material-fabric","19":"pa_width-2699","20":"pa_width_range-w-50-100","22":"first","23":"instock","24":"sale","25":"taxable","26":"shipping-taxable","27":"purchasable","28":"product-type-simple"},"yoast_head":"<!-- This site is optimized with the Yoast SEO plugin v26.2 - https:\/\/yoast.com\/wordpress\/plugins\/seo\/ -->\n<title>P\u00f6\u00f6rlev tool WING Brego 07 hall - Welle<\/title>\n<meta name=\"robots\" content=\"index, follow, max-snippet:-1, max-image-preview:large, max-video-preview:-1\" \/>\n<link rel=\"canonical\" href=\"https:\/\/welle.ee\/ee\/poorlev-tool-wing-brego-31-helebeez-2\/\" \/>\n<meta property=\"og:locale\" content=\"en_US\" \/>\n<meta property=\"og:type\" content=\"article\" \/>\n<meta property=\"og:title\" content=\"P\u00f6\u00f6rlev tool WING Brego 07 hall - Welle\" \/>\n<meta property=\"og:description\" content=\"Tooli raam on musta v\u00e4rvi metallist Iste ja seljatugi on kaetud kangaga Istme k\u00f5rgus 45 cm Tooli istmes on POCKET\" \/>\n<meta property=\"og:url\" content=\"https:\/\/welle.ee\/ee\/poorlev-tool-wing-brego-31-helebeez-2\/\" \/>\n<meta property=\"og:site_name\" content=\"Welle\" \/>\n<meta property=\"article:modified_time\" content=\"2026-02-20T23:01:55+00:00\" \/>\n<meta property=\"og:image\" content=\"https:\/\/welle.ee\/wp-content\/uploads\/2025\/08\/screenshot_2025-03-10_092002.jpg\" \/>\n\t<meta property=\"og:image:width\" content=\"912\" \/>\n\t<meta property=\"og:image:height\" content=\"626\" \/>\n\t<meta property=\"og:image:type\" content=\"image\/jpeg\" \/>\n<meta name=\"twitter:card\" content=\"summary_large_image\" \/>\n<script type=\"application\/ld+json\" class=\"yoast-schema-graph\">{\"@context\":\"https:\/\/schema.org\",\"@graph\":[{\"@type\":\"WebPage\",\"@id\":\"https:\/\/welle.ee\/ee\/poorlev-tool-wing-brego-31-helebeez-2\/\",\"url\":\"https:\/\/welle.ee\/ee\/poorlev-tool-wing-brego-31-helebeez-2\/\",\"name\":\"P\u00f6\u00f6rlev tool WING Brego 07 hall - Welle\",\"isPartOf\":{\"@id\":\"https:\/\/welle.ee\/ee\/#website\"},\"primaryImageOfPage\":{\"@id\":\"https:\/\/welle.ee\/ee\/poorlev-tool-wing-brego-31-helebeez-2\/#primaryimage\"},\"image\":{\"@id\":\"https:\/\/welle.ee\/ee\/poorlev-tool-wing-brego-31-helebeez-2\/#primaryimage\"},\"thumbnailUrl\":\"https:\/\/welle.ee\/wp-content\/uploads\/2025\/08\/screenshot_2025-03-10_092002.jpg\",\"datePublished\":\"2025-08-21T13:32:19+00:00\",\"dateModified\":\"2026-02-20T23:01:55+00:00\",\"breadcrumb\":{\"@id\":\"https:\/\/welle.ee\/ee\/poorlev-tool-wing-brego-31-helebeez-2\/#breadcrumb\"},\"inLanguage\":\"ee\",\"potentialAction\":[{\"@type\":\"ReadAction\",\"target\":[\"https:\/\/welle.ee\/ee\/poorlev-tool-wing-brego-31-helebeez-2\/\"]}]},{\"@type\":\"ImageObject\",\"inLanguage\":\"ee\",\"@id\":\"https:\/\/welle.ee\/ee\/poorlev-tool-wing-brego-31-helebeez-2\/#primaryimage\",\"url\":\"https:\/\/welle.ee\/wp-content\/uploads\/2025\/08\/screenshot_2025-03-10_092002.jpg\",\"contentUrl\":\"https:\/\/welle.ee\/wp-content\/uploads\/2025\/08\/screenshot_2025-03-10_092002.jpg\",\"width\":912,\"height\":626},{\"@type\":\"BreadcrumbList\",\"@id\":\"https:\/\/welle.ee\/ee\/poorlev-tool-wing-brego-31-helebeez-2\/#breadcrumb\",\"itemListElement\":[{\"@type\":\"ListItem\",\"position\":1,\"name\":\"\u0413\u043b\u0430\u0432\u043d\u0430\u044f \u0441\u0442\u0440\u0430\u043d\u0438\u0446\u0430\",\"item\":\"https:\/\/welle.ee\/ee\/\"},{\"@type\":\"ListItem\",\"position\":2,\"name\":\"Tooted\",\"item\":\"https:\/\/welle.ee\/ee\/tooted\/\"},{\"@type\":\"ListItem\",\"position\":3,\"name\":\"P\u00f6\u00f6rlev tool WING Brego 07 hall\"}]},{\"@type\":\"WebSite\",\"@id\":\"https:\/\/welle.ee\/ee\/#website\",\"url\":\"https:\/\/welle.ee\/ee\/\",\"name\":\"Welle\",\"description\":\"\",\"potentialAction\":[{\"@type\":\"SearchAction\",\"target\":{\"@type\":\"EntryPoint\",\"urlTemplate\":\"https:\/\/welle.ee\/ee\/?s={search_term_string}\"},\"query-input\":{\"@type\":\"PropertyValueSpecification\",\"valueRequired\":true,\"valueName\":\"search_term_string\"}}],\"inLanguage\":\"ee\"}]}<\/script>\n<!-- \/ Yoast SEO plugin. -->","yoast_head_json":{"title":"P\u00f6\u00f6rlev tool WING Brego 07 hall - Welle","robots":{"index":"index","follow":"follow","max-snippet":"max-snippet:-1","max-image-preview":"max-image-preview:large","max-video-preview":"max-video-preview:-1"},"canonical":"https:\/\/welle.ee\/ee\/poorlev-tool-wing-brego-31-helebeez-2\/","og_locale":"en_US","og_type":"article","og_title":"P\u00f6\u00f6rlev tool WING Brego 07 hall - Welle","og_description":"Tooli raam on musta v\u00e4rvi metallist Iste ja seljatugi on kaetud kangaga Istme k\u00f5rgus 45 cm Tooli istmes on POCKET","og_url":"https:\/\/welle.ee\/ee\/poorlev-tool-wing-brego-31-helebeez-2\/","og_site_name":"Welle","article_modified_time":"2026-02-20T23:01:55+00:00","og_image":[{"width":912,"height":626,"url":"https:\/\/welle.ee\/wp-content\/uploads\/2025\/08\/screenshot_2025-03-10_092002.jpg","type":"image\/jpeg"}],"twitter_card":"summary_large_image","schema":{"@context":"https:\/\/schema.org","@graph":[{"@type":"WebPage","@id":"https:\/\/welle.ee\/ee\/poorlev-tool-wing-brego-31-helebeez-2\/","url":"https:\/\/welle.ee\/ee\/poorlev-tool-wing-brego-31-helebeez-2\/","name":"P\u00f6\u00f6rlev tool WING Brego 07 hall - Welle","isPartOf":{"@id":"https:\/\/welle.ee\/ee\/#website"},"primaryImageOfPage":{"@id":"https:\/\/welle.ee\/ee\/poorlev-tool-wing-brego-31-helebeez-2\/#primaryimage"},"image":{"@id":"https:\/\/welle.ee\/ee\/poorlev-tool-wing-brego-31-helebeez-2\/#primaryimage"},"thumbnailUrl":"https:\/\/welle.ee\/wp-content\/uploads\/2025\/08\/screenshot_2025-03-10_092002.jpg","datePublished":"2025-08-21T13:32:19+00:00","dateModified":"2026-02-20T23:01:55+00:00","breadcrumb":{"@id":"https:\/\/welle.ee\/ee\/poorlev-tool-wing-brego-31-helebeez-2\/#breadcrumb"},"inLanguage":"ee","potentialAction":[{"@type":"ReadAction","target":["https:\/\/welle.ee\/ee\/poorlev-tool-wing-brego-31-helebeez-2\/"]}]},{"@type":"ImageObject","inLanguage":"ee","@id":"https:\/\/welle.ee\/ee\/poorlev-tool-wing-brego-31-helebeez-2\/#primaryimage","url":"https:\/\/welle.ee\/wp-content\/uploads\/2025\/08\/screenshot_2025-03-10_092002.jpg","contentUrl":"https:\/\/welle.ee\/wp-content\/uploads\/2025\/08\/screenshot_2025-03-10_092002.jpg","width":912,"height":626},{"@type":"BreadcrumbList","@id":"https:\/\/welle.ee\/ee\/poorlev-tool-wing-brego-31-helebeez-2\/#breadcrumb","itemListElement":[{"@type":"ListItem","position":1,"name":"\u0413\u043b\u0430\u0432\u043d\u0430\u044f \u0441\u0442\u0440\u0430\u043d\u0438\u0446\u0430","item":"https:\/\/welle.ee\/ee\/"},{"@type":"ListItem","position":2,"name":"Tooted","item":"https:\/\/welle.ee\/ee\/tooted\/"},{"@type":"ListItem","position":3,"name":"P\u00f6\u00f6rlev tool WING Brego 07 hall"}]},{"@type":"WebSite","@id":"https:\/\/welle.ee\/ee\/#website","url":"https:\/\/welle.ee\/ee\/","name":"Welle","description":"","potentialAction":[{"@type":"SearchAction","target":{"@type":"EntryPoint","urlTemplate":"https:\/\/welle.ee\/ee\/?s={search_term_string}"},"query-input":{"@type":"PropertyValueSpecification","valueRequired":true,"valueName":"search_term_string"}}],"inLanguage":"ee"}]}},"_links":{"self":[{"href":"https:\/\/welle.ee\/ee\/wp-json\/wp\/v2\/product\/462214","targetHints":{"allow":["GET"]}}],"collection":[{"href":"https:\/\/welle.ee\/ee\/wp-json\/wp\/v2\/product"}],"about":[{"href":"https:\/\/welle.ee\/ee\/wp-json\/wp\/v2\/types\/product"}],"version-history":[{"count":1,"href":"https:\/\/welle.ee\/ee\/wp-json\/wp\/v2\/product\/462214\/revisions"}],"predecessor-version":[{"id":485134,"href":"https:\/\/welle.ee\/ee\/wp-json\/wp\/v2\/product\/462214\/revisions\/485134"}],"wp:featuredmedia":[{"embeddable":true,"href":"https:\/\/welle.ee\/ee\/wp-json\/wp\/v2\/media\/462215"}],"wp:attachment":[{"href":"https:\/\/welle.ee\/ee\/wp-json\/wp\/v2\/media?parent=462214"}],"wp:term":[{"taxonomy":"product_brand","embeddable":true,"href":"https:\/\/welle.ee\/ee\/wp-json\/wp\/v2\/product_brand?post=462214"},{"taxonomy":"product_cat","embeddable":true,"href":"https:\/\/welle.ee\/ee\/wp-json\/wp\/v2\/product_cat?post=462214"},{"taxonomy":"product_tag","embeddable":true,"href":"https:\/\/welle.ee\/ee\/wp-json\/wp\/v2\/product_tag?post=462214"}],"curies":[{"name":"wp","href":"https:\/\/api.w.org\/{rel}","templated":true}]}}