{"id":466165,"date":"2025-08-21T13:37:58","date_gmt":"2025-08-21T13:37:58","guid":{"rendered":"https:\/\/wellefurniture.eu\/arvutitool-q-718-must-1\/"},"modified":"2026-03-23T04:00:24","modified_gmt":"2026-03-23T04:00:24","slug":"arvutitool-q-718-must-1","status":"publish","type":"product","link":"https:\/\/welle.ee\/ee\/arvutitool-q-718-must-1\/","title":{"rendered":"Arvutitool Q-718 hall"},"content":{"rendered":"<div data-content-type=\"html\" data-appearance=\"default\" data-element=\"main\">\n<ul>\n<li>Ergonoomiline arvutitool<\/li>\n<li>Iste ja seljatugi on kaetud kangaga\/v\u00f5rkkangaga<\/li>\n<li>Reguleeritavad k\u00e4etoed ja seljatugi<\/li>\n<li>Mehhanism MULTIBLOCK<\/li>\n<li>Kandev\u00f5ime 120 kg<\/li>\n<li>Nailonrattad<\/li>\n<li>Tarnitakse detailidena<\/li>\n<\/ul>\n<\/div>\n","protected":false},"excerpt":{"rendered":"<p>Ergonoomiline arvutitool Iste ja seljatugi on kaetud kangaga\/v\u00f5rkkangaga Reguleeritavad k\u00e4etoed ja seljatugi Mehhanism MULTIBLOCK Kandev\u00f5ime 120 kg Nailonrattad Tarnitakse detailidena<\/p>\n","protected":false},"featured_media":466166,"template":"","meta":[],"product_brand":[],"product_cat":[2353,2394,2388,3592,2436],"product_tag":[],"class_list":{"0":"post-466165","1":"product","2":"type-product","3":"status-publish","4":"has-post-thumbnail","6":"product_cat-shop","7":"product_cat-workchiar","8":"product_cat-chairs","9":"product_cat-leiunurk","10":"product_cat-uued-tooted","11":"pa_color-grey","12":"pa_manufacturer-signal","13":"pa_material-fabric","14":"pa_width_range-w-50-100","16":"first","17":"instock","18":"sale","19":"taxable","20":"shipping-taxable","21":"purchasable","22":"product-type-simple"},"yoast_head":"<!-- This site is optimized with the Yoast SEO plugin v26.2 - https:\/\/yoast.com\/wordpress\/plugins\/seo\/ -->\n<title>Arvutitool Q-718 hall - Welle<\/title>\n<meta name=\"robots\" content=\"index, follow, max-snippet:-1, max-image-preview:large, max-video-preview:-1\" \/>\n<link rel=\"canonical\" href=\"https:\/\/welle.ee\/ee\/arvutitool-q-718-must-1\/\" \/>\n<meta property=\"og:locale\" content=\"en_US\" \/>\n<meta property=\"og:type\" content=\"article\" \/>\n<meta property=\"og:title\" content=\"Arvutitool Q-718 hall - Welle\" \/>\n<meta property=\"og:description\" content=\"Ergonoomiline arvutitool Iste ja seljatugi on kaetud kangaga\/v\u00f5rkkangaga Reguleeritavad k\u00e4etoed ja seljatugi Mehhanism MULTIBLOCK Kandev\u00f5ime 120 kg Nailonrattad Tarnitakse detailidena\" \/>\n<meta property=\"og:url\" content=\"https:\/\/welle.ee\/ee\/arvutitool-q-718-must-1\/\" \/>\n<meta property=\"og:site_name\" content=\"Welle\" \/>\n<meta property=\"article:modified_time\" content=\"2026-03-23T04:00:24+00:00\" \/>\n<meta property=\"og:image\" content=\"https:\/\/welle.ee\/wp-content\/uploads\/2025\/08\/screenshot_2025-04-02_081535.jpg\" \/>\n\t<meta property=\"og:image:width\" content=\"963\" \/>\n\t<meta property=\"og:image:height\" content=\"620\" \/>\n\t<meta property=\"og:image:type\" content=\"image\/jpeg\" \/>\n<meta name=\"twitter:card\" content=\"summary_large_image\" \/>\n<script type=\"application\/ld+json\" class=\"yoast-schema-graph\">{\"@context\":\"https:\/\/schema.org\",\"@graph\":[{\"@type\":\"WebPage\",\"@id\":\"https:\/\/welle.ee\/ee\/arvutitool-q-718-must-1\/\",\"url\":\"https:\/\/welle.ee\/ee\/arvutitool-q-718-must-1\/\",\"name\":\"Arvutitool Q-718 hall - Welle\",\"isPartOf\":{\"@id\":\"https:\/\/welle.ee\/ee\/#website\"},\"primaryImageOfPage\":{\"@id\":\"https:\/\/welle.ee\/ee\/arvutitool-q-718-must-1\/#primaryimage\"},\"image\":{\"@id\":\"https:\/\/welle.ee\/ee\/arvutitool-q-718-must-1\/#primaryimage\"},\"thumbnailUrl\":\"https:\/\/welle.ee\/wp-content\/uploads\/2025\/08\/screenshot_2025-04-02_081535.jpg\",\"datePublished\":\"2025-08-21T13:37:58+00:00\",\"dateModified\":\"2026-03-23T04:00:24+00:00\",\"breadcrumb\":{\"@id\":\"https:\/\/welle.ee\/ee\/arvutitool-q-718-must-1\/#breadcrumb\"},\"inLanguage\":\"ee\",\"potentialAction\":[{\"@type\":\"ReadAction\",\"target\":[\"https:\/\/welle.ee\/ee\/arvutitool-q-718-must-1\/\"]}]},{\"@type\":\"ImageObject\",\"inLanguage\":\"ee\",\"@id\":\"https:\/\/welle.ee\/ee\/arvutitool-q-718-must-1\/#primaryimage\",\"url\":\"https:\/\/welle.ee\/wp-content\/uploads\/2025\/08\/screenshot_2025-04-02_081535.jpg\",\"contentUrl\":\"https:\/\/welle.ee\/wp-content\/uploads\/2025\/08\/screenshot_2025-04-02_081535.jpg\",\"width\":963,\"height\":620},{\"@type\":\"BreadcrumbList\",\"@id\":\"https:\/\/welle.ee\/ee\/arvutitool-q-718-must-1\/#breadcrumb\",\"itemListElement\":[{\"@type\":\"ListItem\",\"position\":1,\"name\":\"\u0413\u043b\u0430\u0432\u043d\u0430\u044f \u0441\u0442\u0440\u0430\u043d\u0438\u0446\u0430\",\"item\":\"https:\/\/welle.ee\/ee\/\"},{\"@type\":\"ListItem\",\"position\":2,\"name\":\"Tooted\",\"item\":\"https:\/\/welle.ee\/ee\/tooted\/\"},{\"@type\":\"ListItem\",\"position\":3,\"name\":\"Arvutitool Q-718 hall\"}]},{\"@type\":\"WebSite\",\"@id\":\"https:\/\/welle.ee\/ee\/#website\",\"url\":\"https:\/\/welle.ee\/ee\/\",\"name\":\"Welle\",\"description\":\"\",\"potentialAction\":[{\"@type\":\"SearchAction\",\"target\":{\"@type\":\"EntryPoint\",\"urlTemplate\":\"https:\/\/welle.ee\/ee\/?s={search_term_string}\"},\"query-input\":{\"@type\":\"PropertyValueSpecification\",\"valueRequired\":true,\"valueName\":\"search_term_string\"}}],\"inLanguage\":\"ee\"}]}<\/script>\n<!-- \/ Yoast SEO plugin. -->","yoast_head_json":{"title":"Arvutitool Q-718 hall - Welle","robots":{"index":"index","follow":"follow","max-snippet":"max-snippet:-1","max-image-preview":"max-image-preview:large","max-video-preview":"max-video-preview:-1"},"canonical":"https:\/\/welle.ee\/ee\/arvutitool-q-718-must-1\/","og_locale":"en_US","og_type":"article","og_title":"Arvutitool Q-718 hall - Welle","og_description":"Ergonoomiline arvutitool Iste ja seljatugi on kaetud kangaga\/v\u00f5rkkangaga Reguleeritavad k\u00e4etoed ja seljatugi Mehhanism MULTIBLOCK Kandev\u00f5ime 120 kg Nailonrattad Tarnitakse detailidena","og_url":"https:\/\/welle.ee\/ee\/arvutitool-q-718-must-1\/","og_site_name":"Welle","article_modified_time":"2026-03-23T04:00:24+00:00","og_image":[{"width":963,"height":620,"url":"https:\/\/welle.ee\/wp-content\/uploads\/2025\/08\/screenshot_2025-04-02_081535.jpg","type":"image\/jpeg"}],"twitter_card":"summary_large_image","schema":{"@context":"https:\/\/schema.org","@graph":[{"@type":"WebPage","@id":"https:\/\/welle.ee\/ee\/arvutitool-q-718-must-1\/","url":"https:\/\/welle.ee\/ee\/arvutitool-q-718-must-1\/","name":"Arvutitool Q-718 hall - Welle","isPartOf":{"@id":"https:\/\/welle.ee\/ee\/#website"},"primaryImageOfPage":{"@id":"https:\/\/welle.ee\/ee\/arvutitool-q-718-must-1\/#primaryimage"},"image":{"@id":"https:\/\/welle.ee\/ee\/arvutitool-q-718-must-1\/#primaryimage"},"thumbnailUrl":"https:\/\/welle.ee\/wp-content\/uploads\/2025\/08\/screenshot_2025-04-02_081535.jpg","datePublished":"2025-08-21T13:37:58+00:00","dateModified":"2026-03-23T04:00:24+00:00","breadcrumb":{"@id":"https:\/\/welle.ee\/ee\/arvutitool-q-718-must-1\/#breadcrumb"},"inLanguage":"ee","potentialAction":[{"@type":"ReadAction","target":["https:\/\/welle.ee\/ee\/arvutitool-q-718-must-1\/"]}]},{"@type":"ImageObject","inLanguage":"ee","@id":"https:\/\/welle.ee\/ee\/arvutitool-q-718-must-1\/#primaryimage","url":"https:\/\/welle.ee\/wp-content\/uploads\/2025\/08\/screenshot_2025-04-02_081535.jpg","contentUrl":"https:\/\/welle.ee\/wp-content\/uploads\/2025\/08\/screenshot_2025-04-02_081535.jpg","width":963,"height":620},{"@type":"BreadcrumbList","@id":"https:\/\/welle.ee\/ee\/arvutitool-q-718-must-1\/#breadcrumb","itemListElement":[{"@type":"ListItem","position":1,"name":"\u0413\u043b\u0430\u0432\u043d\u0430\u044f \u0441\u0442\u0440\u0430\u043d\u0438\u0446\u0430","item":"https:\/\/welle.ee\/ee\/"},{"@type":"ListItem","position":2,"name":"Tooted","item":"https:\/\/welle.ee\/ee\/tooted\/"},{"@type":"ListItem","position":3,"name":"Arvutitool Q-718 hall"}]},{"@type":"WebSite","@id":"https:\/\/welle.ee\/ee\/#website","url":"https:\/\/welle.ee\/ee\/","name":"Welle","description":"","potentialAction":[{"@type":"SearchAction","target":{"@type":"EntryPoint","urlTemplate":"https:\/\/welle.ee\/ee\/?s={search_term_string}"},"query-input":{"@type":"PropertyValueSpecification","valueRequired":true,"valueName":"search_term_string"}}],"inLanguage":"ee"}]}},"_links":{"self":[{"href":"https:\/\/welle.ee\/ee\/wp-json\/wp\/v2\/product\/466165","targetHints":{"allow":["GET"]}}],"collection":[{"href":"https:\/\/welle.ee\/ee\/wp-json\/wp\/v2\/product"}],"about":[{"href":"https:\/\/welle.ee\/ee\/wp-json\/wp\/v2\/types\/product"}],"version-history":[{"count":1,"href":"https:\/\/welle.ee\/ee\/wp-json\/wp\/v2\/product\/466165\/revisions"}],"predecessor-version":[{"id":485431,"href":"https:\/\/welle.ee\/ee\/wp-json\/wp\/v2\/product\/466165\/revisions\/485431"}],"wp:featuredmedia":[{"embeddable":true,"href":"https:\/\/welle.ee\/ee\/wp-json\/wp\/v2\/media\/466166"}],"wp:attachment":[{"href":"https:\/\/welle.ee\/ee\/wp-json\/wp\/v2\/media?parent=466165"}],"wp:term":[{"taxonomy":"product_brand","embeddable":true,"href":"https:\/\/welle.ee\/ee\/wp-json\/wp\/v2\/product_brand?post=466165"},{"taxonomy":"product_cat","embeddable":true,"href":"https:\/\/welle.ee\/ee\/wp-json\/wp\/v2\/product_cat?post=466165"},{"taxonomy":"product_tag","embeddable":true,"href":"https:\/\/welle.ee\/ee\/wp-json\/wp\/v2\/product_tag?post=466165"}],"curies":[{"name":"wp","href":"https:\/\/api.w.org\/{rel}","templated":true}]}}