{"id":467337,"date":"2025-08-21T13:39:51","date_gmt":"2025-08-21T13:39:51","guid":{"rendered":"https:\/\/wellefurniture.eu\/kummut-random-2-km-1-kasmiir-pahkel-9\/"},"modified":"2025-12-29T11:44:27","modified_gmt":"2025-12-29T11:44:27","slug":"kummut-random-2-km-1-kasmiir-pahkel-9","status":"publish","type":"product","link":"https:\/\/welle.ee\/ee\/kummut-random-2-km-1-kasmiir-pahkel-9\/","title":{"rendered":"Seinariiul RANDOM 2 P-2 ka\u0161miir\/p\u00e4hkel"},"content":{"rendered":"<div data-content-type=\"html\" data-appearance=\"default\" data-element=\"main\">\n<ul>\n<li>Valmistatud lamineeritud m\u00f6\u00f6bliplaadist ja MDF-st<\/li>\n<li>Viimistlus: ka\u0161miir\/p\u00e4hkel<\/li>\n<li>Tarnitakse detailidena<\/li>\n<\/ul>\n<\/div>\n","protected":false},"excerpt":{"rendered":"<p>Valmistatud lamineeritud m\u00f6\u00f6bliplaadist ja MDF-st Viimistlus: ka\u0161miir\/p\u00e4hkel Tarnitakse detailidena<\/p>\n","protected":false},"featured_media":467338,"template":"","meta":[],"product_brand":[],"product_cat":[2349,2353,3592,2360,2350,2436],"product_tag":[],"class_list":{"0":"post-467337","1":"product","2":"type-product","3":"status-publish","4":"has-post-thumbnail","6":"product_cat-livroom","7":"product_cat-shop","8":"product_cat-leiunurk","9":"product_cat-shelf","10":"product_cat-seinariiul","11":"product_cat-uued-tooted","12":"pa_color-pahkel","13":"pa_height-3108","14":"pa_height_range-h-50","15":"pa_length-3156","16":"pa_length_range-l-101-150","17":"pa_manufacturer-halmar","18":"pa_material-moobliplaat","19":"pa_width-3107","20":"pa_width_range-w-50","22":"first","23":"instock","24":"sale","25":"taxable","26":"shipping-taxable","27":"purchasable","28":"product-type-simple"},"yoast_head":"<!-- This site is optimized with the Yoast SEO plugin v26.2 - https:\/\/yoast.com\/wordpress\/plugins\/seo\/ -->\n<title>Seinariiul RANDOM 2 P-2 ka\u0161miir\/p\u00e4hkel - Welle<\/title>\n<meta name=\"robots\" content=\"index, follow, max-snippet:-1, max-image-preview:large, max-video-preview:-1\" \/>\n<link rel=\"canonical\" href=\"https:\/\/welle.ee\/ee\/kummut-random-2-km-1-kasmiir-pahkel-9\/\" \/>\n<meta property=\"og:locale\" content=\"en_US\" \/>\n<meta property=\"og:type\" content=\"article\" \/>\n<meta property=\"og:title\" content=\"Seinariiul RANDOM 2 P-2 ka\u0161miir\/p\u00e4hkel - Welle\" \/>\n<meta property=\"og:description\" content=\"Valmistatud lamineeritud m\u00f6\u00f6bliplaadist ja MDF-st Viimistlus: ka\u0161miir\/p\u00e4hkel Tarnitakse detailidena\" \/>\n<meta property=\"og:url\" content=\"https:\/\/welle.ee\/ee\/kummut-random-2-km-1-kasmiir-pahkel-9\/\" \/>\n<meta property=\"og:site_name\" content=\"Welle\" \/>\n<meta property=\"article:modified_time\" content=\"2025-12-29T11:44:27+00:00\" \/>\n<meta property=\"og:image\" content=\"https:\/\/welle.ee\/wp-content\/uploads\/2025\/08\/09695efa5c56cdd185990d671ee78798.jpeg\" \/>\n\t<meta property=\"og:image:width\" content=\"800\" \/>\n\t<meta property=\"og:image:height\" content=\"800\" \/>\n\t<meta property=\"og:image:type\" content=\"image\/jpeg\" \/>\n<meta name=\"twitter:card\" content=\"summary_large_image\" \/>\n<script type=\"application\/ld+json\" class=\"yoast-schema-graph\">{\"@context\":\"https:\/\/schema.org\",\"@graph\":[{\"@type\":\"WebPage\",\"@id\":\"https:\/\/welle.ee\/ee\/kummut-random-2-km-1-kasmiir-pahkel-9\/\",\"url\":\"https:\/\/welle.ee\/ee\/kummut-random-2-km-1-kasmiir-pahkel-9\/\",\"name\":\"Seinariiul RANDOM 2 P-2 ka\u0161miir\/p\u00e4hkel - Welle\",\"isPartOf\":{\"@id\":\"https:\/\/welle.ee\/ee\/#website\"},\"primaryImageOfPage\":{\"@id\":\"https:\/\/welle.ee\/ee\/kummut-random-2-km-1-kasmiir-pahkel-9\/#primaryimage\"},\"image\":{\"@id\":\"https:\/\/welle.ee\/ee\/kummut-random-2-km-1-kasmiir-pahkel-9\/#primaryimage\"},\"thumbnailUrl\":\"https:\/\/welle.ee\/wp-content\/uploads\/2025\/08\/09695efa5c56cdd185990d671ee78798.jpeg\",\"datePublished\":\"2025-08-21T13:39:51+00:00\",\"dateModified\":\"2025-12-29T11:44:27+00:00\",\"breadcrumb\":{\"@id\":\"https:\/\/welle.ee\/ee\/kummut-random-2-km-1-kasmiir-pahkel-9\/#breadcrumb\"},\"inLanguage\":\"ee\",\"potentialAction\":[{\"@type\":\"ReadAction\",\"target\":[\"https:\/\/welle.ee\/ee\/kummut-random-2-km-1-kasmiir-pahkel-9\/\"]}]},{\"@type\":\"ImageObject\",\"inLanguage\":\"ee\",\"@id\":\"https:\/\/welle.ee\/ee\/kummut-random-2-km-1-kasmiir-pahkel-9\/#primaryimage\",\"url\":\"https:\/\/welle.ee\/wp-content\/uploads\/2025\/08\/09695efa5c56cdd185990d671ee78798.jpeg\",\"contentUrl\":\"https:\/\/welle.ee\/wp-content\/uploads\/2025\/08\/09695efa5c56cdd185990d671ee78798.jpeg\",\"width\":800,\"height\":800},{\"@type\":\"BreadcrumbList\",\"@id\":\"https:\/\/welle.ee\/ee\/kummut-random-2-km-1-kasmiir-pahkel-9\/#breadcrumb\",\"itemListElement\":[{\"@type\":\"ListItem\",\"position\":1,\"name\":\"\u0413\u043b\u0430\u0432\u043d\u0430\u044f \u0441\u0442\u0440\u0430\u043d\u0438\u0446\u0430\",\"item\":\"https:\/\/welle.ee\/ee\/\"},{\"@type\":\"ListItem\",\"position\":2,\"name\":\"Tooted\",\"item\":\"https:\/\/welle.ee\/ee\/tooted\/\"},{\"@type\":\"ListItem\",\"position\":3,\"name\":\"Seinariiul RANDOM 2 P-2 ka\u0161miir\/p\u00e4hkel\"}]},{\"@type\":\"WebSite\",\"@id\":\"https:\/\/welle.ee\/ee\/#website\",\"url\":\"https:\/\/welle.ee\/ee\/\",\"name\":\"Welle\",\"description\":\"\",\"potentialAction\":[{\"@type\":\"SearchAction\",\"target\":{\"@type\":\"EntryPoint\",\"urlTemplate\":\"https:\/\/welle.ee\/ee\/?s={search_term_string}\"},\"query-input\":{\"@type\":\"PropertyValueSpecification\",\"valueRequired\":true,\"valueName\":\"search_term_string\"}}],\"inLanguage\":\"ee\"}]}<\/script>\n<!-- \/ Yoast SEO plugin. -->","yoast_head_json":{"title":"Seinariiul RANDOM 2 P-2 ka\u0161miir\/p\u00e4hkel - Welle","robots":{"index":"index","follow":"follow","max-snippet":"max-snippet:-1","max-image-preview":"max-image-preview:large","max-video-preview":"max-video-preview:-1"},"canonical":"https:\/\/welle.ee\/ee\/kummut-random-2-km-1-kasmiir-pahkel-9\/","og_locale":"en_US","og_type":"article","og_title":"Seinariiul RANDOM 2 P-2 ka\u0161miir\/p\u00e4hkel - Welle","og_description":"Valmistatud lamineeritud m\u00f6\u00f6bliplaadist ja MDF-st Viimistlus: ka\u0161miir\/p\u00e4hkel Tarnitakse detailidena","og_url":"https:\/\/welle.ee\/ee\/kummut-random-2-km-1-kasmiir-pahkel-9\/","og_site_name":"Welle","article_modified_time":"2025-12-29T11:44:27+00:00","og_image":[{"width":800,"height":800,"url":"https:\/\/welle.ee\/wp-content\/uploads\/2025\/08\/09695efa5c56cdd185990d671ee78798.jpeg","type":"image\/jpeg"}],"twitter_card":"summary_large_image","schema":{"@context":"https:\/\/schema.org","@graph":[{"@type":"WebPage","@id":"https:\/\/welle.ee\/ee\/kummut-random-2-km-1-kasmiir-pahkel-9\/","url":"https:\/\/welle.ee\/ee\/kummut-random-2-km-1-kasmiir-pahkel-9\/","name":"Seinariiul RANDOM 2 P-2 ka\u0161miir\/p\u00e4hkel - Welle","isPartOf":{"@id":"https:\/\/welle.ee\/ee\/#website"},"primaryImageOfPage":{"@id":"https:\/\/welle.ee\/ee\/kummut-random-2-km-1-kasmiir-pahkel-9\/#primaryimage"},"image":{"@id":"https:\/\/welle.ee\/ee\/kummut-random-2-km-1-kasmiir-pahkel-9\/#primaryimage"},"thumbnailUrl":"https:\/\/welle.ee\/wp-content\/uploads\/2025\/08\/09695efa5c56cdd185990d671ee78798.jpeg","datePublished":"2025-08-21T13:39:51+00:00","dateModified":"2025-12-29T11:44:27+00:00","breadcrumb":{"@id":"https:\/\/welle.ee\/ee\/kummut-random-2-km-1-kasmiir-pahkel-9\/#breadcrumb"},"inLanguage":"ee","potentialAction":[{"@type":"ReadAction","target":["https:\/\/welle.ee\/ee\/kummut-random-2-km-1-kasmiir-pahkel-9\/"]}]},{"@type":"ImageObject","inLanguage":"ee","@id":"https:\/\/welle.ee\/ee\/kummut-random-2-km-1-kasmiir-pahkel-9\/#primaryimage","url":"https:\/\/welle.ee\/wp-content\/uploads\/2025\/08\/09695efa5c56cdd185990d671ee78798.jpeg","contentUrl":"https:\/\/welle.ee\/wp-content\/uploads\/2025\/08\/09695efa5c56cdd185990d671ee78798.jpeg","width":800,"height":800},{"@type":"BreadcrumbList","@id":"https:\/\/welle.ee\/ee\/kummut-random-2-km-1-kasmiir-pahkel-9\/#breadcrumb","itemListElement":[{"@type":"ListItem","position":1,"name":"\u0413\u043b\u0430\u0432\u043d\u0430\u044f \u0441\u0442\u0440\u0430\u043d\u0438\u0446\u0430","item":"https:\/\/welle.ee\/ee\/"},{"@type":"ListItem","position":2,"name":"Tooted","item":"https:\/\/welle.ee\/ee\/tooted\/"},{"@type":"ListItem","position":3,"name":"Seinariiul RANDOM 2 P-2 ka\u0161miir\/p\u00e4hkel"}]},{"@type":"WebSite","@id":"https:\/\/welle.ee\/ee\/#website","url":"https:\/\/welle.ee\/ee\/","name":"Welle","description":"","potentialAction":[{"@type":"SearchAction","target":{"@type":"EntryPoint","urlTemplate":"https:\/\/welle.ee\/ee\/?s={search_term_string}"},"query-input":{"@type":"PropertyValueSpecification","valueRequired":true,"valueName":"search_term_string"}}],"inLanguage":"ee"}]}},"_links":{"self":[{"href":"https:\/\/welle.ee\/ee\/wp-json\/wp\/v2\/product\/467337","targetHints":{"allow":["GET"]}}],"collection":[{"href":"https:\/\/welle.ee\/ee\/wp-json\/wp\/v2\/product"}],"about":[{"href":"https:\/\/welle.ee\/ee\/wp-json\/wp\/v2\/types\/product"}],"version-history":[{"count":1,"href":"https:\/\/welle.ee\/ee\/wp-json\/wp\/v2\/product\/467337\/revisions"}],"predecessor-version":[{"id":485532,"href":"https:\/\/welle.ee\/ee\/wp-json\/wp\/v2\/product\/467337\/revisions\/485532"}],"wp:featuredmedia":[{"embeddable":true,"href":"https:\/\/welle.ee\/ee\/wp-json\/wp\/v2\/media\/467338"}],"wp:attachment":[{"href":"https:\/\/welle.ee\/ee\/wp-json\/wp\/v2\/media?parent=467337"}],"wp:term":[{"taxonomy":"product_brand","embeddable":true,"href":"https:\/\/welle.ee\/ee\/wp-json\/wp\/v2\/product_brand?post=467337"},{"taxonomy":"product_cat","embeddable":true,"href":"https:\/\/welle.ee\/ee\/wp-json\/wp\/v2\/product_cat?post=467337"},{"taxonomy":"product_tag","embeddable":true,"href":"https:\/\/welle.ee\/ee\/wp-json\/wp\/v2\/product_tag?post=467337"}],"curies":[{"name":"wp","href":"https:\/\/api.w.org\/{rel}","templated":true}]}}