{"id":468247,"date":"2025-08-21T13:48:22","date_gmt":"2025-08-21T13:48:22","guid":{"rendered":"https:\/\/wellefurniture.eu\/nurgadiivanvoodi-cremona-xl-osb-3f-os\/"},"modified":"2025-10-06T08:46:30","modified_gmt":"2025-10-06T08:46:30","slug":"nurgadiivanvoodi-cremona-xl-osb-3f-os","status":"publish","type":"product","link":"https:\/\/welle.ee\/ee\/nurgadiivanvoodi-cremona-xl-osb-3f-os\/","title":{"rendered":"Nurgadiivanvoodi CREMONA XL OSB 3F OS"},"content":{"rendered":"<ul>\n<li>Multifunktsionaalne ja ilus diivanvoodi<\/li>\n<li>Kaetud kangaga (saab tellida ka eko-nahaga)<\/li>\n<li>Istme sees on zik-zak vedrustus ja k\u00f5rgelastne pol\u00fcuretaanvaht<\/li>\n<li>Kaks mahukat pesukasti ratastel<\/li>\n<li>Magamiskoht: 305&#215;135 cm<\/li>\n<li>Reguleeritavad k\u00e4etoed<\/li>\n<li>Reguleeritavad seljatoed<\/li>\n<li>Reguleeritavad peatoed ei kuulu komplekti ning on saadaval eraldi\u00a0<\/li>\n<li>Istme k\u00f5rgus on 44 cm<\/li>\n<li>Jalad plastmassist<\/li>\n<li>Pildil on illustreeriv t\u00e4hendus<\/li>\n<li>Diivani hind s\u00f5ltub kanga v\u00f5i eko-naha hinnakategooriast.\u00a0Diivani hind on esitatud kangaga 0. kategooriast<\/li>\n<li>Soovi korral saadame Teile kangan\u00e4idiste pildid. V\u00f5tke meiega \u00fchendust ja me\u00a0aitame luua just Teile sobiva ideaalse diivani Teie kodu jaoks!<\/li>\n<\/ul>\n","protected":false},"excerpt":{"rendered":"<p>Multifunktsionaalne ja ilus diivanvoodi Kaetud kangaga (saab tellida ka eko-nahaga) Istme sees on zik-zak vedrustus ja k\u00f5rgelastne pol\u00fcuretaanvaht Kaks mahukat<\/p>\n","protected":false},"featured_media":468250,"template":"","meta":[],"product_brand":[],"product_cat":[2353,2415,2409],"product_tag":[],"class_list":{"0":"post-468247","1":"product","2":"type-product","3":"status-publish","4":"has-post-thumbnail","6":"product_cat-shop","7":"product_cat-cornerbed","8":"product_cat-soft","9":"pa_color-grey","10":"pa_height-3055","11":"pa_length-360-205-190","12":"pa_manufacturer-stagra","13":"pa_material-leather","14":"pa_width-115-95","16":"first","17":"instock","18":"taxable","19":"shipping-taxable","20":"purchasable","21":"product-type-variable"},"yoast_head":"<!-- This site is optimized with the Yoast SEO plugin v26.2 - https:\/\/yoast.com\/wordpress\/plugins\/seo\/ -->\n<title>Nurgadiivanvoodi CREMONA XL OSB 3F OS - Welle<\/title>\n<meta name=\"robots\" content=\"index, follow, max-snippet:-1, max-image-preview:large, max-video-preview:-1\" \/>\n<link rel=\"canonical\" href=\"https:\/\/welle.ee\/ee\/nurgadiivanvoodi-cremona-xl-osb-3f-os\/\" \/>\n<meta property=\"og:locale\" content=\"en_US\" \/>\n<meta property=\"og:type\" content=\"article\" \/>\n<meta property=\"og:title\" content=\"Nurgadiivanvoodi CREMONA XL OSB 3F OS - Welle\" \/>\n<meta property=\"og:description\" content=\"Multifunktsionaalne ja ilus diivanvoodi Kaetud kangaga (saab tellida ka eko-nahaga) Istme sees on zik-zak vedrustus ja k\u00f5rgelastne pol\u00fcuretaanvaht Kaks mahukat\" \/>\n<meta property=\"og:url\" content=\"https:\/\/welle.ee\/ee\/nurgadiivanvoodi-cremona-xl-osb-3f-os\/\" \/>\n<meta property=\"og:site_name\" content=\"Welle\" \/>\n<meta property=\"article:modified_time\" content=\"2025-10-06T08:46:30+00:00\" \/>\n<meta property=\"og:image\" content=\"https:\/\/welle.ee\/wp-content\/uploads\/2025\/08\/cremona_sesja__0091_cmyk.jpg\" \/>\n\t<meta property=\"og:image:width\" content=\"1600\" \/>\n\t<meta property=\"og:image:height\" content=\"990\" \/>\n\t<meta property=\"og:image:type\" content=\"image\/jpeg\" \/>\n<meta name=\"twitter:card\" content=\"summary_large_image\" \/>\n<script type=\"application\/ld+json\" class=\"yoast-schema-graph\">{\"@context\":\"https:\/\/schema.org\",\"@graph\":[{\"@type\":\"WebPage\",\"@id\":\"https:\/\/welle.ee\/ee\/nurgadiivanvoodi-cremona-xl-osb-3f-os\/\",\"url\":\"https:\/\/welle.ee\/ee\/nurgadiivanvoodi-cremona-xl-osb-3f-os\/\",\"name\":\"Nurgadiivanvoodi CREMONA XL OSB 3F OS - Welle\",\"isPartOf\":{\"@id\":\"https:\/\/welle.ee\/ee\/#website\"},\"primaryImageOfPage\":{\"@id\":\"https:\/\/welle.ee\/ee\/nurgadiivanvoodi-cremona-xl-osb-3f-os\/#primaryimage\"},\"image\":{\"@id\":\"https:\/\/welle.ee\/ee\/nurgadiivanvoodi-cremona-xl-osb-3f-os\/#primaryimage\"},\"thumbnailUrl\":\"https:\/\/welle.ee\/wp-content\/uploads\/2025\/08\/cremona_sesja__0091_cmyk.jpg\",\"datePublished\":\"2025-08-21T13:48:22+00:00\",\"dateModified\":\"2025-10-06T08:46:30+00:00\",\"breadcrumb\":{\"@id\":\"https:\/\/welle.ee\/ee\/nurgadiivanvoodi-cremona-xl-osb-3f-os\/#breadcrumb\"},\"inLanguage\":\"ee\",\"potentialAction\":[{\"@type\":\"ReadAction\",\"target\":[\"https:\/\/welle.ee\/ee\/nurgadiivanvoodi-cremona-xl-osb-3f-os\/\"]}]},{\"@type\":\"ImageObject\",\"inLanguage\":\"ee\",\"@id\":\"https:\/\/welle.ee\/ee\/nurgadiivanvoodi-cremona-xl-osb-3f-os\/#primaryimage\",\"url\":\"https:\/\/welle.ee\/wp-content\/uploads\/2025\/08\/cremona_sesja__0091_cmyk.jpg\",\"contentUrl\":\"https:\/\/welle.ee\/wp-content\/uploads\/2025\/08\/cremona_sesja__0091_cmyk.jpg\",\"width\":1600,\"height\":990},{\"@type\":\"BreadcrumbList\",\"@id\":\"https:\/\/welle.ee\/ee\/nurgadiivanvoodi-cremona-xl-osb-3f-os\/#breadcrumb\",\"itemListElement\":[{\"@type\":\"ListItem\",\"position\":1,\"name\":\"\u0413\u043b\u0430\u0432\u043d\u0430\u044f \u0441\u0442\u0440\u0430\u043d\u0438\u0446\u0430\",\"item\":\"https:\/\/welle.ee\/ee\/\"},{\"@type\":\"ListItem\",\"position\":2,\"name\":\"Tooted\",\"item\":\"https:\/\/welle.ee\/ee\/tooted\/\"},{\"@type\":\"ListItem\",\"position\":3,\"name\":\"Nurgadiivanvoodi CREMONA XL OSB 3F OS\"}]},{\"@type\":\"WebSite\",\"@id\":\"https:\/\/welle.ee\/ee\/#website\",\"url\":\"https:\/\/welle.ee\/ee\/\",\"name\":\"Welle\",\"description\":\"\",\"potentialAction\":[{\"@type\":\"SearchAction\",\"target\":{\"@type\":\"EntryPoint\",\"urlTemplate\":\"https:\/\/welle.ee\/ee\/?s={search_term_string}\"},\"query-input\":{\"@type\":\"PropertyValueSpecification\",\"valueRequired\":true,\"valueName\":\"search_term_string\"}}],\"inLanguage\":\"ee\"}]}<\/script>\n<!-- \/ Yoast SEO plugin. -->","yoast_head_json":{"title":"Nurgadiivanvoodi CREMONA XL OSB 3F OS - Welle","robots":{"index":"index","follow":"follow","max-snippet":"max-snippet:-1","max-image-preview":"max-image-preview:large","max-video-preview":"max-video-preview:-1"},"canonical":"https:\/\/welle.ee\/ee\/nurgadiivanvoodi-cremona-xl-osb-3f-os\/","og_locale":"en_US","og_type":"article","og_title":"Nurgadiivanvoodi CREMONA XL OSB 3F OS - Welle","og_description":"Multifunktsionaalne ja ilus diivanvoodi Kaetud kangaga (saab tellida ka eko-nahaga) Istme sees on zik-zak vedrustus ja k\u00f5rgelastne pol\u00fcuretaanvaht Kaks mahukat","og_url":"https:\/\/welle.ee\/ee\/nurgadiivanvoodi-cremona-xl-osb-3f-os\/","og_site_name":"Welle","article_modified_time":"2025-10-06T08:46:30+00:00","og_image":[{"width":1600,"height":990,"url":"https:\/\/welle.ee\/wp-content\/uploads\/2025\/08\/cremona_sesja__0091_cmyk.jpg","type":"image\/jpeg"}],"twitter_card":"summary_large_image","schema":{"@context":"https:\/\/schema.org","@graph":[{"@type":"WebPage","@id":"https:\/\/welle.ee\/ee\/nurgadiivanvoodi-cremona-xl-osb-3f-os\/","url":"https:\/\/welle.ee\/ee\/nurgadiivanvoodi-cremona-xl-osb-3f-os\/","name":"Nurgadiivanvoodi CREMONA XL OSB 3F OS - Welle","isPartOf":{"@id":"https:\/\/welle.ee\/ee\/#website"},"primaryImageOfPage":{"@id":"https:\/\/welle.ee\/ee\/nurgadiivanvoodi-cremona-xl-osb-3f-os\/#primaryimage"},"image":{"@id":"https:\/\/welle.ee\/ee\/nurgadiivanvoodi-cremona-xl-osb-3f-os\/#primaryimage"},"thumbnailUrl":"https:\/\/welle.ee\/wp-content\/uploads\/2025\/08\/cremona_sesja__0091_cmyk.jpg","datePublished":"2025-08-21T13:48:22+00:00","dateModified":"2025-10-06T08:46:30+00:00","breadcrumb":{"@id":"https:\/\/welle.ee\/ee\/nurgadiivanvoodi-cremona-xl-osb-3f-os\/#breadcrumb"},"inLanguage":"ee","potentialAction":[{"@type":"ReadAction","target":["https:\/\/welle.ee\/ee\/nurgadiivanvoodi-cremona-xl-osb-3f-os\/"]}]},{"@type":"ImageObject","inLanguage":"ee","@id":"https:\/\/welle.ee\/ee\/nurgadiivanvoodi-cremona-xl-osb-3f-os\/#primaryimage","url":"https:\/\/welle.ee\/wp-content\/uploads\/2025\/08\/cremona_sesja__0091_cmyk.jpg","contentUrl":"https:\/\/welle.ee\/wp-content\/uploads\/2025\/08\/cremona_sesja__0091_cmyk.jpg","width":1600,"height":990},{"@type":"BreadcrumbList","@id":"https:\/\/welle.ee\/ee\/nurgadiivanvoodi-cremona-xl-osb-3f-os\/#breadcrumb","itemListElement":[{"@type":"ListItem","position":1,"name":"\u0413\u043b\u0430\u0432\u043d\u0430\u044f \u0441\u0442\u0440\u0430\u043d\u0438\u0446\u0430","item":"https:\/\/welle.ee\/ee\/"},{"@type":"ListItem","position":2,"name":"Tooted","item":"https:\/\/welle.ee\/ee\/tooted\/"},{"@type":"ListItem","position":3,"name":"Nurgadiivanvoodi CREMONA XL OSB 3F OS"}]},{"@type":"WebSite","@id":"https:\/\/welle.ee\/ee\/#website","url":"https:\/\/welle.ee\/ee\/","name":"Welle","description":"","potentialAction":[{"@type":"SearchAction","target":{"@type":"EntryPoint","urlTemplate":"https:\/\/welle.ee\/ee\/?s={search_term_string}"},"query-input":{"@type":"PropertyValueSpecification","valueRequired":true,"valueName":"search_term_string"}}],"inLanguage":"ee"}]}},"_links":{"self":[{"href":"https:\/\/welle.ee\/ee\/wp-json\/wp\/v2\/product\/468247","targetHints":{"allow":["GET"]}}],"collection":[{"href":"https:\/\/welle.ee\/ee\/wp-json\/wp\/v2\/product"}],"about":[{"href":"https:\/\/welle.ee\/ee\/wp-json\/wp\/v2\/types\/product"}],"version-history":[{"count":1,"href":"https:\/\/welle.ee\/ee\/wp-json\/wp\/v2\/product\/468247\/revisions"}],"predecessor-version":[{"id":485625,"href":"https:\/\/welle.ee\/ee\/wp-json\/wp\/v2\/product\/468247\/revisions\/485625"}],"wp:featuredmedia":[{"embeddable":true,"href":"https:\/\/welle.ee\/ee\/wp-json\/wp\/v2\/media\/468250"}],"wp:attachment":[{"href":"https:\/\/welle.ee\/ee\/wp-json\/wp\/v2\/media?parent=468247"}],"wp:term":[{"taxonomy":"product_brand","embeddable":true,"href":"https:\/\/welle.ee\/ee\/wp-json\/wp\/v2\/product_brand?post=468247"},{"taxonomy":"product_cat","embeddable":true,"href":"https:\/\/welle.ee\/ee\/wp-json\/wp\/v2\/product_cat?post=468247"},{"taxonomy":"product_tag","embeddable":true,"href":"https:\/\/welle.ee\/ee\/wp-json\/wp\/v2\/product_tag?post=468247"}],"curies":[{"name":"wp","href":"https:\/\/api.w.org\/{rel}","templated":true}]}}