{"id":487546,"date":"2025-09-09T10:49:55","date_gmt":"2025-09-09T10:49:55","guid":{"rendered":"https:\/\/wellefurniture.eu\/voodi-violla-160x200-24dolp31-olitatud-tamm\/"},"modified":"2025-10-16T08:06:17","modified_gmt":"2025-10-16T08:06:17","slug":"voodi-violla-160x200-24dolp31-olitatud-tamm","status":"publish","type":"product","link":"https:\/\/welle.ee\/ee\/voodi-violla-160x200-24dolp31-olitatud-tamm\/","title":{"rendered":"Voodi VIOLLA 160&#215;200 24DOLP31 \u00f5litatud tamm"},"content":{"rendered":"<ul>\n<li>Voodi madratsile 160&#215;200 on valmistatud lamineeritud m\u00f6\u00f6bliplaadist<\/li>\n<li>Madrats ja voodip\u00f5hi ei kuulu komplekti<\/li>\n<li>Viimistlus:\u00a0\u00f5litatud tamm<\/li>\n<li>Tarnitakse detailidena<\/li>\n<\/ul>\n","protected":false},"excerpt":{"rendered":"<p>Voodi madratsile 160&#215;200 on valmistatud lamineeritud m\u00f6\u00f6bliplaadist Madrats ja voodip\u00f5hi ei kuulu komplekti Viimistlus:\u00a0\u00f5litatud tamm Tarnitakse detailidena<\/p>\n","protected":false},"featured_media":499310,"template":"","meta":[],"product_brand":[],"product_cat":[2353,2346],"product_tag":[],"class_list":{"0":"post-487546","1":"product","2":"type-product","3":"status-publish","4":"has-post-thumbnail","6":"product_cat-shop","7":"product_cat-bad","8":"pa_color-tamm","9":"pa_manufacturer-helvetia-meble","10":"pa_material-moobliplaat","12":"first","13":"instock","14":"taxable","15":"shipping-taxable","16":"purchasable","17":"product-type-simple"},"yoast_head":"<!-- This site is optimized with the Yoast SEO plugin v26.2 - https:\/\/yoast.com\/wordpress\/plugins\/seo\/ -->\n<title>Voodi VIOLLA 160x200 24DOLP31 \u00f5litatud tamm - Welle<\/title>\n<meta name=\"robots\" content=\"index, follow, max-snippet:-1, max-image-preview:large, max-video-preview:-1\" \/>\n<link rel=\"canonical\" href=\"https:\/\/welle.ee\/ee\/voodi-violla-160x200-24dolp31-olitatud-tamm\/\" \/>\n<meta property=\"og:locale\" content=\"en_US\" \/>\n<meta property=\"og:type\" content=\"article\" \/>\n<meta property=\"og:title\" content=\"Voodi VIOLLA 160x200 24DOLP31 \u00f5litatud tamm - Welle\" \/>\n<meta property=\"og:description\" content=\"Voodi madratsile 160&#215;200 on valmistatud lamineeritud m\u00f6\u00f6bliplaadist Madrats ja voodip\u00f5hi ei kuulu komplekti Viimistlus:\u00a0\u00f5litatud tamm Tarnitakse detailidena\" \/>\n<meta property=\"og:url\" content=\"https:\/\/welle.ee\/ee\/voodi-violla-160x200-24dolp31-olitatud-tamm\/\" \/>\n<meta property=\"og:site_name\" content=\"Welle\" \/>\n<meta property=\"article:modified_time\" content=\"2025-10-16T08:06:17+00:00\" \/>\n<meta property=\"og:image\" content=\"https:\/\/welle.ee\/wp-content\/uploads\/2025\/09\/wp-image-welle-43433.jpg\" \/>\n\t<meta property=\"og:image:width\" content=\"1919\" \/>\n\t<meta property=\"og:image:height\" content=\"1112\" \/>\n\t<meta property=\"og:image:type\" content=\"image\/jpeg\" \/>\n<meta name=\"twitter:card\" content=\"summary_large_image\" \/>\n<script type=\"application\/ld+json\" class=\"yoast-schema-graph\">{\"@context\":\"https:\/\/schema.org\",\"@graph\":[{\"@type\":\"WebPage\",\"@id\":\"https:\/\/welle.ee\/ee\/voodi-violla-160x200-24dolp31-olitatud-tamm\/\",\"url\":\"https:\/\/welle.ee\/ee\/voodi-violla-160x200-24dolp31-olitatud-tamm\/\",\"name\":\"Voodi VIOLLA 160x200 24DOLP31 \u00f5litatud tamm - Welle\",\"isPartOf\":{\"@id\":\"https:\/\/welle.ee\/ee\/#website\"},\"primaryImageOfPage\":{\"@id\":\"https:\/\/welle.ee\/ee\/voodi-violla-160x200-24dolp31-olitatud-tamm\/#primaryimage\"},\"image\":{\"@id\":\"https:\/\/welle.ee\/ee\/voodi-violla-160x200-24dolp31-olitatud-tamm\/#primaryimage\"},\"thumbnailUrl\":\"https:\/\/welle.ee\/wp-content\/uploads\/2025\/09\/wp-image-welle-43433.jpg\",\"datePublished\":\"2025-09-09T10:49:55+00:00\",\"dateModified\":\"2025-10-16T08:06:17+00:00\",\"breadcrumb\":{\"@id\":\"https:\/\/welle.ee\/ee\/voodi-violla-160x200-24dolp31-olitatud-tamm\/#breadcrumb\"},\"inLanguage\":\"ee\",\"potentialAction\":[{\"@type\":\"ReadAction\",\"target\":[\"https:\/\/welle.ee\/ee\/voodi-violla-160x200-24dolp31-olitatud-tamm\/\"]}]},{\"@type\":\"ImageObject\",\"inLanguage\":\"ee\",\"@id\":\"https:\/\/welle.ee\/ee\/voodi-violla-160x200-24dolp31-olitatud-tamm\/#primaryimage\",\"url\":\"https:\/\/welle.ee\/wp-content\/uploads\/2025\/09\/wp-image-welle-43433.jpg\",\"contentUrl\":\"https:\/\/welle.ee\/wp-content\/uploads\/2025\/09\/wp-image-welle-43433.jpg\",\"width\":1919,\"height\":1112},{\"@type\":\"BreadcrumbList\",\"@id\":\"https:\/\/welle.ee\/ee\/voodi-violla-160x200-24dolp31-olitatud-tamm\/#breadcrumb\",\"itemListElement\":[{\"@type\":\"ListItem\",\"position\":1,\"name\":\"\u0413\u043b\u0430\u0432\u043d\u0430\u044f \u0441\u0442\u0440\u0430\u043d\u0438\u0446\u0430\",\"item\":\"https:\/\/welle.ee\/ee\/\"},{\"@type\":\"ListItem\",\"position\":2,\"name\":\"Tooted\",\"item\":\"https:\/\/welle.ee\/ee\/tooted\/\"},{\"@type\":\"ListItem\",\"position\":3,\"name\":\"Voodi VIOLLA 160&#215;200 24DOLP31 \u00f5litatud tamm\"}]},{\"@type\":\"WebSite\",\"@id\":\"https:\/\/welle.ee\/ee\/#website\",\"url\":\"https:\/\/welle.ee\/ee\/\",\"name\":\"Welle\",\"description\":\"\",\"potentialAction\":[{\"@type\":\"SearchAction\",\"target\":{\"@type\":\"EntryPoint\",\"urlTemplate\":\"https:\/\/welle.ee\/ee\/?s={search_term_string}\"},\"query-input\":{\"@type\":\"PropertyValueSpecification\",\"valueRequired\":true,\"valueName\":\"search_term_string\"}}],\"inLanguage\":\"ee\"}]}<\/script>\n<!-- \/ Yoast SEO plugin. -->","yoast_head_json":{"title":"Voodi VIOLLA 160x200 24DOLP31 \u00f5litatud tamm - Welle","robots":{"index":"index","follow":"follow","max-snippet":"max-snippet:-1","max-image-preview":"max-image-preview:large","max-video-preview":"max-video-preview:-1"},"canonical":"https:\/\/welle.ee\/ee\/voodi-violla-160x200-24dolp31-olitatud-tamm\/","og_locale":"en_US","og_type":"article","og_title":"Voodi VIOLLA 160x200 24DOLP31 \u00f5litatud tamm - Welle","og_description":"Voodi madratsile 160&#215;200 on valmistatud lamineeritud m\u00f6\u00f6bliplaadist Madrats ja voodip\u00f5hi ei kuulu komplekti Viimistlus:\u00a0\u00f5litatud tamm Tarnitakse detailidena","og_url":"https:\/\/welle.ee\/ee\/voodi-violla-160x200-24dolp31-olitatud-tamm\/","og_site_name":"Welle","article_modified_time":"2025-10-16T08:06:17+00:00","og_image":[{"width":1919,"height":1112,"url":"https:\/\/welle.ee\/wp-content\/uploads\/2025\/09\/wp-image-welle-43433.jpg","type":"image\/jpeg"}],"twitter_card":"summary_large_image","schema":{"@context":"https:\/\/schema.org","@graph":[{"@type":"WebPage","@id":"https:\/\/welle.ee\/ee\/voodi-violla-160x200-24dolp31-olitatud-tamm\/","url":"https:\/\/welle.ee\/ee\/voodi-violla-160x200-24dolp31-olitatud-tamm\/","name":"Voodi VIOLLA 160x200 24DOLP31 \u00f5litatud tamm - Welle","isPartOf":{"@id":"https:\/\/welle.ee\/ee\/#website"},"primaryImageOfPage":{"@id":"https:\/\/welle.ee\/ee\/voodi-violla-160x200-24dolp31-olitatud-tamm\/#primaryimage"},"image":{"@id":"https:\/\/welle.ee\/ee\/voodi-violla-160x200-24dolp31-olitatud-tamm\/#primaryimage"},"thumbnailUrl":"https:\/\/welle.ee\/wp-content\/uploads\/2025\/09\/wp-image-welle-43433.jpg","datePublished":"2025-09-09T10:49:55+00:00","dateModified":"2025-10-16T08:06:17+00:00","breadcrumb":{"@id":"https:\/\/welle.ee\/ee\/voodi-violla-160x200-24dolp31-olitatud-tamm\/#breadcrumb"},"inLanguage":"ee","potentialAction":[{"@type":"ReadAction","target":["https:\/\/welle.ee\/ee\/voodi-violla-160x200-24dolp31-olitatud-tamm\/"]}]},{"@type":"ImageObject","inLanguage":"ee","@id":"https:\/\/welle.ee\/ee\/voodi-violla-160x200-24dolp31-olitatud-tamm\/#primaryimage","url":"https:\/\/welle.ee\/wp-content\/uploads\/2025\/09\/wp-image-welle-43433.jpg","contentUrl":"https:\/\/welle.ee\/wp-content\/uploads\/2025\/09\/wp-image-welle-43433.jpg","width":1919,"height":1112},{"@type":"BreadcrumbList","@id":"https:\/\/welle.ee\/ee\/voodi-violla-160x200-24dolp31-olitatud-tamm\/#breadcrumb","itemListElement":[{"@type":"ListItem","position":1,"name":"\u0413\u043b\u0430\u0432\u043d\u0430\u044f \u0441\u0442\u0440\u0430\u043d\u0438\u0446\u0430","item":"https:\/\/welle.ee\/ee\/"},{"@type":"ListItem","position":2,"name":"Tooted","item":"https:\/\/welle.ee\/ee\/tooted\/"},{"@type":"ListItem","position":3,"name":"Voodi VIOLLA 160&#215;200 24DOLP31 \u00f5litatud tamm"}]},{"@type":"WebSite","@id":"https:\/\/welle.ee\/ee\/#website","url":"https:\/\/welle.ee\/ee\/","name":"Welle","description":"","potentialAction":[{"@type":"SearchAction","target":{"@type":"EntryPoint","urlTemplate":"https:\/\/welle.ee\/ee\/?s={search_term_string}"},"query-input":{"@type":"PropertyValueSpecification","valueRequired":true,"valueName":"search_term_string"}}],"inLanguage":"ee"}]}},"_links":{"self":[{"href":"https:\/\/welle.ee\/ee\/wp-json\/wp\/v2\/product\/487546","targetHints":{"allow":["GET"]}}],"collection":[{"href":"https:\/\/welle.ee\/ee\/wp-json\/wp\/v2\/product"}],"about":[{"href":"https:\/\/welle.ee\/ee\/wp-json\/wp\/v2\/types\/product"}],"version-history":[{"count":4,"href":"https:\/\/welle.ee\/ee\/wp-json\/wp\/v2\/product\/487546\/revisions"}],"predecessor-version":[{"id":536699,"href":"https:\/\/welle.ee\/ee\/wp-json\/wp\/v2\/product\/487546\/revisions\/536699"}],"wp:featuredmedia":[{"embeddable":true,"href":"https:\/\/welle.ee\/ee\/wp-json\/wp\/v2\/media\/499310"}],"wp:attachment":[{"href":"https:\/\/welle.ee\/ee\/wp-json\/wp\/v2\/media?parent=487546"}],"wp:term":[{"taxonomy":"product_brand","embeddable":true,"href":"https:\/\/welle.ee\/ee\/wp-json\/wp\/v2\/product_brand?post=487546"},{"taxonomy":"product_cat","embeddable":true,"href":"https:\/\/welle.ee\/ee\/wp-json\/wp\/v2\/product_cat?post=487546"},{"taxonomy":"product_tag","embeddable":true,"href":"https:\/\/welle.ee\/ee\/wp-json\/wp\/v2\/product_tag?post=487546"}],"curies":[{"name":"wp","href":"https:\/\/api.w.org\/{rel}","templated":true}]}}