{"id":487698,"date":"2025-09-09T10:51:34","date_gmt":"2025-09-09T10:51:34","guid":{"rendered":"https:\/\/wellefurniture.eu\/kummut-murano-km-1-160-40-86-cm\/"},"modified":"2025-12-29T11:37:01","modified_gmt":"2025-12-29T11:37:01","slug":"kummut-murano-km-1-160-40-86-cm","status":"publish","type":"product","link":"https:\/\/welle.ee\/ee\/kummut-murano-km-1-160-40-86-cm\/","title":{"rendered":"Kummut MURANO KM-1 160\/40\/86 cm"},"content":{"rendered":"<ul>\n<li>Valmistatud lamineeritud m\u00f6\u00f6bliplaadist ja MDF-st<\/li>\n<li>Raam on musta v\u00e4rvi metallist<\/li>\n<li>Viimistlus: tamm artisan\/must<\/li>\n<li>Tarnitakse detailidena<\/li>\n<\/ul>\n","protected":false},"excerpt":{"rendered":"<p>Valmistatud lamineeritud m\u00f6\u00f6bliplaadist ja MDF-st Raam on musta v\u00e4rvi metallist Viimistlus: tamm artisan\/must Tarnitakse detailidena<\/p>\n","protected":false},"featured_media":0,"template":"","meta":[],"product_brand":[],"product_cat":[2349,2353],"product_tag":[],"class_list":{"0":"post-487698","1":"product","2":"type-product","3":"status-publish","5":"product_cat-livroom","6":"product_cat-shop","7":"pa_manufacturer-halmar","9":"first","10":"instock","11":"sale","12":"taxable","13":"shipping-taxable","14":"purchasable","15":"product-type-simple"},"yoast_head":"<!-- This site is optimized with the Yoast SEO plugin v26.2 - https:\/\/yoast.com\/wordpress\/plugins\/seo\/ -->\n<title>Kummut MURANO KM-1 160\/40\/86 cm - Welle<\/title>\n<meta name=\"robots\" content=\"index, follow, max-snippet:-1, max-image-preview:large, max-video-preview:-1\" \/>\n<link rel=\"canonical\" href=\"https:\/\/welle.ee\/ee\/kummut-murano-km-1-160-40-86-cm\/\" \/>\n<meta property=\"og:locale\" content=\"en_US\" \/>\n<meta property=\"og:type\" content=\"article\" \/>\n<meta property=\"og:title\" content=\"Kummut MURANO KM-1 160\/40\/86 cm - Welle\" \/>\n<meta property=\"og:description\" content=\"Valmistatud lamineeritud m\u00f6\u00f6bliplaadist ja MDF-st Raam on musta v\u00e4rvi metallist Viimistlus: tamm artisan\/must Tarnitakse detailidena\" \/>\n<meta property=\"og:url\" content=\"https:\/\/welle.ee\/ee\/kummut-murano-km-1-160-40-86-cm\/\" \/>\n<meta property=\"og:site_name\" content=\"Welle\" \/>\n<meta property=\"article:modified_time\" content=\"2025-12-29T11:37:01+00:00\" \/>\n<meta name=\"twitter:card\" content=\"summary_large_image\" \/>\n<script type=\"application\/ld+json\" class=\"yoast-schema-graph\">{\"@context\":\"https:\/\/schema.org\",\"@graph\":[{\"@type\":\"WebPage\",\"@id\":\"https:\/\/welle.ee\/ee\/kummut-murano-km-1-160-40-86-cm\/\",\"url\":\"https:\/\/welle.ee\/ee\/kummut-murano-km-1-160-40-86-cm\/\",\"name\":\"Kummut MURANO KM-1 160\/40\/86 cm - Welle\",\"isPartOf\":{\"@id\":\"https:\/\/welle.ee\/ee\/#website\"},\"datePublished\":\"2025-09-09T10:51:34+00:00\",\"dateModified\":\"2025-12-29T11:37:01+00:00\",\"breadcrumb\":{\"@id\":\"https:\/\/welle.ee\/ee\/kummut-murano-km-1-160-40-86-cm\/#breadcrumb\"},\"inLanguage\":\"ee\",\"potentialAction\":[{\"@type\":\"ReadAction\",\"target\":[\"https:\/\/welle.ee\/ee\/kummut-murano-km-1-160-40-86-cm\/\"]}]},{\"@type\":\"BreadcrumbList\",\"@id\":\"https:\/\/welle.ee\/ee\/kummut-murano-km-1-160-40-86-cm\/#breadcrumb\",\"itemListElement\":[{\"@type\":\"ListItem\",\"position\":1,\"name\":\"\u0413\u043b\u0430\u0432\u043d\u0430\u044f \u0441\u0442\u0440\u0430\u043d\u0438\u0446\u0430\",\"item\":\"https:\/\/welle.ee\/ee\/\"},{\"@type\":\"ListItem\",\"position\":2,\"name\":\"Tooted\",\"item\":\"https:\/\/welle.ee\/ee\/tooted\/\"},{\"@type\":\"ListItem\",\"position\":3,\"name\":\"Kummut MURANO KM-1 160\/40\/86 cm\"}]},{\"@type\":\"WebSite\",\"@id\":\"https:\/\/welle.ee\/ee\/#website\",\"url\":\"https:\/\/welle.ee\/ee\/\",\"name\":\"Welle\",\"description\":\"\",\"potentialAction\":[{\"@type\":\"SearchAction\",\"target\":{\"@type\":\"EntryPoint\",\"urlTemplate\":\"https:\/\/welle.ee\/ee\/?s={search_term_string}\"},\"query-input\":{\"@type\":\"PropertyValueSpecification\",\"valueRequired\":true,\"valueName\":\"search_term_string\"}}],\"inLanguage\":\"ee\"}]}<\/script>\n<!-- \/ Yoast SEO plugin. -->","yoast_head_json":{"title":"Kummut MURANO KM-1 160\/40\/86 cm - Welle","robots":{"index":"index","follow":"follow","max-snippet":"max-snippet:-1","max-image-preview":"max-image-preview:large","max-video-preview":"max-video-preview:-1"},"canonical":"https:\/\/welle.ee\/ee\/kummut-murano-km-1-160-40-86-cm\/","og_locale":"en_US","og_type":"article","og_title":"Kummut MURANO KM-1 160\/40\/86 cm - Welle","og_description":"Valmistatud lamineeritud m\u00f6\u00f6bliplaadist ja MDF-st Raam on musta v\u00e4rvi metallist Viimistlus: tamm artisan\/must Tarnitakse detailidena","og_url":"https:\/\/welle.ee\/ee\/kummut-murano-km-1-160-40-86-cm\/","og_site_name":"Welle","article_modified_time":"2025-12-29T11:37:01+00:00","twitter_card":"summary_large_image","schema":{"@context":"https:\/\/schema.org","@graph":[{"@type":"WebPage","@id":"https:\/\/welle.ee\/ee\/kummut-murano-km-1-160-40-86-cm\/","url":"https:\/\/welle.ee\/ee\/kummut-murano-km-1-160-40-86-cm\/","name":"Kummut MURANO KM-1 160\/40\/86 cm - Welle","isPartOf":{"@id":"https:\/\/welle.ee\/ee\/#website"},"datePublished":"2025-09-09T10:51:34+00:00","dateModified":"2025-12-29T11:37:01+00:00","breadcrumb":{"@id":"https:\/\/welle.ee\/ee\/kummut-murano-km-1-160-40-86-cm\/#breadcrumb"},"inLanguage":"ee","potentialAction":[{"@type":"ReadAction","target":["https:\/\/welle.ee\/ee\/kummut-murano-km-1-160-40-86-cm\/"]}]},{"@type":"BreadcrumbList","@id":"https:\/\/welle.ee\/ee\/kummut-murano-km-1-160-40-86-cm\/#breadcrumb","itemListElement":[{"@type":"ListItem","position":1,"name":"\u0413\u043b\u0430\u0432\u043d\u0430\u044f \u0441\u0442\u0440\u0430\u043d\u0438\u0446\u0430","item":"https:\/\/welle.ee\/ee\/"},{"@type":"ListItem","position":2,"name":"Tooted","item":"https:\/\/welle.ee\/ee\/tooted\/"},{"@type":"ListItem","position":3,"name":"Kummut MURANO KM-1 160\/40\/86 cm"}]},{"@type":"WebSite","@id":"https:\/\/welle.ee\/ee\/#website","url":"https:\/\/welle.ee\/ee\/","name":"Welle","description":"","potentialAction":[{"@type":"SearchAction","target":{"@type":"EntryPoint","urlTemplate":"https:\/\/welle.ee\/ee\/?s={search_term_string}"},"query-input":{"@type":"PropertyValueSpecification","valueRequired":true,"valueName":"search_term_string"}}],"inLanguage":"ee"}]}},"_links":{"self":[{"href":"https:\/\/welle.ee\/ee\/wp-json\/wp\/v2\/product\/487698","targetHints":{"allow":["GET"]}}],"collection":[{"href":"https:\/\/welle.ee\/ee\/wp-json\/wp\/v2\/product"}],"about":[{"href":"https:\/\/welle.ee\/ee\/wp-json\/wp\/v2\/types\/product"}],"version-history":[{"count":1,"href":"https:\/\/welle.ee\/ee\/wp-json\/wp\/v2\/product\/487698\/revisions"}],"predecessor-version":[{"id":487699,"href":"https:\/\/welle.ee\/ee\/wp-json\/wp\/v2\/product\/487698\/revisions\/487699"}],"wp:attachment":[{"href":"https:\/\/welle.ee\/ee\/wp-json\/wp\/v2\/media?parent=487698"}],"wp:term":[{"taxonomy":"product_brand","embeddable":true,"href":"https:\/\/welle.ee\/ee\/wp-json\/wp\/v2\/product_brand?post=487698"},{"taxonomy":"product_cat","embeddable":true,"href":"https:\/\/welle.ee\/ee\/wp-json\/wp\/v2\/product_cat?post=487698"},{"taxonomy":"product_tag","embeddable":true,"href":"https:\/\/welle.ee\/ee\/wp-json\/wp\/v2\/product_tag?post=487698"}],"curies":[{"name":"wp","href":"https:\/\/api.w.org\/{rel}","templated":true}]}}