{"id":487710,"date":"2025-09-09T10:51:34","date_gmt":"2025-09-09T10:51:34","guid":{"rendered":"https:\/\/wellefurniture.eu\/tool-endo-must-bluvel-19\/"},"modified":"2025-10-31T16:52:06","modified_gmt":"2025-10-31T16:52:06","slug":"tool-endo-must-bluvel-19","status":"publish","type":"product","link":"https:\/\/welle.ee\/ee\/tool-endo-must-bluvel-19\/","title":{"rendered":"Tool ENDO must Bluvel 19"},"content":{"rendered":"<ul>\n<li>Tooliraam on valmistatud p\u00f6\u00f6gipuidust<\/li>\n<li>Iste ja seljatugi on kaetud sametise kangaga<\/li>\n<li>Istme k\u00f5rgus 47 cm<\/li>\n<li>Viimistlus: must Bluvel 19\/must<\/li>\n<\/ul>\n","protected":false},"excerpt":{"rendered":"<p>Tooliraam on valmistatud p\u00f6\u00f6gipuidust Iste ja seljatugi on kaetud sametise kangaga Istme k\u00f5rgus 47 cm Viimistlus: must Bluvel 19\/must<\/p>\n","protected":false},"featured_media":0,"template":"","meta":[],"product_brand":[],"product_cat":[2353],"product_tag":[],"class_list":{"0":"post-487710","1":"product","2":"type-product","3":"status-publish","5":"product_cat-shop","6":"pa_manufacturer-halmar","8":"first","9":"instock","10":"sale","11":"taxable","12":"shipping-taxable","13":"purchasable","14":"product-type-simple"},"yoast_head":"<!-- This site is optimized with the Yoast SEO plugin v26.2 - https:\/\/yoast.com\/wordpress\/plugins\/seo\/ -->\n<title>Tool ENDO must Bluvel 19 - Welle<\/title>\n<meta name=\"robots\" content=\"index, follow, max-snippet:-1, max-image-preview:large, max-video-preview:-1\" \/>\n<link rel=\"canonical\" href=\"https:\/\/welle.ee\/ee\/tool-endo-must-bluvel-19\/\" \/>\n<meta property=\"og:locale\" content=\"en_US\" \/>\n<meta property=\"og:type\" content=\"article\" \/>\n<meta property=\"og:title\" content=\"Tool ENDO must Bluvel 19 - Welle\" \/>\n<meta property=\"og:description\" content=\"Tooliraam on valmistatud p\u00f6\u00f6gipuidust Iste ja seljatugi on kaetud sametise kangaga Istme k\u00f5rgus 47 cm Viimistlus: must Bluvel 19\/must\" \/>\n<meta property=\"og:url\" content=\"https:\/\/welle.ee\/ee\/tool-endo-must-bluvel-19\/\" \/>\n<meta property=\"og:site_name\" content=\"Welle\" \/>\n<meta property=\"article:modified_time\" content=\"2025-10-31T16:52:06+00:00\" \/>\n<meta name=\"twitter:card\" content=\"summary_large_image\" \/>\n<script type=\"application\/ld+json\" class=\"yoast-schema-graph\">{\"@context\":\"https:\/\/schema.org\",\"@graph\":[{\"@type\":\"WebPage\",\"@id\":\"https:\/\/welle.ee\/ee\/tool-endo-must-bluvel-19\/\",\"url\":\"https:\/\/welle.ee\/ee\/tool-endo-must-bluvel-19\/\",\"name\":\"Tool ENDO must Bluvel 19 - Welle\",\"isPartOf\":{\"@id\":\"https:\/\/welle.ee\/ee\/#website\"},\"datePublished\":\"2025-09-09T10:51:34+00:00\",\"dateModified\":\"2025-10-31T16:52:06+00:00\",\"breadcrumb\":{\"@id\":\"https:\/\/welle.ee\/ee\/tool-endo-must-bluvel-19\/#breadcrumb\"},\"inLanguage\":\"ee\",\"potentialAction\":[{\"@type\":\"ReadAction\",\"target\":[\"https:\/\/welle.ee\/ee\/tool-endo-must-bluvel-19\/\"]}]},{\"@type\":\"BreadcrumbList\",\"@id\":\"https:\/\/welle.ee\/ee\/tool-endo-must-bluvel-19\/#breadcrumb\",\"itemListElement\":[{\"@type\":\"ListItem\",\"position\":1,\"name\":\"\u0413\u043b\u0430\u0432\u043d\u0430\u044f \u0441\u0442\u0440\u0430\u043d\u0438\u0446\u0430\",\"item\":\"https:\/\/welle.ee\/ee\/\"},{\"@type\":\"ListItem\",\"position\":2,\"name\":\"Tooted\",\"item\":\"https:\/\/welle.ee\/ee\/tooted\/\"},{\"@type\":\"ListItem\",\"position\":3,\"name\":\"Tool ENDO must Bluvel 19\"}]},{\"@type\":\"WebSite\",\"@id\":\"https:\/\/welle.ee\/ee\/#website\",\"url\":\"https:\/\/welle.ee\/ee\/\",\"name\":\"Welle\",\"description\":\"\",\"potentialAction\":[{\"@type\":\"SearchAction\",\"target\":{\"@type\":\"EntryPoint\",\"urlTemplate\":\"https:\/\/welle.ee\/ee\/?s={search_term_string}\"},\"query-input\":{\"@type\":\"PropertyValueSpecification\",\"valueRequired\":true,\"valueName\":\"search_term_string\"}}],\"inLanguage\":\"ee\"}]}<\/script>\n<!-- \/ Yoast SEO plugin. -->","yoast_head_json":{"title":"Tool ENDO must Bluvel 19 - Welle","robots":{"index":"index","follow":"follow","max-snippet":"max-snippet:-1","max-image-preview":"max-image-preview:large","max-video-preview":"max-video-preview:-1"},"canonical":"https:\/\/welle.ee\/ee\/tool-endo-must-bluvel-19\/","og_locale":"en_US","og_type":"article","og_title":"Tool ENDO must Bluvel 19 - Welle","og_description":"Tooliraam on valmistatud p\u00f6\u00f6gipuidust Iste ja seljatugi on kaetud sametise kangaga Istme k\u00f5rgus 47 cm Viimistlus: must Bluvel 19\/must","og_url":"https:\/\/welle.ee\/ee\/tool-endo-must-bluvel-19\/","og_site_name":"Welle","article_modified_time":"2025-10-31T16:52:06+00:00","twitter_card":"summary_large_image","schema":{"@context":"https:\/\/schema.org","@graph":[{"@type":"WebPage","@id":"https:\/\/welle.ee\/ee\/tool-endo-must-bluvel-19\/","url":"https:\/\/welle.ee\/ee\/tool-endo-must-bluvel-19\/","name":"Tool ENDO must Bluvel 19 - Welle","isPartOf":{"@id":"https:\/\/welle.ee\/ee\/#website"},"datePublished":"2025-09-09T10:51:34+00:00","dateModified":"2025-10-31T16:52:06+00:00","breadcrumb":{"@id":"https:\/\/welle.ee\/ee\/tool-endo-must-bluvel-19\/#breadcrumb"},"inLanguage":"ee","potentialAction":[{"@type":"ReadAction","target":["https:\/\/welle.ee\/ee\/tool-endo-must-bluvel-19\/"]}]},{"@type":"BreadcrumbList","@id":"https:\/\/welle.ee\/ee\/tool-endo-must-bluvel-19\/#breadcrumb","itemListElement":[{"@type":"ListItem","position":1,"name":"\u0413\u043b\u0430\u0432\u043d\u0430\u044f \u0441\u0442\u0440\u0430\u043d\u0438\u0446\u0430","item":"https:\/\/welle.ee\/ee\/"},{"@type":"ListItem","position":2,"name":"Tooted","item":"https:\/\/welle.ee\/ee\/tooted\/"},{"@type":"ListItem","position":3,"name":"Tool ENDO must Bluvel 19"}]},{"@type":"WebSite","@id":"https:\/\/welle.ee\/ee\/#website","url":"https:\/\/welle.ee\/ee\/","name":"Welle","description":"","potentialAction":[{"@type":"SearchAction","target":{"@type":"EntryPoint","urlTemplate":"https:\/\/welle.ee\/ee\/?s={search_term_string}"},"query-input":{"@type":"PropertyValueSpecification","valueRequired":true,"valueName":"search_term_string"}}],"inLanguage":"ee"}]}},"_links":{"self":[{"href":"https:\/\/welle.ee\/ee\/wp-json\/wp\/v2\/product\/487710","targetHints":{"allow":["GET"]}}],"collection":[{"href":"https:\/\/welle.ee\/ee\/wp-json\/wp\/v2\/product"}],"about":[{"href":"https:\/\/welle.ee\/ee\/wp-json\/wp\/v2\/types\/product"}],"version-history":[{"count":1,"href":"https:\/\/welle.ee\/ee\/wp-json\/wp\/v2\/product\/487710\/revisions"}],"predecessor-version":[{"id":487711,"href":"https:\/\/welle.ee\/ee\/wp-json\/wp\/v2\/product\/487710\/revisions\/487711"}],"wp:attachment":[{"href":"https:\/\/welle.ee\/ee\/wp-json\/wp\/v2\/media?parent=487710"}],"wp:term":[{"taxonomy":"product_brand","embeddable":true,"href":"https:\/\/welle.ee\/ee\/wp-json\/wp\/v2\/product_brand?post=487710"},{"taxonomy":"product_cat","embeddable":true,"href":"https:\/\/welle.ee\/ee\/wp-json\/wp\/v2\/product_cat?post=487710"},{"taxonomy":"product_tag","embeddable":true,"href":"https:\/\/welle.ee\/ee\/wp-json\/wp\/v2\/product_tag?post=487710"}],"curies":[{"name":"wp","href":"https:\/\/api.w.org\/{rel}","templated":true}]}}