{"id":487714,"date":"2025-09-09T10:51:34","date_gmt":"2025-09-09T10:51:34","guid":{"rendered":"https:\/\/wellefurniture.eu\/lastevoodi-batcar-150-74-54-cm\/"},"modified":"2025-10-16T08:06:48","modified_gmt":"2025-10-16T08:06:48","slug":"lastevoodi-batcar-150-74-54-cm","status":"publish","type":"product","link":"https:\/\/welle.ee\/ee\/lastevoodi-batcar-150-74-54-cm\/","title":{"rendered":"Lastevoodi BATCAR 150\/74\/54 cm"},"content":{"rendered":"<ul>\n<li>Valmistatud lamineeritud m\u00f6\u00f6bliplaadist ja PVC-st<\/li>\n<li>Madrats m\u00f5\u00f5duga140x70x6cm on hinna sees<\/li>\n<li>Tarnitakse detailidena<\/li>\n<\/ul>\n","protected":false},"excerpt":{"rendered":"<p>Valmistatud lamineeritud m\u00f6\u00f6bliplaadist ja PVC-st Madrats m\u00f5\u00f5duga140x70x6cm on hinna sees Tarnitakse detailidena<\/p>\n","protected":false},"featured_media":0,"template":"","meta":[],"product_brand":[],"product_cat":[2353,2386],"product_tag":[],"class_list":{"0":"post-487714","1":"product","2":"type-product","3":"status-publish","5":"product_cat-shop","6":"product_cat-childbed","8":"first","9":"instock","10":"taxable","11":"shipping-taxable","12":"purchasable","13":"product-type-simple"},"yoast_head":"<!-- This site is optimized with the Yoast SEO plugin v26.2 - https:\/\/yoast.com\/wordpress\/plugins\/seo\/ -->\n<title>Lastevoodi BATCAR 150\/74\/54 cm - Welle<\/title>\n<meta name=\"robots\" content=\"index, follow, max-snippet:-1, max-image-preview:large, max-video-preview:-1\" \/>\n<link rel=\"canonical\" href=\"https:\/\/welle.ee\/ee\/lastevoodi-batcar-150-74-54-cm\/\" \/>\n<meta property=\"og:locale\" content=\"en_US\" \/>\n<meta property=\"og:type\" content=\"article\" \/>\n<meta property=\"og:title\" content=\"Lastevoodi BATCAR 150\/74\/54 cm - Welle\" \/>\n<meta property=\"og:description\" content=\"Valmistatud lamineeritud m\u00f6\u00f6bliplaadist ja PVC-st Madrats m\u00f5\u00f5duga140x70x6cm on hinna sees Tarnitakse detailidena\" \/>\n<meta property=\"og:url\" content=\"https:\/\/welle.ee\/ee\/lastevoodi-batcar-150-74-54-cm\/\" \/>\n<meta property=\"og:site_name\" content=\"Welle\" \/>\n<meta property=\"article:modified_time\" content=\"2025-10-16T08:06:48+00:00\" \/>\n<meta name=\"twitter:card\" content=\"summary_large_image\" \/>\n<script type=\"application\/ld+json\" class=\"yoast-schema-graph\">{\"@context\":\"https:\/\/schema.org\",\"@graph\":[{\"@type\":\"WebPage\",\"@id\":\"https:\/\/welle.ee\/ee\/lastevoodi-batcar-150-74-54-cm\/\",\"url\":\"https:\/\/welle.ee\/ee\/lastevoodi-batcar-150-74-54-cm\/\",\"name\":\"Lastevoodi BATCAR 150\/74\/54 cm - Welle\",\"isPartOf\":{\"@id\":\"https:\/\/welle.ee\/ee\/#website\"},\"datePublished\":\"2025-09-09T10:51:34+00:00\",\"dateModified\":\"2025-10-16T08:06:48+00:00\",\"breadcrumb\":{\"@id\":\"https:\/\/welle.ee\/ee\/lastevoodi-batcar-150-74-54-cm\/#breadcrumb\"},\"inLanguage\":\"ee\",\"potentialAction\":[{\"@type\":\"ReadAction\",\"target\":[\"https:\/\/welle.ee\/ee\/lastevoodi-batcar-150-74-54-cm\/\"]}]},{\"@type\":\"BreadcrumbList\",\"@id\":\"https:\/\/welle.ee\/ee\/lastevoodi-batcar-150-74-54-cm\/#breadcrumb\",\"itemListElement\":[{\"@type\":\"ListItem\",\"position\":1,\"name\":\"\u0413\u043b\u0430\u0432\u043d\u0430\u044f \u0441\u0442\u0440\u0430\u043d\u0438\u0446\u0430\",\"item\":\"https:\/\/welle.ee\/ee\/\"},{\"@type\":\"ListItem\",\"position\":2,\"name\":\"Tooted\",\"item\":\"https:\/\/welle.ee\/ee\/tooted\/\"},{\"@type\":\"ListItem\",\"position\":3,\"name\":\"Lastevoodi BATCAR 150\/74\/54 cm\"}]},{\"@type\":\"WebSite\",\"@id\":\"https:\/\/welle.ee\/ee\/#website\",\"url\":\"https:\/\/welle.ee\/ee\/\",\"name\":\"Welle\",\"description\":\"\",\"potentialAction\":[{\"@type\":\"SearchAction\",\"target\":{\"@type\":\"EntryPoint\",\"urlTemplate\":\"https:\/\/welle.ee\/ee\/?s={search_term_string}\"},\"query-input\":{\"@type\":\"PropertyValueSpecification\",\"valueRequired\":true,\"valueName\":\"search_term_string\"}}],\"inLanguage\":\"ee\"}]}<\/script>\n<!-- \/ Yoast SEO plugin. -->","yoast_head_json":{"title":"Lastevoodi BATCAR 150\/74\/54 cm - Welle","robots":{"index":"index","follow":"follow","max-snippet":"max-snippet:-1","max-image-preview":"max-image-preview:large","max-video-preview":"max-video-preview:-1"},"canonical":"https:\/\/welle.ee\/ee\/lastevoodi-batcar-150-74-54-cm\/","og_locale":"en_US","og_type":"article","og_title":"Lastevoodi BATCAR 150\/74\/54 cm - Welle","og_description":"Valmistatud lamineeritud m\u00f6\u00f6bliplaadist ja PVC-st Madrats m\u00f5\u00f5duga140x70x6cm on hinna sees Tarnitakse detailidena","og_url":"https:\/\/welle.ee\/ee\/lastevoodi-batcar-150-74-54-cm\/","og_site_name":"Welle","article_modified_time":"2025-10-16T08:06:48+00:00","twitter_card":"summary_large_image","schema":{"@context":"https:\/\/schema.org","@graph":[{"@type":"WebPage","@id":"https:\/\/welle.ee\/ee\/lastevoodi-batcar-150-74-54-cm\/","url":"https:\/\/welle.ee\/ee\/lastevoodi-batcar-150-74-54-cm\/","name":"Lastevoodi BATCAR 150\/74\/54 cm - Welle","isPartOf":{"@id":"https:\/\/welle.ee\/ee\/#website"},"datePublished":"2025-09-09T10:51:34+00:00","dateModified":"2025-10-16T08:06:48+00:00","breadcrumb":{"@id":"https:\/\/welle.ee\/ee\/lastevoodi-batcar-150-74-54-cm\/#breadcrumb"},"inLanguage":"ee","potentialAction":[{"@type":"ReadAction","target":["https:\/\/welle.ee\/ee\/lastevoodi-batcar-150-74-54-cm\/"]}]},{"@type":"BreadcrumbList","@id":"https:\/\/welle.ee\/ee\/lastevoodi-batcar-150-74-54-cm\/#breadcrumb","itemListElement":[{"@type":"ListItem","position":1,"name":"\u0413\u043b\u0430\u0432\u043d\u0430\u044f \u0441\u0442\u0440\u0430\u043d\u0438\u0446\u0430","item":"https:\/\/welle.ee\/ee\/"},{"@type":"ListItem","position":2,"name":"Tooted","item":"https:\/\/welle.ee\/ee\/tooted\/"},{"@type":"ListItem","position":3,"name":"Lastevoodi BATCAR 150\/74\/54 cm"}]},{"@type":"WebSite","@id":"https:\/\/welle.ee\/ee\/#website","url":"https:\/\/welle.ee\/ee\/","name":"Welle","description":"","potentialAction":[{"@type":"SearchAction","target":{"@type":"EntryPoint","urlTemplate":"https:\/\/welle.ee\/ee\/?s={search_term_string}"},"query-input":{"@type":"PropertyValueSpecification","valueRequired":true,"valueName":"search_term_string"}}],"inLanguage":"ee"}]}},"_links":{"self":[{"href":"https:\/\/welle.ee\/ee\/wp-json\/wp\/v2\/product\/487714","targetHints":{"allow":["GET"]}}],"collection":[{"href":"https:\/\/welle.ee\/ee\/wp-json\/wp\/v2\/product"}],"about":[{"href":"https:\/\/welle.ee\/ee\/wp-json\/wp\/v2\/types\/product"}],"version-history":[{"count":4,"href":"https:\/\/welle.ee\/ee\/wp-json\/wp\/v2\/product\/487714\/revisions"}],"predecessor-version":[{"id":536769,"href":"https:\/\/welle.ee\/ee\/wp-json\/wp\/v2\/product\/487714\/revisions\/536769"}],"wp:attachment":[{"href":"https:\/\/welle.ee\/ee\/wp-json\/wp\/v2\/media?parent=487714"}],"wp:term":[{"taxonomy":"product_brand","embeddable":true,"href":"https:\/\/welle.ee\/ee\/wp-json\/wp\/v2\/product_brand?post=487714"},{"taxonomy":"product_cat","embeddable":true,"href":"https:\/\/welle.ee\/ee\/wp-json\/wp\/v2\/product_cat?post=487714"},{"taxonomy":"product_tag","embeddable":true,"href":"https:\/\/welle.ee\/ee\/wp-json\/wp\/v2\/product_tag?post=487714"}],"curies":[{"name":"wp","href":"https:\/\/api.w.org\/{rel}","templated":true}]}}