{"id":487760,"date":"2025-09-09T10:51:48","date_gmt":"2025-09-09T10:51:48","guid":{"rendered":"https:\/\/wellefurniture.eu\/burma-bed\/"},"modified":"2025-12-01T17:49:03","modified_gmt":"2025-12-01T17:49:03","slug":"burma-bed","status":"publish","type":"product","link":"https:\/\/welle.ee\/ee\/burma-bed\/","title":{"rendered":"Birma Voodi"},"content":{"rendered":"<p>Voodi, materjal: metall, v\u00e4rvus: must. Komplekti kuulub j\u00e4igalt voodiraami k\u00fclge kinnitatud metallprofiilidest raam. Madratsi suurus: 90x200cm (hind ilma madratsita). <br \/>Voodi m\u00f5\u00f5dud : A &#8211; 208, B &#8211; 96, K &#8211; 100, C &#8211; 90&#215;200, D &#8211; 30, E &#8211; 2, F &#8211; 5, G &#8211; 100 cm.<\/p>\n<p><img src=https:\/\/www.signal.pl\/files \/wysiwyg\/lozkojpg\/ alt=\"piktogram_lozko_s\">&nbsp;<\/p>\n<p>&#8220;<\/p>\n","protected":false},"excerpt":{"rendered":"<p>Voodi, materjal: metall, v\u00e4rvus: must. Komplekti kuulub j\u00e4igalt voodiraami k\u00fclge kinnitatud metallprofiilidest raam. Madratsi suurus: 90x200cm (hind ilma madratsita). Voodi<\/p>\n","protected":false},"featured_media":499482,"template":"","meta":[],"product_brand":[],"product_cat":[2353,2346],"product_tag":[],"class_list":{"0":"post-487760","1":"product","2":"type-product","3":"status-publish","4":"has-post-thumbnail","6":"product_cat-shop","7":"product_cat-bad","8":"pa_color-black","9":"pa_height-2673","10":"pa_length-2596","11":"pa_manufacturer-signal","12":"pa_width-3063","14":"first","15":"instock","16":"sale","17":"taxable","18":"shipping-taxable","19":"purchasable","20":"product-type-simple"},"yoast_head":"<!-- This site is optimized with the Yoast SEO plugin v26.2 - https:\/\/yoast.com\/wordpress\/plugins\/seo\/ -->\n<title>Birma Voodi - Welle<\/title>\n<meta name=\"robots\" content=\"index, follow, max-snippet:-1, max-image-preview:large, max-video-preview:-1\" \/>\n<link rel=\"canonical\" href=\"https:\/\/welle.ee\/ee\/burma-bed\/\" \/>\n<meta property=\"og:locale\" content=\"en_US\" \/>\n<meta property=\"og:type\" content=\"article\" \/>\n<meta property=\"og:title\" content=\"Birma Voodi - Welle\" \/>\n<meta property=\"og:description\" content=\"Voodi, materjal: metall, v\u00e4rvus: must. Komplekti kuulub j\u00e4igalt voodiraami k\u00fclge kinnitatud metallprofiilidest raam. Madratsi suurus: 90x200cm (hind ilma madratsita). Voodi\" \/>\n<meta property=\"og:url\" content=\"https:\/\/welle.ee\/ee\/burma-bed\/\" \/>\n<meta property=\"og:site_name\" content=\"Welle\" \/>\n<meta property=\"article:modified_time\" content=\"2025-12-01T17:49:03+00:00\" \/>\n<meta property=\"og:image\" content=\"https:\/\/welle.ee\/wp-content\/uploads\/2025\/09\/product-325.jpeg\" \/>\n\t<meta property=\"og:image:width\" content=\"800\" \/>\n\t<meta property=\"og:image:height\" content=\"600\" \/>\n\t<meta property=\"og:image:type\" content=\"image\/jpeg\" \/>\n<meta name=\"twitter:card\" content=\"summary_large_image\" \/>\n<script type=\"application\/ld+json\" class=\"yoast-schema-graph\">{\"@context\":\"https:\/\/schema.org\",\"@graph\":[{\"@type\":\"WebPage\",\"@id\":\"https:\/\/welle.ee\/ee\/burma-bed\/\",\"url\":\"https:\/\/welle.ee\/ee\/burma-bed\/\",\"name\":\"Birma Voodi - Welle\",\"isPartOf\":{\"@id\":\"https:\/\/welle.ee\/ee\/#website\"},\"primaryImageOfPage\":{\"@id\":\"https:\/\/welle.ee\/ee\/burma-bed\/#primaryimage\"},\"image\":{\"@id\":\"https:\/\/welle.ee\/ee\/burma-bed\/#primaryimage\"},\"thumbnailUrl\":\"https:\/\/welle.ee\/wp-content\/uploads\/2025\/09\/product-325.jpeg\",\"datePublished\":\"2025-09-09T10:51:48+00:00\",\"dateModified\":\"2025-12-01T17:49:03+00:00\",\"breadcrumb\":{\"@id\":\"https:\/\/welle.ee\/ee\/burma-bed\/#breadcrumb\"},\"inLanguage\":\"ee\",\"potentialAction\":[{\"@type\":\"ReadAction\",\"target\":[\"https:\/\/welle.ee\/ee\/burma-bed\/\"]}]},{\"@type\":\"ImageObject\",\"inLanguage\":\"ee\",\"@id\":\"https:\/\/welle.ee\/ee\/burma-bed\/#primaryimage\",\"url\":\"https:\/\/welle.ee\/wp-content\/uploads\/2025\/09\/product-325.jpeg\",\"contentUrl\":\"https:\/\/welle.ee\/wp-content\/uploads\/2025\/09\/product-325.jpeg\",\"width\":800,\"height\":600},{\"@type\":\"BreadcrumbList\",\"@id\":\"https:\/\/welle.ee\/ee\/burma-bed\/#breadcrumb\",\"itemListElement\":[{\"@type\":\"ListItem\",\"position\":1,\"name\":\"\u0413\u043b\u0430\u0432\u043d\u0430\u044f \u0441\u0442\u0440\u0430\u043d\u0438\u0446\u0430\",\"item\":\"https:\/\/welle.ee\/ee\/\"},{\"@type\":\"ListItem\",\"position\":2,\"name\":\"Tooted\",\"item\":\"https:\/\/welle.ee\/ee\/tooted\/\"},{\"@type\":\"ListItem\",\"position\":3,\"name\":\"Birma Voodi\"}]},{\"@type\":\"WebSite\",\"@id\":\"https:\/\/welle.ee\/ee\/#website\",\"url\":\"https:\/\/welle.ee\/ee\/\",\"name\":\"Welle\",\"description\":\"\",\"potentialAction\":[{\"@type\":\"SearchAction\",\"target\":{\"@type\":\"EntryPoint\",\"urlTemplate\":\"https:\/\/welle.ee\/ee\/?s={search_term_string}\"},\"query-input\":{\"@type\":\"PropertyValueSpecification\",\"valueRequired\":true,\"valueName\":\"search_term_string\"}}],\"inLanguage\":\"ee\"}]}<\/script>\n<!-- \/ Yoast SEO plugin. -->","yoast_head_json":{"title":"Birma Voodi - Welle","robots":{"index":"index","follow":"follow","max-snippet":"max-snippet:-1","max-image-preview":"max-image-preview:large","max-video-preview":"max-video-preview:-1"},"canonical":"https:\/\/welle.ee\/ee\/burma-bed\/","og_locale":"en_US","og_type":"article","og_title":"Birma Voodi - Welle","og_description":"Voodi, materjal: metall, v\u00e4rvus: must. Komplekti kuulub j\u00e4igalt voodiraami k\u00fclge kinnitatud metallprofiilidest raam. Madratsi suurus: 90x200cm (hind ilma madratsita). Voodi","og_url":"https:\/\/welle.ee\/ee\/burma-bed\/","og_site_name":"Welle","article_modified_time":"2025-12-01T17:49:03+00:00","og_image":[{"width":800,"height":600,"url":"https:\/\/welle.ee\/wp-content\/uploads\/2025\/09\/product-325.jpeg","type":"image\/jpeg"}],"twitter_card":"summary_large_image","schema":{"@context":"https:\/\/schema.org","@graph":[{"@type":"WebPage","@id":"https:\/\/welle.ee\/ee\/burma-bed\/","url":"https:\/\/welle.ee\/ee\/burma-bed\/","name":"Birma Voodi - Welle","isPartOf":{"@id":"https:\/\/welle.ee\/ee\/#website"},"primaryImageOfPage":{"@id":"https:\/\/welle.ee\/ee\/burma-bed\/#primaryimage"},"image":{"@id":"https:\/\/welle.ee\/ee\/burma-bed\/#primaryimage"},"thumbnailUrl":"https:\/\/welle.ee\/wp-content\/uploads\/2025\/09\/product-325.jpeg","datePublished":"2025-09-09T10:51:48+00:00","dateModified":"2025-12-01T17:49:03+00:00","breadcrumb":{"@id":"https:\/\/welle.ee\/ee\/burma-bed\/#breadcrumb"},"inLanguage":"ee","potentialAction":[{"@type":"ReadAction","target":["https:\/\/welle.ee\/ee\/burma-bed\/"]}]},{"@type":"ImageObject","inLanguage":"ee","@id":"https:\/\/welle.ee\/ee\/burma-bed\/#primaryimage","url":"https:\/\/welle.ee\/wp-content\/uploads\/2025\/09\/product-325.jpeg","contentUrl":"https:\/\/welle.ee\/wp-content\/uploads\/2025\/09\/product-325.jpeg","width":800,"height":600},{"@type":"BreadcrumbList","@id":"https:\/\/welle.ee\/ee\/burma-bed\/#breadcrumb","itemListElement":[{"@type":"ListItem","position":1,"name":"\u0413\u043b\u0430\u0432\u043d\u0430\u044f \u0441\u0442\u0440\u0430\u043d\u0438\u0446\u0430","item":"https:\/\/welle.ee\/ee\/"},{"@type":"ListItem","position":2,"name":"Tooted","item":"https:\/\/welle.ee\/ee\/tooted\/"},{"@type":"ListItem","position":3,"name":"Birma Voodi"}]},{"@type":"WebSite","@id":"https:\/\/welle.ee\/ee\/#website","url":"https:\/\/welle.ee\/ee\/","name":"Welle","description":"","potentialAction":[{"@type":"SearchAction","target":{"@type":"EntryPoint","urlTemplate":"https:\/\/welle.ee\/ee\/?s={search_term_string}"},"query-input":{"@type":"PropertyValueSpecification","valueRequired":true,"valueName":"search_term_string"}}],"inLanguage":"ee"}]}},"_links":{"self":[{"href":"https:\/\/welle.ee\/ee\/wp-json\/wp\/v2\/product\/487760","targetHints":{"allow":["GET"]}}],"collection":[{"href":"https:\/\/welle.ee\/ee\/wp-json\/wp\/v2\/product"}],"about":[{"href":"https:\/\/welle.ee\/ee\/wp-json\/wp\/v2\/types\/product"}],"version-history":[{"count":3,"href":"https:\/\/welle.ee\/ee\/wp-json\/wp\/v2\/product\/487760\/revisions"}],"predecessor-version":[{"id":532873,"href":"https:\/\/welle.ee\/ee\/wp-json\/wp\/v2\/product\/487760\/revisions\/532873"}],"wp:featuredmedia":[{"embeddable":true,"href":"https:\/\/welle.ee\/ee\/wp-json\/wp\/v2\/media\/499482"}],"wp:attachment":[{"href":"https:\/\/welle.ee\/ee\/wp-json\/wp\/v2\/media?parent=487760"}],"wp:term":[{"taxonomy":"product_brand","embeddable":true,"href":"https:\/\/welle.ee\/ee\/wp-json\/wp\/v2\/product_brand?post=487760"},{"taxonomy":"product_cat","embeddable":true,"href":"https:\/\/welle.ee\/ee\/wp-json\/wp\/v2\/product_cat?post=487760"},{"taxonomy":"product_tag","embeddable":true,"href":"https:\/\/welle.ee\/ee\/wp-json\/wp\/v2\/product_tag?post=487760"}],"curies":[{"name":"wp","href":"https:\/\/api.w.org\/{rel}","templated":true}]}}