{"id":487916,"date":"2025-09-09T10:53:21","date_gmt":"2025-09-09T10:53:21","guid":{"rendered":"https:\/\/wellefurniture.eu\/m2-mattress-bonell-140x200\/"},"modified":"2025-12-19T23:00:38","modified_gmt":"2025-12-19T23:00:38","slug":"m2-mattress-bonell-140x200","status":"publish","type":"product","link":"https:\/\/welle.ee\/ee\/m2-mattress-bonell-140x200\/","title":{"rendered":"M2 Bonell Madrats 140\u00d7200"},"content":{"rendered":"<p>Bonnell vedrumadrats, s\u00fcdamik: 11 cm bonnelli vedru, polstri vahet\u00fckid, mugavusvaht &#8211; 2 cm, kate: allergiavastase vatiga tepitud \u00f5rn kangas (100% pol\u00fcester) kaaluga 120 g\/m 2, eraldav t\u00f5mblukk, k\u00f5rgus: u. 16 cm, k\u00f5vadus: 3\/5.<\/p>\n","protected":false},"excerpt":{"rendered":"<p>Bonnell vedrumadrats, s\u00fcdamik: 11 cm bonnelli vedru, polstri vahet\u00fckid, mugavusvaht &#8211; 2 cm, kate: allergiavastase vatiga tepitud \u00f5rn kangas (100%<\/p>\n","protected":false},"featured_media":499641,"template":"","meta":[],"product_brand":[],"product_cat":[2353],"product_tag":[],"class_list":{"0":"post-487916","1":"product","2":"type-product","3":"status-publish","4":"has-post-thumbnail","6":"product_cat-shop","7":"pa_color-white","8":"pa_height-2811","9":"pa_length-2501","10":"pa_manufacturer-signal","11":"pa_material-bonnelli-vedru","12":"pa_material-orn-kangas","13":"pa_width-3394","15":"first","16":"instock","17":"sale","18":"taxable","19":"shipping-taxable","20":"purchasable","21":"product-type-simple"},"yoast_head":"<!-- This site is optimized with the Yoast SEO plugin v26.2 - https:\/\/yoast.com\/wordpress\/plugins\/seo\/ -->\n<title>M2 Bonell Madrats 140\u00d7200 - Welle<\/title>\n<meta name=\"robots\" content=\"index, follow, max-snippet:-1, max-image-preview:large, max-video-preview:-1\" \/>\n<link rel=\"canonical\" href=\"https:\/\/welle.ee\/ee\/m2-mattress-bonell-140x200\/\" \/>\n<meta property=\"og:locale\" content=\"en_US\" \/>\n<meta property=\"og:type\" content=\"article\" \/>\n<meta property=\"og:title\" content=\"M2 Bonell Madrats 140\u00d7200 - Welle\" \/>\n<meta property=\"og:description\" content=\"Bonnell vedrumadrats, s\u00fcdamik: 11 cm bonnelli vedru, polstri vahet\u00fckid, mugavusvaht &#8211; 2 cm, kate: allergiavastase vatiga tepitud \u00f5rn kangas (100%\" \/>\n<meta property=\"og:url\" content=\"https:\/\/welle.ee\/ee\/m2-mattress-bonell-140x200\/\" \/>\n<meta property=\"og:site_name\" content=\"Welle\" \/>\n<meta property=\"article:modified_time\" content=\"2025-12-19T23:00:38+00:00\" \/>\n<meta property=\"og:image\" content=\"https:\/\/welle.ee\/wp-content\/uploads\/2025\/09\/product-1141.jpeg\" \/>\n\t<meta property=\"og:image:width\" content=\"800\" \/>\n\t<meta property=\"og:image:height\" content=\"600\" \/>\n\t<meta property=\"og:image:type\" content=\"image\/jpeg\" \/>\n<meta name=\"twitter:card\" content=\"summary_large_image\" \/>\n<script type=\"application\/ld+json\" class=\"yoast-schema-graph\">{\"@context\":\"https:\/\/schema.org\",\"@graph\":[{\"@type\":\"WebPage\",\"@id\":\"https:\/\/welle.ee\/ee\/m2-mattress-bonell-140x200\/\",\"url\":\"https:\/\/welle.ee\/ee\/m2-mattress-bonell-140x200\/\",\"name\":\"M2 Bonell Madrats 140\u00d7200 - Welle\",\"isPartOf\":{\"@id\":\"https:\/\/welle.ee\/ee\/#website\"},\"primaryImageOfPage\":{\"@id\":\"https:\/\/welle.ee\/ee\/m2-mattress-bonell-140x200\/#primaryimage\"},\"image\":{\"@id\":\"https:\/\/welle.ee\/ee\/m2-mattress-bonell-140x200\/#primaryimage\"},\"thumbnailUrl\":\"https:\/\/welle.ee\/wp-content\/uploads\/2025\/09\/product-1141.jpeg\",\"datePublished\":\"2025-09-09T10:53:21+00:00\",\"dateModified\":\"2025-12-19T23:00:38+00:00\",\"breadcrumb\":{\"@id\":\"https:\/\/welle.ee\/ee\/m2-mattress-bonell-140x200\/#breadcrumb\"},\"inLanguage\":\"ee\",\"potentialAction\":[{\"@type\":\"ReadAction\",\"target\":[\"https:\/\/welle.ee\/ee\/m2-mattress-bonell-140x200\/\"]}]},{\"@type\":\"ImageObject\",\"inLanguage\":\"ee\",\"@id\":\"https:\/\/welle.ee\/ee\/m2-mattress-bonell-140x200\/#primaryimage\",\"url\":\"https:\/\/welle.ee\/wp-content\/uploads\/2025\/09\/product-1141.jpeg\",\"contentUrl\":\"https:\/\/welle.ee\/wp-content\/uploads\/2025\/09\/product-1141.jpeg\",\"width\":800,\"height\":600},{\"@type\":\"BreadcrumbList\",\"@id\":\"https:\/\/welle.ee\/ee\/m2-mattress-bonell-140x200\/#breadcrumb\",\"itemListElement\":[{\"@type\":\"ListItem\",\"position\":1,\"name\":\"\u0413\u043b\u0430\u0432\u043d\u0430\u044f \u0441\u0442\u0440\u0430\u043d\u0438\u0446\u0430\",\"item\":\"https:\/\/welle.ee\/ee\/\"},{\"@type\":\"ListItem\",\"position\":2,\"name\":\"Tooted\",\"item\":\"https:\/\/welle.ee\/ee\/tooted\/\"},{\"@type\":\"ListItem\",\"position\":3,\"name\":\"M2 Bonell Madrats 140\u00d7200\"}]},{\"@type\":\"WebSite\",\"@id\":\"https:\/\/welle.ee\/ee\/#website\",\"url\":\"https:\/\/welle.ee\/ee\/\",\"name\":\"Welle\",\"description\":\"\",\"potentialAction\":[{\"@type\":\"SearchAction\",\"target\":{\"@type\":\"EntryPoint\",\"urlTemplate\":\"https:\/\/welle.ee\/ee\/?s={search_term_string}\"},\"query-input\":{\"@type\":\"PropertyValueSpecification\",\"valueRequired\":true,\"valueName\":\"search_term_string\"}}],\"inLanguage\":\"ee\"}]}<\/script>\n<!-- \/ Yoast SEO plugin. -->","yoast_head_json":{"title":"M2 Bonell Madrats 140\u00d7200 - Welle","robots":{"index":"index","follow":"follow","max-snippet":"max-snippet:-1","max-image-preview":"max-image-preview:large","max-video-preview":"max-video-preview:-1"},"canonical":"https:\/\/welle.ee\/ee\/m2-mattress-bonell-140x200\/","og_locale":"en_US","og_type":"article","og_title":"M2 Bonell Madrats 140\u00d7200 - Welle","og_description":"Bonnell vedrumadrats, s\u00fcdamik: 11 cm bonnelli vedru, polstri vahet\u00fckid, mugavusvaht &#8211; 2 cm, kate: allergiavastase vatiga tepitud \u00f5rn kangas (100%","og_url":"https:\/\/welle.ee\/ee\/m2-mattress-bonell-140x200\/","og_site_name":"Welle","article_modified_time":"2025-12-19T23:00:38+00:00","og_image":[{"width":800,"height":600,"url":"https:\/\/welle.ee\/wp-content\/uploads\/2025\/09\/product-1141.jpeg","type":"image\/jpeg"}],"twitter_card":"summary_large_image","schema":{"@context":"https:\/\/schema.org","@graph":[{"@type":"WebPage","@id":"https:\/\/welle.ee\/ee\/m2-mattress-bonell-140x200\/","url":"https:\/\/welle.ee\/ee\/m2-mattress-bonell-140x200\/","name":"M2 Bonell Madrats 140\u00d7200 - Welle","isPartOf":{"@id":"https:\/\/welle.ee\/ee\/#website"},"primaryImageOfPage":{"@id":"https:\/\/welle.ee\/ee\/m2-mattress-bonell-140x200\/#primaryimage"},"image":{"@id":"https:\/\/welle.ee\/ee\/m2-mattress-bonell-140x200\/#primaryimage"},"thumbnailUrl":"https:\/\/welle.ee\/wp-content\/uploads\/2025\/09\/product-1141.jpeg","datePublished":"2025-09-09T10:53:21+00:00","dateModified":"2025-12-19T23:00:38+00:00","breadcrumb":{"@id":"https:\/\/welle.ee\/ee\/m2-mattress-bonell-140x200\/#breadcrumb"},"inLanguage":"ee","potentialAction":[{"@type":"ReadAction","target":["https:\/\/welle.ee\/ee\/m2-mattress-bonell-140x200\/"]}]},{"@type":"ImageObject","inLanguage":"ee","@id":"https:\/\/welle.ee\/ee\/m2-mattress-bonell-140x200\/#primaryimage","url":"https:\/\/welle.ee\/wp-content\/uploads\/2025\/09\/product-1141.jpeg","contentUrl":"https:\/\/welle.ee\/wp-content\/uploads\/2025\/09\/product-1141.jpeg","width":800,"height":600},{"@type":"BreadcrumbList","@id":"https:\/\/welle.ee\/ee\/m2-mattress-bonell-140x200\/#breadcrumb","itemListElement":[{"@type":"ListItem","position":1,"name":"\u0413\u043b\u0430\u0432\u043d\u0430\u044f \u0441\u0442\u0440\u0430\u043d\u0438\u0446\u0430","item":"https:\/\/welle.ee\/ee\/"},{"@type":"ListItem","position":2,"name":"Tooted","item":"https:\/\/welle.ee\/ee\/tooted\/"},{"@type":"ListItem","position":3,"name":"M2 Bonell Madrats 140\u00d7200"}]},{"@type":"WebSite","@id":"https:\/\/welle.ee\/ee\/#website","url":"https:\/\/welle.ee\/ee\/","name":"Welle","description":"","potentialAction":[{"@type":"SearchAction","target":{"@type":"EntryPoint","urlTemplate":"https:\/\/welle.ee\/ee\/?s={search_term_string}"},"query-input":{"@type":"PropertyValueSpecification","valueRequired":true,"valueName":"search_term_string"}}],"inLanguage":"ee"}]}},"_links":{"self":[{"href":"https:\/\/welle.ee\/ee\/wp-json\/wp\/v2\/product\/487916","targetHints":{"allow":["GET"]}}],"collection":[{"href":"https:\/\/welle.ee\/ee\/wp-json\/wp\/v2\/product"}],"about":[{"href":"https:\/\/welle.ee\/ee\/wp-json\/wp\/v2\/types\/product"}],"version-history":[{"count":3,"href":"https:\/\/welle.ee\/ee\/wp-json\/wp\/v2\/product\/487916\/revisions"}],"predecessor-version":[{"id":532900,"href":"https:\/\/welle.ee\/ee\/wp-json\/wp\/v2\/product\/487916\/revisions\/532900"}],"wp:featuredmedia":[{"embeddable":true,"href":"https:\/\/welle.ee\/ee\/wp-json\/wp\/v2\/media\/499641"}],"wp:attachment":[{"href":"https:\/\/welle.ee\/ee\/wp-json\/wp\/v2\/media?parent=487916"}],"wp:term":[{"taxonomy":"product_brand","embeddable":true,"href":"https:\/\/welle.ee\/ee\/wp-json\/wp\/v2\/product_brand?post=487916"},{"taxonomy":"product_cat","embeddable":true,"href":"https:\/\/welle.ee\/ee\/wp-json\/wp\/v2\/product_cat?post=487916"},{"taxonomy":"product_tag","embeddable":true,"href":"https:\/\/welle.ee\/ee\/wp-json\/wp\/v2\/product_tag?post=487916"}],"curies":[{"name":"wp","href":"https:\/\/api.w.org\/{rel}","templated":true}]}}