{"id":487948,"date":"2025-09-09T10:53:39","date_gmt":"2025-09-09T10:53:39","guid":{"rendered":"https:\/\/wellefurniture.eu\/nixon-velvet-armtool\/"},"modified":"2025-12-01T17:20:17","modified_gmt":"2025-12-01T17:20:17","slug":"nixon-velvet-armtool","status":"publish","type":"product","link":"https:\/\/welle.ee\/ee\/nixon-velvet-armtool\/","title":{"rendered":"Nixon Velvet ArmTool"},"content":{"rendered":"<p>tugitool, sametkangas: sinine, v\u00e4rvus: antiikne roos 52 \/ metall, harjatud teras, kallutamise mehhanism, k\u00f5rguse reguleerimiseta. <br \/>Jalatoe m\u00f5\u00f5tmed:<br \/>A &#8211; 42, B &#8211; 49, C &#8211; 43 cm.<\/p>\n","protected":false},"excerpt":{"rendered":"<p>tugitool, sametkangas: sinine, v\u00e4rvus: antiikne roos 52 \/ metall, harjatud teras, kallutamise mehhanism, k\u00f5rguse reguleerimiseta. Jalatoe m\u00f5\u00f5tmed:A &#8211; 42, B<\/p>\n","protected":false},"featured_media":499676,"template":"","meta":[],"product_brand":[],"product_cat":[2353],"product_tag":[],"class_list":{"0":"post-487948","1":"product","2":"type-product","3":"status-publish","4":"has-post-thumbnail","6":"product_cat-shop","7":"pa_color-pink","8":"pa_height-3663","9":"pa_length-2470","10":"pa_manufacturer-signal","11":"pa_material-fabric","12":"pa_material-samet","13":"pa_width-2771","15":"first","16":"instock","17":"sale","18":"taxable","19":"shipping-taxable","20":"purchasable","21":"product-type-simple"},"yoast_head":"<!-- This site is optimized with the Yoast SEO plugin v26.2 - https:\/\/yoast.com\/wordpress\/plugins\/seo\/ -->\n<title>Nixon Velvet ArmTool - Welle<\/title>\n<meta name=\"robots\" content=\"index, follow, max-snippet:-1, max-image-preview:large, max-video-preview:-1\" \/>\n<link rel=\"canonical\" href=\"https:\/\/welle.ee\/ee\/nixon-velvet-armtool\/\" \/>\n<meta property=\"og:locale\" content=\"en_US\" \/>\n<meta property=\"og:type\" content=\"article\" \/>\n<meta property=\"og:title\" content=\"Nixon Velvet ArmTool - Welle\" \/>\n<meta property=\"og:description\" content=\"tugitool, sametkangas: sinine, v\u00e4rvus: antiikne roos 52 \/ metall, harjatud teras, kallutamise mehhanism, k\u00f5rguse reguleerimiseta. Jalatoe m\u00f5\u00f5tmed:A &#8211; 42, B\" \/>\n<meta property=\"og:url\" content=\"https:\/\/welle.ee\/ee\/nixon-velvet-armtool\/\" \/>\n<meta property=\"og:site_name\" content=\"Welle\" \/>\n<meta property=\"article:modified_time\" content=\"2025-12-01T17:20:17+00:00\" \/>\n<meta property=\"og:image\" content=\"https:\/\/welle.ee\/wp-content\/uploads\/2025\/09\/product-1270.webp\" \/>\n\t<meta property=\"og:image:width\" content=\"2000\" \/>\n\t<meta property=\"og:image:height\" content=\"1530\" \/>\n\t<meta property=\"og:image:type\" content=\"image\/webp\" \/>\n<meta name=\"twitter:card\" content=\"summary_large_image\" \/>\n<script type=\"application\/ld+json\" class=\"yoast-schema-graph\">{\"@context\":\"https:\/\/schema.org\",\"@graph\":[{\"@type\":\"WebPage\",\"@id\":\"https:\/\/welle.ee\/ee\/nixon-velvet-armtool\/\",\"url\":\"https:\/\/welle.ee\/ee\/nixon-velvet-armtool\/\",\"name\":\"Nixon Velvet ArmTool - Welle\",\"isPartOf\":{\"@id\":\"https:\/\/welle.ee\/ee\/#website\"},\"primaryImageOfPage\":{\"@id\":\"https:\/\/welle.ee\/ee\/nixon-velvet-armtool\/#primaryimage\"},\"image\":{\"@id\":\"https:\/\/welle.ee\/ee\/nixon-velvet-armtool\/#primaryimage\"},\"thumbnailUrl\":\"https:\/\/welle.ee\/wp-content\/uploads\/2025\/09\/product-1270.webp\",\"datePublished\":\"2025-09-09T10:53:39+00:00\",\"dateModified\":\"2025-12-01T17:20:17+00:00\",\"breadcrumb\":{\"@id\":\"https:\/\/welle.ee\/ee\/nixon-velvet-armtool\/#breadcrumb\"},\"inLanguage\":\"ee\",\"potentialAction\":[{\"@type\":\"ReadAction\",\"target\":[\"https:\/\/welle.ee\/ee\/nixon-velvet-armtool\/\"]}]},{\"@type\":\"ImageObject\",\"inLanguage\":\"ee\",\"@id\":\"https:\/\/welle.ee\/ee\/nixon-velvet-armtool\/#primaryimage\",\"url\":\"https:\/\/welle.ee\/wp-content\/uploads\/2025\/09\/product-1270.webp\",\"contentUrl\":\"https:\/\/welle.ee\/wp-content\/uploads\/2025\/09\/product-1270.webp\",\"width\":2000,\"height\":1530},{\"@type\":\"BreadcrumbList\",\"@id\":\"https:\/\/welle.ee\/ee\/nixon-velvet-armtool\/#breadcrumb\",\"itemListElement\":[{\"@type\":\"ListItem\",\"position\":1,\"name\":\"\u0413\u043b\u0430\u0432\u043d\u0430\u044f \u0441\u0442\u0440\u0430\u043d\u0438\u0446\u0430\",\"item\":\"https:\/\/welle.ee\/ee\/\"},{\"@type\":\"ListItem\",\"position\":2,\"name\":\"Tooted\",\"item\":\"https:\/\/welle.ee\/ee\/tooted\/\"},{\"@type\":\"ListItem\",\"position\":3,\"name\":\"Nixon Velvet ArmTool\"}]},{\"@type\":\"WebSite\",\"@id\":\"https:\/\/welle.ee\/ee\/#website\",\"url\":\"https:\/\/welle.ee\/ee\/\",\"name\":\"Welle\",\"description\":\"\",\"potentialAction\":[{\"@type\":\"SearchAction\",\"target\":{\"@type\":\"EntryPoint\",\"urlTemplate\":\"https:\/\/welle.ee\/ee\/?s={search_term_string}\"},\"query-input\":{\"@type\":\"PropertyValueSpecification\",\"valueRequired\":true,\"valueName\":\"search_term_string\"}}],\"inLanguage\":\"ee\"}]}<\/script>\n<!-- \/ Yoast SEO plugin. -->","yoast_head_json":{"title":"Nixon Velvet ArmTool - Welle","robots":{"index":"index","follow":"follow","max-snippet":"max-snippet:-1","max-image-preview":"max-image-preview:large","max-video-preview":"max-video-preview:-1"},"canonical":"https:\/\/welle.ee\/ee\/nixon-velvet-armtool\/","og_locale":"en_US","og_type":"article","og_title":"Nixon Velvet ArmTool - Welle","og_description":"tugitool, sametkangas: sinine, v\u00e4rvus: antiikne roos 52 \/ metall, harjatud teras, kallutamise mehhanism, k\u00f5rguse reguleerimiseta. Jalatoe m\u00f5\u00f5tmed:A &#8211; 42, B","og_url":"https:\/\/welle.ee\/ee\/nixon-velvet-armtool\/","og_site_name":"Welle","article_modified_time":"2025-12-01T17:20:17+00:00","og_image":[{"width":2000,"height":1530,"url":"https:\/\/welle.ee\/wp-content\/uploads\/2025\/09\/product-1270.webp","type":"image\/webp"}],"twitter_card":"summary_large_image","schema":{"@context":"https:\/\/schema.org","@graph":[{"@type":"WebPage","@id":"https:\/\/welle.ee\/ee\/nixon-velvet-armtool\/","url":"https:\/\/welle.ee\/ee\/nixon-velvet-armtool\/","name":"Nixon Velvet ArmTool - Welle","isPartOf":{"@id":"https:\/\/welle.ee\/ee\/#website"},"primaryImageOfPage":{"@id":"https:\/\/welle.ee\/ee\/nixon-velvet-armtool\/#primaryimage"},"image":{"@id":"https:\/\/welle.ee\/ee\/nixon-velvet-armtool\/#primaryimage"},"thumbnailUrl":"https:\/\/welle.ee\/wp-content\/uploads\/2025\/09\/product-1270.webp","datePublished":"2025-09-09T10:53:39+00:00","dateModified":"2025-12-01T17:20:17+00:00","breadcrumb":{"@id":"https:\/\/welle.ee\/ee\/nixon-velvet-armtool\/#breadcrumb"},"inLanguage":"ee","potentialAction":[{"@type":"ReadAction","target":["https:\/\/welle.ee\/ee\/nixon-velvet-armtool\/"]}]},{"@type":"ImageObject","inLanguage":"ee","@id":"https:\/\/welle.ee\/ee\/nixon-velvet-armtool\/#primaryimage","url":"https:\/\/welle.ee\/wp-content\/uploads\/2025\/09\/product-1270.webp","contentUrl":"https:\/\/welle.ee\/wp-content\/uploads\/2025\/09\/product-1270.webp","width":2000,"height":1530},{"@type":"BreadcrumbList","@id":"https:\/\/welle.ee\/ee\/nixon-velvet-armtool\/#breadcrumb","itemListElement":[{"@type":"ListItem","position":1,"name":"\u0413\u043b\u0430\u0432\u043d\u0430\u044f \u0441\u0442\u0440\u0430\u043d\u0438\u0446\u0430","item":"https:\/\/welle.ee\/ee\/"},{"@type":"ListItem","position":2,"name":"Tooted","item":"https:\/\/welle.ee\/ee\/tooted\/"},{"@type":"ListItem","position":3,"name":"Nixon Velvet ArmTool"}]},{"@type":"WebSite","@id":"https:\/\/welle.ee\/ee\/#website","url":"https:\/\/welle.ee\/ee\/","name":"Welle","description":"","potentialAction":[{"@type":"SearchAction","target":{"@type":"EntryPoint","urlTemplate":"https:\/\/welle.ee\/ee\/?s={search_term_string}"},"query-input":{"@type":"PropertyValueSpecification","valueRequired":true,"valueName":"search_term_string"}}],"inLanguage":"ee"}]}},"_links":{"self":[{"href":"https:\/\/welle.ee\/ee\/wp-json\/wp\/v2\/product\/487948","targetHints":{"allow":["GET"]}}],"collection":[{"href":"https:\/\/welle.ee\/ee\/wp-json\/wp\/v2\/product"}],"about":[{"href":"https:\/\/welle.ee\/ee\/wp-json\/wp\/v2\/types\/product"}],"version-history":[{"count":1,"href":"https:\/\/welle.ee\/ee\/wp-json\/wp\/v2\/product\/487948\/revisions"}],"predecessor-version":[{"id":487949,"href":"https:\/\/welle.ee\/ee\/wp-json\/wp\/v2\/product\/487948\/revisions\/487949"}],"wp:featuredmedia":[{"embeddable":true,"href":"https:\/\/welle.ee\/ee\/wp-json\/wp\/v2\/media\/499676"}],"wp:attachment":[{"href":"https:\/\/welle.ee\/ee\/wp-json\/wp\/v2\/media?parent=487948"}],"wp:term":[{"taxonomy":"product_brand","embeddable":true,"href":"https:\/\/welle.ee\/ee\/wp-json\/wp\/v2\/product_brand?post=487948"},{"taxonomy":"product_cat","embeddable":true,"href":"https:\/\/welle.ee\/ee\/wp-json\/wp\/v2\/product_cat?post=487948"},{"taxonomy":"product_tag","embeddable":true,"href":"https:\/\/welle.ee\/ee\/wp-json\/wp\/v2\/product_tag?post=487948"}],"curies":[{"name":"wp","href":"https:\/\/api.w.org\/{rel}","templated":true}]}}