{"id":488078,"date":"2025-09-09T10:54:43","date_gmt":"2025-09-09T10:54:43","guid":{"rendered":"https:\/\/wellefurniture.eu\/ron-velvet-tumba-2\/"},"modified":"2026-02-19T23:00:38","modified_gmt":"2026-02-19T23:00:38","slug":"ron-velvet-tumba-2","status":"publish","type":"product","link":"https:\/\/welle.ee\/ee\/ron-velvet-tumba-2\/","title":{"rendered":"Ron Velvet tumba"},"content":{"rendered":"<p>Jalavang\/pouf, Bluvel 4215 kangav\u00e4rv kaneel, puidust jalad, v\u00e4rvi wenge. M\u00c4RKUS: ilma konteinerita, avamata.<\/p>\n","protected":false},"excerpt":{"rendered":"<p>Jalavang\/pouf, Bluvel 4215 kangav\u00e4rv kaneel, puidust jalad, v\u00e4rvi wenge. M\u00c4RKUS: ilma konteinerita, avamata.<\/p>\n","protected":false},"featured_media":499816,"template":"","meta":[],"product_brand":[],"product_cat":[2353],"product_tag":[],"class_list":{"0":"post-488078","1":"product","2":"type-product","3":"status-publish","4":"has-post-thumbnail","6":"product_cat-shop","7":"pa_color-must-vengepuu","8":"pa_color-brown","9":"pa_height-3584","10":"pa_length-2840","11":"pa_manufacturer-signal","12":"pa_material-fabric","13":"pa_material-wood","14":"pa_material-samet","15":"pa_width-2472","17":"first","18":"instock","19":"sale","20":"taxable","21":"shipping-taxable","22":"purchasable","23":"product-type-simple"},"yoast_head":"<!-- This site is optimized with the Yoast SEO plugin v26.2 - https:\/\/yoast.com\/wordpress\/plugins\/seo\/ -->\n<title>Ron Velvet tumba - Welle<\/title>\n<meta name=\"robots\" content=\"index, follow, max-snippet:-1, max-image-preview:large, max-video-preview:-1\" \/>\n<link rel=\"canonical\" href=\"https:\/\/welle.ee\/ee\/ron-velvet-tumba-2\/\" \/>\n<meta property=\"og:locale\" content=\"en_US\" \/>\n<meta property=\"og:type\" content=\"article\" \/>\n<meta property=\"og:title\" content=\"Ron Velvet tumba - Welle\" \/>\n<meta property=\"og:description\" content=\"Jalavang\/pouf, Bluvel 4215 kangav\u00e4rv kaneel, puidust jalad, v\u00e4rvi wenge. M\u00c4RKUS: ilma konteinerita, avamata.\" \/>\n<meta property=\"og:url\" content=\"https:\/\/welle.ee\/ee\/ron-velvet-tumba-2\/\" \/>\n<meta property=\"og:site_name\" content=\"Welle\" \/>\n<meta property=\"article:modified_time\" content=\"2026-02-19T23:00:38+00:00\" \/>\n<meta property=\"og:image\" content=\"https:\/\/welle.ee\/wp-content\/uploads\/2025\/09\/product-1600.jpeg\" \/>\n\t<meta property=\"og:image:width\" content=\"800\" \/>\n\t<meta property=\"og:image:height\" content=\"600\" \/>\n\t<meta property=\"og:image:type\" content=\"image\/jpeg\" \/>\n<meta name=\"twitter:card\" content=\"summary_large_image\" \/>\n<script type=\"application\/ld+json\" class=\"yoast-schema-graph\">{\"@context\":\"https:\/\/schema.org\",\"@graph\":[{\"@type\":\"WebPage\",\"@id\":\"https:\/\/welle.ee\/ee\/ron-velvet-tumba-2\/\",\"url\":\"https:\/\/welle.ee\/ee\/ron-velvet-tumba-2\/\",\"name\":\"Ron Velvet tumba - Welle\",\"isPartOf\":{\"@id\":\"https:\/\/welle.ee\/ee\/#website\"},\"primaryImageOfPage\":{\"@id\":\"https:\/\/welle.ee\/ee\/ron-velvet-tumba-2\/#primaryimage\"},\"image\":{\"@id\":\"https:\/\/welle.ee\/ee\/ron-velvet-tumba-2\/#primaryimage\"},\"thumbnailUrl\":\"https:\/\/welle.ee\/wp-content\/uploads\/2025\/09\/product-1600.jpeg\",\"datePublished\":\"2025-09-09T10:54:43+00:00\",\"dateModified\":\"2026-02-19T23:00:38+00:00\",\"breadcrumb\":{\"@id\":\"https:\/\/welle.ee\/ee\/ron-velvet-tumba-2\/#breadcrumb\"},\"inLanguage\":\"ee\",\"potentialAction\":[{\"@type\":\"ReadAction\",\"target\":[\"https:\/\/welle.ee\/ee\/ron-velvet-tumba-2\/\"]}]},{\"@type\":\"ImageObject\",\"inLanguage\":\"ee\",\"@id\":\"https:\/\/welle.ee\/ee\/ron-velvet-tumba-2\/#primaryimage\",\"url\":\"https:\/\/welle.ee\/wp-content\/uploads\/2025\/09\/product-1600.jpeg\",\"contentUrl\":\"https:\/\/welle.ee\/wp-content\/uploads\/2025\/09\/product-1600.jpeg\",\"width\":800,\"height\":600},{\"@type\":\"BreadcrumbList\",\"@id\":\"https:\/\/welle.ee\/ee\/ron-velvet-tumba-2\/#breadcrumb\",\"itemListElement\":[{\"@type\":\"ListItem\",\"position\":1,\"name\":\"\u0413\u043b\u0430\u0432\u043d\u0430\u044f \u0441\u0442\u0440\u0430\u043d\u0438\u0446\u0430\",\"item\":\"https:\/\/welle.ee\/ee\/\"},{\"@type\":\"ListItem\",\"position\":2,\"name\":\"Tooted\",\"item\":\"https:\/\/welle.ee\/ee\/tooted\/\"},{\"@type\":\"ListItem\",\"position\":3,\"name\":\"Ron Velvet tumba\"}]},{\"@type\":\"WebSite\",\"@id\":\"https:\/\/welle.ee\/ee\/#website\",\"url\":\"https:\/\/welle.ee\/ee\/\",\"name\":\"Welle\",\"description\":\"\",\"potentialAction\":[{\"@type\":\"SearchAction\",\"target\":{\"@type\":\"EntryPoint\",\"urlTemplate\":\"https:\/\/welle.ee\/ee\/?s={search_term_string}\"},\"query-input\":{\"@type\":\"PropertyValueSpecification\",\"valueRequired\":true,\"valueName\":\"search_term_string\"}}],\"inLanguage\":\"ee\"}]}<\/script>\n<!-- \/ Yoast SEO plugin. -->","yoast_head_json":{"title":"Ron Velvet tumba - Welle","robots":{"index":"index","follow":"follow","max-snippet":"max-snippet:-1","max-image-preview":"max-image-preview:large","max-video-preview":"max-video-preview:-1"},"canonical":"https:\/\/welle.ee\/ee\/ron-velvet-tumba-2\/","og_locale":"en_US","og_type":"article","og_title":"Ron Velvet tumba - Welle","og_description":"Jalavang\/pouf, Bluvel 4215 kangav\u00e4rv kaneel, puidust jalad, v\u00e4rvi wenge. M\u00c4RKUS: ilma konteinerita, avamata.","og_url":"https:\/\/welle.ee\/ee\/ron-velvet-tumba-2\/","og_site_name":"Welle","article_modified_time":"2026-02-19T23:00:38+00:00","og_image":[{"width":800,"height":600,"url":"https:\/\/welle.ee\/wp-content\/uploads\/2025\/09\/product-1600.jpeg","type":"image\/jpeg"}],"twitter_card":"summary_large_image","schema":{"@context":"https:\/\/schema.org","@graph":[{"@type":"WebPage","@id":"https:\/\/welle.ee\/ee\/ron-velvet-tumba-2\/","url":"https:\/\/welle.ee\/ee\/ron-velvet-tumba-2\/","name":"Ron Velvet tumba - Welle","isPartOf":{"@id":"https:\/\/welle.ee\/ee\/#website"},"primaryImageOfPage":{"@id":"https:\/\/welle.ee\/ee\/ron-velvet-tumba-2\/#primaryimage"},"image":{"@id":"https:\/\/welle.ee\/ee\/ron-velvet-tumba-2\/#primaryimage"},"thumbnailUrl":"https:\/\/welle.ee\/wp-content\/uploads\/2025\/09\/product-1600.jpeg","datePublished":"2025-09-09T10:54:43+00:00","dateModified":"2026-02-19T23:00:38+00:00","breadcrumb":{"@id":"https:\/\/welle.ee\/ee\/ron-velvet-tumba-2\/#breadcrumb"},"inLanguage":"ee","potentialAction":[{"@type":"ReadAction","target":["https:\/\/welle.ee\/ee\/ron-velvet-tumba-2\/"]}]},{"@type":"ImageObject","inLanguage":"ee","@id":"https:\/\/welle.ee\/ee\/ron-velvet-tumba-2\/#primaryimage","url":"https:\/\/welle.ee\/wp-content\/uploads\/2025\/09\/product-1600.jpeg","contentUrl":"https:\/\/welle.ee\/wp-content\/uploads\/2025\/09\/product-1600.jpeg","width":800,"height":600},{"@type":"BreadcrumbList","@id":"https:\/\/welle.ee\/ee\/ron-velvet-tumba-2\/#breadcrumb","itemListElement":[{"@type":"ListItem","position":1,"name":"\u0413\u043b\u0430\u0432\u043d\u0430\u044f \u0441\u0442\u0440\u0430\u043d\u0438\u0446\u0430","item":"https:\/\/welle.ee\/ee\/"},{"@type":"ListItem","position":2,"name":"Tooted","item":"https:\/\/welle.ee\/ee\/tooted\/"},{"@type":"ListItem","position":3,"name":"Ron Velvet tumba"}]},{"@type":"WebSite","@id":"https:\/\/welle.ee\/ee\/#website","url":"https:\/\/welle.ee\/ee\/","name":"Welle","description":"","potentialAction":[{"@type":"SearchAction","target":{"@type":"EntryPoint","urlTemplate":"https:\/\/welle.ee\/ee\/?s={search_term_string}"},"query-input":{"@type":"PropertyValueSpecification","valueRequired":true,"valueName":"search_term_string"}}],"inLanguage":"ee"}]}},"_links":{"self":[{"href":"https:\/\/welle.ee\/ee\/wp-json\/wp\/v2\/product\/488078","targetHints":{"allow":["GET"]}}],"collection":[{"href":"https:\/\/welle.ee\/ee\/wp-json\/wp\/v2\/product"}],"about":[{"href":"https:\/\/welle.ee\/ee\/wp-json\/wp\/v2\/types\/product"}],"version-history":[{"count":1,"href":"https:\/\/welle.ee\/ee\/wp-json\/wp\/v2\/product\/488078\/revisions"}],"predecessor-version":[{"id":488079,"href":"https:\/\/welle.ee\/ee\/wp-json\/wp\/v2\/product\/488078\/revisions\/488079"}],"wp:featuredmedia":[{"embeddable":true,"href":"https:\/\/welle.ee\/ee\/wp-json\/wp\/v2\/media\/499816"}],"wp:attachment":[{"href":"https:\/\/welle.ee\/ee\/wp-json\/wp\/v2\/media?parent=488078"}],"wp:term":[{"taxonomy":"product_brand","embeddable":true,"href":"https:\/\/welle.ee\/ee\/wp-json\/wp\/v2\/product_brand?post=488078"},{"taxonomy":"product_cat","embeddable":true,"href":"https:\/\/welle.ee\/ee\/wp-json\/wp\/v2\/product_cat?post=488078"},{"taxonomy":"product_tag","embeddable":true,"href":"https:\/\/welle.ee\/ee\/wp-json\/wp\/v2\/product_tag?post=488078"}],"curies":[{"name":"wp","href":"https:\/\/api.w.org\/{rel}","templated":true}]}}