{"id":488340,"date":"2025-09-09T10:57:49","date_gmt":"2025-09-09T10:57:49","guid":{"rendered":"https:\/\/wellefurniture.eu\/giselle-armtool-2\/"},"modified":"2025-12-01T17:34:36","modified_gmt":"2025-12-01T17:34:36","slug":"giselle-armtool-2","status":"publish","type":"product","link":"https:\/\/welle.ee\/ee\/giselle-armtool-2\/","title":{"rendered":"Giselle ArmTool"},"content":{"rendered":"<p>Tugitool, polster: istme kangast hall polster 240 \/ seljatugi s\u00fcnteetilisest nahast hall polster 243. Iste p\u00f6\u00f6rleb 360 kraadi. KALUTUSmehhanism.<\/p>\n","protected":false},"excerpt":{"rendered":"<p>Tugitool, polster: istme kangast hall polster 240 \/ seljatugi s\u00fcnteetilisest nahast hall polster 243. Iste p\u00f6\u00f6rleb 360 kraadi. KALUTUSmehhanism.<\/p>\n","protected":false},"featured_media":500161,"template":"","meta":[],"product_brand":[],"product_cat":[2353],"product_tag":[],"class_list":{"0":"post-488340","1":"product","2":"type-product","3":"status-publish","4":"has-post-thumbnail","6":"product_cat-shop","7":"pa_color-grey","8":"pa_height-2678","9":"pa_manufacturer-signal","10":"pa_material-fabric","11":"pa_material-metal","12":"pa_material-leather","13":"pa_width-3431","15":"first","16":"instock","17":"sale","18":"taxable","19":"shipping-taxable","20":"purchasable","21":"product-type-simple"},"yoast_head":"<!-- This site is optimized with the Yoast SEO plugin v26.2 - https:\/\/yoast.com\/wordpress\/plugins\/seo\/ -->\n<title>Giselle ArmTool - Welle<\/title>\n<meta name=\"robots\" content=\"index, follow, max-snippet:-1, max-image-preview:large, max-video-preview:-1\" \/>\n<link rel=\"canonical\" href=\"https:\/\/welle.ee\/ee\/giselle-armtool-2\/\" \/>\n<meta property=\"og:locale\" content=\"en_US\" \/>\n<meta property=\"og:type\" content=\"article\" \/>\n<meta property=\"og:title\" content=\"Giselle ArmTool - Welle\" \/>\n<meta property=\"og:description\" content=\"Tugitool, polster: istme kangast hall polster 240 \/ seljatugi s\u00fcnteetilisest nahast hall polster 243. Iste p\u00f6\u00f6rleb 360 kraadi. KALUTUSmehhanism.\" \/>\n<meta property=\"og:url\" content=\"https:\/\/welle.ee\/ee\/giselle-armtool-2\/\" \/>\n<meta property=\"og:site_name\" content=\"Welle\" \/>\n<meta property=\"article:modified_time\" content=\"2025-12-01T17:34:36+00:00\" \/>\n<meta property=\"og:image\" content=\"https:\/\/welle.ee\/wp-content\/uploads\/2025\/09\/product-2590.webp\" \/>\n\t<meta property=\"og:image:width\" content=\"2000\" \/>\n\t<meta property=\"og:image:height\" content=\"1530\" \/>\n\t<meta property=\"og:image:type\" content=\"image\/webp\" \/>\n<meta name=\"twitter:card\" content=\"summary_large_image\" \/>\n<script type=\"application\/ld+json\" class=\"yoast-schema-graph\">{\"@context\":\"https:\/\/schema.org\",\"@graph\":[{\"@type\":\"WebPage\",\"@id\":\"https:\/\/welle.ee\/ee\/giselle-armtool-2\/\",\"url\":\"https:\/\/welle.ee\/ee\/giselle-armtool-2\/\",\"name\":\"Giselle ArmTool - Welle\",\"isPartOf\":{\"@id\":\"https:\/\/welle.ee\/ee\/#website\"},\"primaryImageOfPage\":{\"@id\":\"https:\/\/welle.ee\/ee\/giselle-armtool-2\/#primaryimage\"},\"image\":{\"@id\":\"https:\/\/welle.ee\/ee\/giselle-armtool-2\/#primaryimage\"},\"thumbnailUrl\":\"https:\/\/welle.ee\/wp-content\/uploads\/2025\/09\/product-2590.webp\",\"datePublished\":\"2025-09-09T10:57:49+00:00\",\"dateModified\":\"2025-12-01T17:34:36+00:00\",\"breadcrumb\":{\"@id\":\"https:\/\/welle.ee\/ee\/giselle-armtool-2\/#breadcrumb\"},\"inLanguage\":\"ee\",\"potentialAction\":[{\"@type\":\"ReadAction\",\"target\":[\"https:\/\/welle.ee\/ee\/giselle-armtool-2\/\"]}]},{\"@type\":\"ImageObject\",\"inLanguage\":\"ee\",\"@id\":\"https:\/\/welle.ee\/ee\/giselle-armtool-2\/#primaryimage\",\"url\":\"https:\/\/welle.ee\/wp-content\/uploads\/2025\/09\/product-2590.webp\",\"contentUrl\":\"https:\/\/welle.ee\/wp-content\/uploads\/2025\/09\/product-2590.webp\",\"width\":2000,\"height\":1530},{\"@type\":\"BreadcrumbList\",\"@id\":\"https:\/\/welle.ee\/ee\/giselle-armtool-2\/#breadcrumb\",\"itemListElement\":[{\"@type\":\"ListItem\",\"position\":1,\"name\":\"\u0413\u043b\u0430\u0432\u043d\u0430\u044f \u0441\u0442\u0440\u0430\u043d\u0438\u0446\u0430\",\"item\":\"https:\/\/welle.ee\/ee\/\"},{\"@type\":\"ListItem\",\"position\":2,\"name\":\"Tooted\",\"item\":\"https:\/\/welle.ee\/ee\/tooted\/\"},{\"@type\":\"ListItem\",\"position\":3,\"name\":\"Giselle ArmTool\"}]},{\"@type\":\"WebSite\",\"@id\":\"https:\/\/welle.ee\/ee\/#website\",\"url\":\"https:\/\/welle.ee\/ee\/\",\"name\":\"Welle\",\"description\":\"\",\"potentialAction\":[{\"@type\":\"SearchAction\",\"target\":{\"@type\":\"EntryPoint\",\"urlTemplate\":\"https:\/\/welle.ee\/ee\/?s={search_term_string}\"},\"query-input\":{\"@type\":\"PropertyValueSpecification\",\"valueRequired\":true,\"valueName\":\"search_term_string\"}}],\"inLanguage\":\"ee\"}]}<\/script>\n<!-- \/ Yoast SEO plugin. -->","yoast_head_json":{"title":"Giselle ArmTool - Welle","robots":{"index":"index","follow":"follow","max-snippet":"max-snippet:-1","max-image-preview":"max-image-preview:large","max-video-preview":"max-video-preview:-1"},"canonical":"https:\/\/welle.ee\/ee\/giselle-armtool-2\/","og_locale":"en_US","og_type":"article","og_title":"Giselle ArmTool - Welle","og_description":"Tugitool, polster: istme kangast hall polster 240 \/ seljatugi s\u00fcnteetilisest nahast hall polster 243. Iste p\u00f6\u00f6rleb 360 kraadi. KALUTUSmehhanism.","og_url":"https:\/\/welle.ee\/ee\/giselle-armtool-2\/","og_site_name":"Welle","article_modified_time":"2025-12-01T17:34:36+00:00","og_image":[{"width":2000,"height":1530,"url":"https:\/\/welle.ee\/wp-content\/uploads\/2025\/09\/product-2590.webp","type":"image\/webp"}],"twitter_card":"summary_large_image","schema":{"@context":"https:\/\/schema.org","@graph":[{"@type":"WebPage","@id":"https:\/\/welle.ee\/ee\/giselle-armtool-2\/","url":"https:\/\/welle.ee\/ee\/giselle-armtool-2\/","name":"Giselle ArmTool - Welle","isPartOf":{"@id":"https:\/\/welle.ee\/ee\/#website"},"primaryImageOfPage":{"@id":"https:\/\/welle.ee\/ee\/giselle-armtool-2\/#primaryimage"},"image":{"@id":"https:\/\/welle.ee\/ee\/giselle-armtool-2\/#primaryimage"},"thumbnailUrl":"https:\/\/welle.ee\/wp-content\/uploads\/2025\/09\/product-2590.webp","datePublished":"2025-09-09T10:57:49+00:00","dateModified":"2025-12-01T17:34:36+00:00","breadcrumb":{"@id":"https:\/\/welle.ee\/ee\/giselle-armtool-2\/#breadcrumb"},"inLanguage":"ee","potentialAction":[{"@type":"ReadAction","target":["https:\/\/welle.ee\/ee\/giselle-armtool-2\/"]}]},{"@type":"ImageObject","inLanguage":"ee","@id":"https:\/\/welle.ee\/ee\/giselle-armtool-2\/#primaryimage","url":"https:\/\/welle.ee\/wp-content\/uploads\/2025\/09\/product-2590.webp","contentUrl":"https:\/\/welle.ee\/wp-content\/uploads\/2025\/09\/product-2590.webp","width":2000,"height":1530},{"@type":"BreadcrumbList","@id":"https:\/\/welle.ee\/ee\/giselle-armtool-2\/#breadcrumb","itemListElement":[{"@type":"ListItem","position":1,"name":"\u0413\u043b\u0430\u0432\u043d\u0430\u044f \u0441\u0442\u0440\u0430\u043d\u0438\u0446\u0430","item":"https:\/\/welle.ee\/ee\/"},{"@type":"ListItem","position":2,"name":"Tooted","item":"https:\/\/welle.ee\/ee\/tooted\/"},{"@type":"ListItem","position":3,"name":"Giselle ArmTool"}]},{"@type":"WebSite","@id":"https:\/\/welle.ee\/ee\/#website","url":"https:\/\/welle.ee\/ee\/","name":"Welle","description":"","potentialAction":[{"@type":"SearchAction","target":{"@type":"EntryPoint","urlTemplate":"https:\/\/welle.ee\/ee\/?s={search_term_string}"},"query-input":{"@type":"PropertyValueSpecification","valueRequired":true,"valueName":"search_term_string"}}],"inLanguage":"ee"}]}},"_links":{"self":[{"href":"https:\/\/welle.ee\/ee\/wp-json\/wp\/v2\/product\/488340","targetHints":{"allow":["GET"]}}],"collection":[{"href":"https:\/\/welle.ee\/ee\/wp-json\/wp\/v2\/product"}],"about":[{"href":"https:\/\/welle.ee\/ee\/wp-json\/wp\/v2\/types\/product"}],"version-history":[{"count":1,"href":"https:\/\/welle.ee\/ee\/wp-json\/wp\/v2\/product\/488340\/revisions"}],"predecessor-version":[{"id":488341,"href":"https:\/\/welle.ee\/ee\/wp-json\/wp\/v2\/product\/488340\/revisions\/488341"}],"wp:featuredmedia":[{"embeddable":true,"href":"https:\/\/welle.ee\/ee\/wp-json\/wp\/v2\/media\/500161"}],"wp:attachment":[{"href":"https:\/\/welle.ee\/ee\/wp-json\/wp\/v2\/media?parent=488340"}],"wp:term":[{"taxonomy":"product_brand","embeddable":true,"href":"https:\/\/welle.ee\/ee\/wp-json\/wp\/v2\/product_brand?post=488340"},{"taxonomy":"product_cat","embeddable":true,"href":"https:\/\/welle.ee\/ee\/wp-json\/wp\/v2\/product_cat?post=488340"},{"taxonomy":"product_tag","embeddable":true,"href":"https:\/\/welle.ee\/ee\/wp-json\/wp\/v2\/product_tag?post=488340"}],"curies":[{"name":"wp","href":"https:\/\/api.w.org\/{rel}","templated":true}]}}