{"id":488426,"date":"2025-09-09T10:59:05","date_gmt":"2025-09-09T10:59:05","guid":{"rendered":"https:\/\/wellefurniture.eu\/rtv-stand-eva-black-gloss-black-gloss\/"},"modified":"2026-01-30T23:01:31","modified_gmt":"2026-01-30T23:01:31","slug":"rtv-stand-eva-black-gloss-black-gloss","status":"publish","type":"product","link":"https:\/\/welle.ee\/ee\/rtv-stand-eva-black-gloss-black-gloss\/","title":{"rendered":"EVA RTV alus must l\u00e4ige\/must l\u00e4ige"},"content":{"rendered":"<ul>\n<li>m\u00f5\u00f5dud: <\/li>\n<li>k\/l\/d- 56m\/180cm\/40cm<\/li>\n<li>materjalist<\/li>\n<li>korpus: lamineeritud puitlaastplaat 16mm<\/li>\n<li>Esik\u00fcljed: MDF 16mm, kaetud PVC fooliumiga<\/li>\n<li>peal: MDF 16mm, kaetud PVC fooliumiga<\/li>\n<li>K\u00e4epide: puudumine, <\/li>\n<li>Jalad: sokkel<\/li>\n<li>Valgustus: valgustus ei kuulu komplekti, tuleb eraldi tellida valgustid POLARUS MICRO x2 ja toiteadapter ning 2LED<\/li>\n<\/ul>\n","protected":false},"excerpt":{"rendered":"<p>m\u00f5\u00f5dud: k\/l\/d- 56m\/180cm\/40cm materjalist korpus: lamineeritud puitlaastplaat 16mm Esik\u00fcljed: MDF 16mm, kaetud PVC fooliumiga peal: MDF 16mm, kaetud PVC fooliumiga<\/p>\n","protected":false},"featured_media":500338,"template":"","meta":[],"product_brand":[],"product_cat":[2349,2353,2351],"product_tag":[],"class_list":{"0":"post-488426","1":"product","2":"type-product","3":"status-publish","4":"has-post-thumbnail","6":"product_cat-livroom","7":"product_cat-shop","8":"product_cat-tvtable","9":"pa_manufacturer-halmar","11":"first","12":"instock","13":"sale","14":"taxable","15":"shipping-taxable","16":"purchasable","17":"product-type-simple"},"yoast_head":"<!-- This site is optimized with the Yoast SEO plugin v26.2 - https:\/\/yoast.com\/wordpress\/plugins\/seo\/ -->\n<title>EVA RTV alus must l\u00e4ige\/must l\u00e4ige - Welle<\/title>\n<meta name=\"robots\" content=\"index, follow, max-snippet:-1, max-image-preview:large, max-video-preview:-1\" \/>\n<link rel=\"canonical\" href=\"https:\/\/welle.ee\/ee\/rtv-stand-eva-black-gloss-black-gloss\/\" \/>\n<meta property=\"og:locale\" content=\"en_US\" \/>\n<meta property=\"og:type\" content=\"article\" \/>\n<meta property=\"og:title\" content=\"EVA RTV alus must l\u00e4ige\/must l\u00e4ige - Welle\" \/>\n<meta property=\"og:description\" content=\"m\u00f5\u00f5dud: k\/l\/d- 56m\/180cm\/40cm materjalist korpus: lamineeritud puitlaastplaat 16mm Esik\u00fcljed: MDF 16mm, kaetud PVC fooliumiga peal: MDF 16mm, kaetud PVC fooliumiga\" \/>\n<meta property=\"og:url\" content=\"https:\/\/welle.ee\/ee\/rtv-stand-eva-black-gloss-black-gloss\/\" \/>\n<meta property=\"og:site_name\" content=\"Welle\" \/>\n<meta property=\"article:modified_time\" content=\"2026-01-30T23:01:31+00:00\" \/>\n<meta property=\"og:image\" content=\"https:\/\/welle.ee\/wp-content\/uploads\/2025\/09\/2010001186380_1.jpg\" \/>\n\t<meta property=\"og:image:width\" content=\"800\" \/>\n\t<meta property=\"og:image:height\" content=\"604\" \/>\n\t<meta property=\"og:image:type\" content=\"image\/jpeg\" \/>\n<meta name=\"twitter:card\" content=\"summary_large_image\" \/>\n<script type=\"application\/ld+json\" class=\"yoast-schema-graph\">{\"@context\":\"https:\/\/schema.org\",\"@graph\":[{\"@type\":\"WebPage\",\"@id\":\"https:\/\/welle.ee\/ee\/rtv-stand-eva-black-gloss-black-gloss\/\",\"url\":\"https:\/\/welle.ee\/ee\/rtv-stand-eva-black-gloss-black-gloss\/\",\"name\":\"EVA RTV alus must l\u00e4ige\/must l\u00e4ige - Welle\",\"isPartOf\":{\"@id\":\"https:\/\/welle.ee\/ee\/#website\"},\"primaryImageOfPage\":{\"@id\":\"https:\/\/welle.ee\/ee\/rtv-stand-eva-black-gloss-black-gloss\/#primaryimage\"},\"image\":{\"@id\":\"https:\/\/welle.ee\/ee\/rtv-stand-eva-black-gloss-black-gloss\/#primaryimage\"},\"thumbnailUrl\":\"https:\/\/welle.ee\/wp-content\/uploads\/2025\/09\/2010001186380_1.jpg\",\"datePublished\":\"2025-09-09T10:59:05+00:00\",\"dateModified\":\"2026-01-30T23:01:31+00:00\",\"breadcrumb\":{\"@id\":\"https:\/\/welle.ee\/ee\/rtv-stand-eva-black-gloss-black-gloss\/#breadcrumb\"},\"inLanguage\":\"ee\",\"potentialAction\":[{\"@type\":\"ReadAction\",\"target\":[\"https:\/\/welle.ee\/ee\/rtv-stand-eva-black-gloss-black-gloss\/\"]}]},{\"@type\":\"ImageObject\",\"inLanguage\":\"ee\",\"@id\":\"https:\/\/welle.ee\/ee\/rtv-stand-eva-black-gloss-black-gloss\/#primaryimage\",\"url\":\"https:\/\/welle.ee\/wp-content\/uploads\/2025\/09\/2010001186380_1.jpg\",\"contentUrl\":\"https:\/\/welle.ee\/wp-content\/uploads\/2025\/09\/2010001186380_1.jpg\",\"width\":800,\"height\":604},{\"@type\":\"BreadcrumbList\",\"@id\":\"https:\/\/welle.ee\/ee\/rtv-stand-eva-black-gloss-black-gloss\/#breadcrumb\",\"itemListElement\":[{\"@type\":\"ListItem\",\"position\":1,\"name\":\"\u0413\u043b\u0430\u0432\u043d\u0430\u044f \u0441\u0442\u0440\u0430\u043d\u0438\u0446\u0430\",\"item\":\"https:\/\/welle.ee\/ee\/\"},{\"@type\":\"ListItem\",\"position\":2,\"name\":\"Tooted\",\"item\":\"https:\/\/welle.ee\/ee\/tooted\/\"},{\"@type\":\"ListItem\",\"position\":3,\"name\":\"EVA RTV alus must l\u00e4ige\/must l\u00e4ige\"}]},{\"@type\":\"WebSite\",\"@id\":\"https:\/\/welle.ee\/ee\/#website\",\"url\":\"https:\/\/welle.ee\/ee\/\",\"name\":\"Welle\",\"description\":\"\",\"potentialAction\":[{\"@type\":\"SearchAction\",\"target\":{\"@type\":\"EntryPoint\",\"urlTemplate\":\"https:\/\/welle.ee\/ee\/?s={search_term_string}\"},\"query-input\":{\"@type\":\"PropertyValueSpecification\",\"valueRequired\":true,\"valueName\":\"search_term_string\"}}],\"inLanguage\":\"ee\"}]}<\/script>\n<!-- \/ Yoast SEO plugin. -->","yoast_head_json":{"title":"EVA RTV alus must l\u00e4ige\/must l\u00e4ige - Welle","robots":{"index":"index","follow":"follow","max-snippet":"max-snippet:-1","max-image-preview":"max-image-preview:large","max-video-preview":"max-video-preview:-1"},"canonical":"https:\/\/welle.ee\/ee\/rtv-stand-eva-black-gloss-black-gloss\/","og_locale":"en_US","og_type":"article","og_title":"EVA RTV alus must l\u00e4ige\/must l\u00e4ige - Welle","og_description":"m\u00f5\u00f5dud: k\/l\/d- 56m\/180cm\/40cm materjalist korpus: lamineeritud puitlaastplaat 16mm Esik\u00fcljed: MDF 16mm, kaetud PVC fooliumiga peal: MDF 16mm, kaetud PVC fooliumiga","og_url":"https:\/\/welle.ee\/ee\/rtv-stand-eva-black-gloss-black-gloss\/","og_site_name":"Welle","article_modified_time":"2026-01-30T23:01:31+00:00","og_image":[{"width":800,"height":604,"url":"https:\/\/welle.ee\/wp-content\/uploads\/2025\/09\/2010001186380_1.jpg","type":"image\/jpeg"}],"twitter_card":"summary_large_image","schema":{"@context":"https:\/\/schema.org","@graph":[{"@type":"WebPage","@id":"https:\/\/welle.ee\/ee\/rtv-stand-eva-black-gloss-black-gloss\/","url":"https:\/\/welle.ee\/ee\/rtv-stand-eva-black-gloss-black-gloss\/","name":"EVA RTV alus must l\u00e4ige\/must l\u00e4ige - Welle","isPartOf":{"@id":"https:\/\/welle.ee\/ee\/#website"},"primaryImageOfPage":{"@id":"https:\/\/welle.ee\/ee\/rtv-stand-eva-black-gloss-black-gloss\/#primaryimage"},"image":{"@id":"https:\/\/welle.ee\/ee\/rtv-stand-eva-black-gloss-black-gloss\/#primaryimage"},"thumbnailUrl":"https:\/\/welle.ee\/wp-content\/uploads\/2025\/09\/2010001186380_1.jpg","datePublished":"2025-09-09T10:59:05+00:00","dateModified":"2026-01-30T23:01:31+00:00","breadcrumb":{"@id":"https:\/\/welle.ee\/ee\/rtv-stand-eva-black-gloss-black-gloss\/#breadcrumb"},"inLanguage":"ee","potentialAction":[{"@type":"ReadAction","target":["https:\/\/welle.ee\/ee\/rtv-stand-eva-black-gloss-black-gloss\/"]}]},{"@type":"ImageObject","inLanguage":"ee","@id":"https:\/\/welle.ee\/ee\/rtv-stand-eva-black-gloss-black-gloss\/#primaryimage","url":"https:\/\/welle.ee\/wp-content\/uploads\/2025\/09\/2010001186380_1.jpg","contentUrl":"https:\/\/welle.ee\/wp-content\/uploads\/2025\/09\/2010001186380_1.jpg","width":800,"height":604},{"@type":"BreadcrumbList","@id":"https:\/\/welle.ee\/ee\/rtv-stand-eva-black-gloss-black-gloss\/#breadcrumb","itemListElement":[{"@type":"ListItem","position":1,"name":"\u0413\u043b\u0430\u0432\u043d\u0430\u044f \u0441\u0442\u0440\u0430\u043d\u0438\u0446\u0430","item":"https:\/\/welle.ee\/ee\/"},{"@type":"ListItem","position":2,"name":"Tooted","item":"https:\/\/welle.ee\/ee\/tooted\/"},{"@type":"ListItem","position":3,"name":"EVA RTV alus must l\u00e4ige\/must l\u00e4ige"}]},{"@type":"WebSite","@id":"https:\/\/welle.ee\/ee\/#website","url":"https:\/\/welle.ee\/ee\/","name":"Welle","description":"","potentialAction":[{"@type":"SearchAction","target":{"@type":"EntryPoint","urlTemplate":"https:\/\/welle.ee\/ee\/?s={search_term_string}"},"query-input":{"@type":"PropertyValueSpecification","valueRequired":true,"valueName":"search_term_string"}}],"inLanguage":"ee"}]}},"_links":{"self":[{"href":"https:\/\/welle.ee\/ee\/wp-json\/wp\/v2\/product\/488426","targetHints":{"allow":["GET"]}}],"collection":[{"href":"https:\/\/welle.ee\/ee\/wp-json\/wp\/v2\/product"}],"about":[{"href":"https:\/\/welle.ee\/ee\/wp-json\/wp\/v2\/types\/product"}],"version-history":[{"count":8,"href":"https:\/\/welle.ee\/ee\/wp-json\/wp\/v2\/product\/488426\/revisions"}],"predecessor-version":[{"id":536814,"href":"https:\/\/welle.ee\/ee\/wp-json\/wp\/v2\/product\/488426\/revisions\/536814"}],"wp:featuredmedia":[{"embeddable":true,"href":"https:\/\/welle.ee\/ee\/wp-json\/wp\/v2\/media\/500338"}],"wp:attachment":[{"href":"https:\/\/welle.ee\/ee\/wp-json\/wp\/v2\/media?parent=488426"}],"wp:term":[{"taxonomy":"product_brand","embeddable":true,"href":"https:\/\/welle.ee\/ee\/wp-json\/wp\/v2\/product_brand?post=488426"},{"taxonomy":"product_cat","embeddable":true,"href":"https:\/\/welle.ee\/ee\/wp-json\/wp\/v2\/product_cat?post=488426"},{"taxonomy":"product_tag","embeddable":true,"href":"https:\/\/welle.ee\/ee\/wp-json\/wp\/v2\/product_tag?post=488426"}],"curies":[{"name":"wp","href":"https:\/\/api.w.org\/{rel}","templated":true}]}}