{"id":488790,"date":"2025-09-09T11:04:07","date_gmt":"2025-09-09T11:04:07","guid":{"rendered":"https:\/\/wellefurniture.eu\/roco-ro1-tv-stand-antracyt-wotan-mat\/"},"modified":"2025-10-31T16:51:01","modified_gmt":"2025-10-31T16:51:01","slug":"roco-ro1-tv-stand-antracyt-wotan-mat","status":"publish","type":"product","link":"https:\/\/welle.ee\/ee\/roco-ro1-tv-stand-antracyt-wotan-mat\/","title":{"rendered":"ROCO RO1 TV alus antratsiit\/wotan matt"},"content":{"rendered":"<ul>\n<li>m\u00f5\u00f5dud: k\/l\/s- 37,5cm\/112,5cm\/39cm<\/li>\n<li>materjalist<\/li>\n<li>Korpus: lamineeritud matt puitlaastplaat<\/li>\n<li>Esik\u00fcljed: lamineeritud matt MDF<\/li>\n<li>v\u00f5imalus kappi riputada\/asetada horisontaalselt v\u00f5i vertikaalselt<\/li>\n<li>\u00fcks klapp, mis avaneb alla v\u00f5i k\u00fcljele (vasakule \/ paremale)<\/li>\n<li>kahe kambri sees, vahesein \/ riiul<\/li>\n<li>ripp- v\u00f5i seisev kapp, komplektis aksessuaaride kapi jalapadjad<\/li>\n<li>Kui esiosa avaneks, peaksite ostma gaasit\u00f5stukid (2 tk \u00fche kapi kohta)<\/li>\n<li>PUSH-CLICK avamiss\u00fcsteem<\/li>\n<\/ul>\n","protected":false},"excerpt":{"rendered":"<p>m\u00f5\u00f5dud: k\/l\/s- 37,5cm\/112,5cm\/39cm materjalist Korpus: lamineeritud matt puitlaastplaat Esik\u00fcljed: lamineeritud matt MDF v\u00f5imalus kappi riputada\/asetada horisontaalselt v\u00f5i vertikaalselt \u00fcks klapp,<\/p>\n","protected":false},"featured_media":505588,"template":"","meta":[],"product_brand":[],"product_cat":[2353,2351],"product_tag":[],"class_list":{"0":"post-488790","1":"product","2":"type-product","3":"status-publish","4":"has-post-thumbnail","6":"product_cat-shop","7":"product_cat-tvtable","8":"pa_manufacturer-halmar","10":"first","11":"instock","12":"sale","13":"taxable","14":"shipping-taxable","15":"purchasable","16":"product-type-simple"},"yoast_head":"<!-- This site is optimized with the Yoast SEO plugin v26.2 - https:\/\/yoast.com\/wordpress\/plugins\/seo\/ -->\n<title>ROCO RO1 TV alus antratsiit\/wotan matt - Welle<\/title>\n<meta name=\"robots\" content=\"index, follow, max-snippet:-1, max-image-preview:large, max-video-preview:-1\" \/>\n<link rel=\"canonical\" href=\"https:\/\/welle.ee\/ee\/roco-ro1-tv-stand-antracyt-wotan-mat\/\" \/>\n<meta property=\"og:locale\" content=\"en_US\" \/>\n<meta property=\"og:type\" content=\"article\" \/>\n<meta property=\"og:title\" content=\"ROCO RO1 TV alus antratsiit\/wotan matt - Welle\" \/>\n<meta property=\"og:description\" content=\"m\u00f5\u00f5dud: k\/l\/s- 37,5cm\/112,5cm\/39cm materjalist Korpus: lamineeritud matt puitlaastplaat Esik\u00fcljed: lamineeritud matt MDF v\u00f5imalus kappi riputada\/asetada horisontaalselt v\u00f5i vertikaalselt \u00fcks klapp,\" \/>\n<meta property=\"og:url\" content=\"https:\/\/welle.ee\/ee\/roco-ro1-tv-stand-antracyt-wotan-mat\/\" \/>\n<meta property=\"og:site_name\" content=\"Welle\" \/>\n<meta property=\"article:modified_time\" content=\"2025-10-31T16:51:01+00:00\" \/>\n<meta property=\"og:image\" content=\"https:\/\/welle.ee\/wp-content\/uploads\/2025\/09\/2010001168270_1.jpg\" \/>\n\t<meta property=\"og:image:width\" content=\"800\" \/>\n\t<meta property=\"og:image:height\" content=\"471\" \/>\n\t<meta property=\"og:image:type\" content=\"image\/jpeg\" \/>\n<meta name=\"twitter:card\" content=\"summary_large_image\" \/>\n<script type=\"application\/ld+json\" class=\"yoast-schema-graph\">{\"@context\":\"https:\/\/schema.org\",\"@graph\":[{\"@type\":\"WebPage\",\"@id\":\"https:\/\/welle.ee\/ee\/roco-ro1-tv-stand-antracyt-wotan-mat\/\",\"url\":\"https:\/\/welle.ee\/ee\/roco-ro1-tv-stand-antracyt-wotan-mat\/\",\"name\":\"ROCO RO1 TV alus antratsiit\/wotan matt - Welle\",\"isPartOf\":{\"@id\":\"https:\/\/welle.ee\/ee\/#website\"},\"primaryImageOfPage\":{\"@id\":\"https:\/\/welle.ee\/ee\/roco-ro1-tv-stand-antracyt-wotan-mat\/#primaryimage\"},\"image\":{\"@id\":\"https:\/\/welle.ee\/ee\/roco-ro1-tv-stand-antracyt-wotan-mat\/#primaryimage\"},\"thumbnailUrl\":\"https:\/\/welle.ee\/wp-content\/uploads\/2025\/09\/2010001168270_1.jpg\",\"datePublished\":\"2025-09-09T11:04:07+00:00\",\"dateModified\":\"2025-10-31T16:51:01+00:00\",\"breadcrumb\":{\"@id\":\"https:\/\/welle.ee\/ee\/roco-ro1-tv-stand-antracyt-wotan-mat\/#breadcrumb\"},\"inLanguage\":\"ee\",\"potentialAction\":[{\"@type\":\"ReadAction\",\"target\":[\"https:\/\/welle.ee\/ee\/roco-ro1-tv-stand-antracyt-wotan-mat\/\"]}]},{\"@type\":\"ImageObject\",\"inLanguage\":\"ee\",\"@id\":\"https:\/\/welle.ee\/ee\/roco-ro1-tv-stand-antracyt-wotan-mat\/#primaryimage\",\"url\":\"https:\/\/welle.ee\/wp-content\/uploads\/2025\/09\/2010001168270_1.jpg\",\"contentUrl\":\"https:\/\/welle.ee\/wp-content\/uploads\/2025\/09\/2010001168270_1.jpg\",\"width\":800,\"height\":471},{\"@type\":\"BreadcrumbList\",\"@id\":\"https:\/\/welle.ee\/ee\/roco-ro1-tv-stand-antracyt-wotan-mat\/#breadcrumb\",\"itemListElement\":[{\"@type\":\"ListItem\",\"position\":1,\"name\":\"\u0413\u043b\u0430\u0432\u043d\u0430\u044f \u0441\u0442\u0440\u0430\u043d\u0438\u0446\u0430\",\"item\":\"https:\/\/welle.ee\/ee\/\"},{\"@type\":\"ListItem\",\"position\":2,\"name\":\"Tooted\",\"item\":\"https:\/\/welle.ee\/ee\/tooted\/\"},{\"@type\":\"ListItem\",\"position\":3,\"name\":\"ROCO RO1 TV alus antratsiit\/wotan matt\"}]},{\"@type\":\"WebSite\",\"@id\":\"https:\/\/welle.ee\/ee\/#website\",\"url\":\"https:\/\/welle.ee\/ee\/\",\"name\":\"Welle\",\"description\":\"\",\"potentialAction\":[{\"@type\":\"SearchAction\",\"target\":{\"@type\":\"EntryPoint\",\"urlTemplate\":\"https:\/\/welle.ee\/ee\/?s={search_term_string}\"},\"query-input\":{\"@type\":\"PropertyValueSpecification\",\"valueRequired\":true,\"valueName\":\"search_term_string\"}}],\"inLanguage\":\"ee\"}]}<\/script>\n<!-- \/ Yoast SEO plugin. -->","yoast_head_json":{"title":"ROCO RO1 TV alus antratsiit\/wotan matt - Welle","robots":{"index":"index","follow":"follow","max-snippet":"max-snippet:-1","max-image-preview":"max-image-preview:large","max-video-preview":"max-video-preview:-1"},"canonical":"https:\/\/welle.ee\/ee\/roco-ro1-tv-stand-antracyt-wotan-mat\/","og_locale":"en_US","og_type":"article","og_title":"ROCO RO1 TV alus antratsiit\/wotan matt - Welle","og_description":"m\u00f5\u00f5dud: k\/l\/s- 37,5cm\/112,5cm\/39cm materjalist Korpus: lamineeritud matt puitlaastplaat Esik\u00fcljed: lamineeritud matt MDF v\u00f5imalus kappi riputada\/asetada horisontaalselt v\u00f5i vertikaalselt \u00fcks klapp,","og_url":"https:\/\/welle.ee\/ee\/roco-ro1-tv-stand-antracyt-wotan-mat\/","og_site_name":"Welle","article_modified_time":"2025-10-31T16:51:01+00:00","og_image":[{"width":800,"height":471,"url":"https:\/\/welle.ee\/wp-content\/uploads\/2025\/09\/2010001168270_1.jpg","type":"image\/jpeg"}],"twitter_card":"summary_large_image","schema":{"@context":"https:\/\/schema.org","@graph":[{"@type":"WebPage","@id":"https:\/\/welle.ee\/ee\/roco-ro1-tv-stand-antracyt-wotan-mat\/","url":"https:\/\/welle.ee\/ee\/roco-ro1-tv-stand-antracyt-wotan-mat\/","name":"ROCO RO1 TV alus antratsiit\/wotan matt - Welle","isPartOf":{"@id":"https:\/\/welle.ee\/ee\/#website"},"primaryImageOfPage":{"@id":"https:\/\/welle.ee\/ee\/roco-ro1-tv-stand-antracyt-wotan-mat\/#primaryimage"},"image":{"@id":"https:\/\/welle.ee\/ee\/roco-ro1-tv-stand-antracyt-wotan-mat\/#primaryimage"},"thumbnailUrl":"https:\/\/welle.ee\/wp-content\/uploads\/2025\/09\/2010001168270_1.jpg","datePublished":"2025-09-09T11:04:07+00:00","dateModified":"2025-10-31T16:51:01+00:00","breadcrumb":{"@id":"https:\/\/welle.ee\/ee\/roco-ro1-tv-stand-antracyt-wotan-mat\/#breadcrumb"},"inLanguage":"ee","potentialAction":[{"@type":"ReadAction","target":["https:\/\/welle.ee\/ee\/roco-ro1-tv-stand-antracyt-wotan-mat\/"]}]},{"@type":"ImageObject","inLanguage":"ee","@id":"https:\/\/welle.ee\/ee\/roco-ro1-tv-stand-antracyt-wotan-mat\/#primaryimage","url":"https:\/\/welle.ee\/wp-content\/uploads\/2025\/09\/2010001168270_1.jpg","contentUrl":"https:\/\/welle.ee\/wp-content\/uploads\/2025\/09\/2010001168270_1.jpg","width":800,"height":471},{"@type":"BreadcrumbList","@id":"https:\/\/welle.ee\/ee\/roco-ro1-tv-stand-antracyt-wotan-mat\/#breadcrumb","itemListElement":[{"@type":"ListItem","position":1,"name":"\u0413\u043b\u0430\u0432\u043d\u0430\u044f \u0441\u0442\u0440\u0430\u043d\u0438\u0446\u0430","item":"https:\/\/welle.ee\/ee\/"},{"@type":"ListItem","position":2,"name":"Tooted","item":"https:\/\/welle.ee\/ee\/tooted\/"},{"@type":"ListItem","position":3,"name":"ROCO RO1 TV alus antratsiit\/wotan matt"}]},{"@type":"WebSite","@id":"https:\/\/welle.ee\/ee\/#website","url":"https:\/\/welle.ee\/ee\/","name":"Welle","description":"","potentialAction":[{"@type":"SearchAction","target":{"@type":"EntryPoint","urlTemplate":"https:\/\/welle.ee\/ee\/?s={search_term_string}"},"query-input":{"@type":"PropertyValueSpecification","valueRequired":true,"valueName":"search_term_string"}}],"inLanguage":"ee"}]}},"_links":{"self":[{"href":"https:\/\/welle.ee\/ee\/wp-json\/wp\/v2\/product\/488790","targetHints":{"allow":["GET"]}}],"collection":[{"href":"https:\/\/welle.ee\/ee\/wp-json\/wp\/v2\/product"}],"about":[{"href":"https:\/\/welle.ee\/ee\/wp-json\/wp\/v2\/types\/product"}],"version-history":[{"count":6,"href":"https:\/\/welle.ee\/ee\/wp-json\/wp\/v2\/product\/488790\/revisions"}],"predecessor-version":[{"id":536988,"href":"https:\/\/welle.ee\/ee\/wp-json\/wp\/v2\/product\/488790\/revisions\/536988"}],"wp:featuredmedia":[{"embeddable":true,"href":"https:\/\/welle.ee\/ee\/wp-json\/wp\/v2\/media\/505588"}],"wp:attachment":[{"href":"https:\/\/welle.ee\/ee\/wp-json\/wp\/v2\/media?parent=488790"}],"wp:term":[{"taxonomy":"product_brand","embeddable":true,"href":"https:\/\/welle.ee\/ee\/wp-json\/wp\/v2\/product_brand?post=488790"},{"taxonomy":"product_cat","embeddable":true,"href":"https:\/\/welle.ee\/ee\/wp-json\/wp\/v2\/product_cat?post=488790"},{"taxonomy":"product_tag","embeddable":true,"href":"https:\/\/welle.ee\/ee\/wp-json\/wp\/v2\/product_tag?post=488790"}],"curies":[{"name":"wp","href":"https:\/\/api.w.org\/{rel}","templated":true}]}}