{"id":488856,"date":"2025-09-09T11:05:08","date_gmt":"2025-09-09T11:05:08","guid":{"rendered":"https:\/\/wellefurniture.eu\/siena-chest-of-drawers-150-beige\/"},"modified":"2026-04-07T01:01:02","modified_gmt":"2026-04-07T01:01:02","slug":"siena-chest-of-drawers-150-beige","status":"publish","type":"product","link":"https:\/\/welle.ee\/ee\/siena-chest-of-drawers-150-beige\/","title":{"rendered":"SIENA kummut 150 bee\u017e"},"content":{"rendered":"<ul>\n<li>SIENA kummut 150  <\/li>\n<li>m\u00f5\u00f5dud: <\/li>\n<li>k\/l\/d &#8211; 75cm\/150,5cm\/40cm   <\/li>\n<li>materjal: korpus: lamineeritud puitlaastplaat 16 mm    <\/li>\n<li>Esik\u00fcljed: MDF plaat 16mm n\u00e4htavate freesidega <\/li>\n<li>Jalad: metallist, k\u00f5rgus 20 cm, jalad m\u00f6\u00f6bli v\u00e4rvi  <\/li>\n<li>K\u00e4epide: l\u00fckake s\u00fcsteemi avamiseks<\/li>\n<\/ul>\n","protected":false},"excerpt":{"rendered":"<p>SIENA kummut 150 m\u00f5\u00f5dud: k\/l\/d &#8211; 75cm\/150,5cm\/40cm materjal: korpus: lamineeritud puitlaastplaat 16 mm Esik\u00fcljed: MDF plaat 16mm n\u00e4htavate freesidega Jalad:<\/p>\n","protected":false},"featured_media":505630,"template":"","meta":[],"product_brand":[],"product_cat":[2349,2353],"product_tag":[],"class_list":{"0":"post-488856","1":"product","2":"type-product","3":"status-publish","4":"has-post-thumbnail","6":"product_cat-livroom","7":"product_cat-shop","8":"pa_manufacturer-halmar","10":"first","11":"instock","12":"sale","13":"taxable","14":"shipping-taxable","15":"purchasable","16":"product-type-simple"},"yoast_head":"<!-- This site is optimized with the Yoast SEO plugin v26.2 - https:\/\/yoast.com\/wordpress\/plugins\/seo\/ -->\n<title>SIENA kummut 150 bee\u017e - Welle<\/title>\n<meta name=\"robots\" content=\"index, follow, max-snippet:-1, max-image-preview:large, max-video-preview:-1\" \/>\n<link rel=\"canonical\" href=\"https:\/\/welle.ee\/ee\/siena-chest-of-drawers-150-beige\/\" \/>\n<meta property=\"og:locale\" content=\"en_US\" \/>\n<meta property=\"og:type\" content=\"article\" \/>\n<meta property=\"og:title\" content=\"SIENA kummut 150 bee\u017e - Welle\" \/>\n<meta property=\"og:description\" content=\"SIENA kummut 150 m\u00f5\u00f5dud: k\/l\/d &#8211; 75cm\/150,5cm\/40cm materjal: korpus: lamineeritud puitlaastplaat 16 mm Esik\u00fcljed: MDF plaat 16mm n\u00e4htavate freesidega Jalad:\" \/>\n<meta property=\"og:url\" content=\"https:\/\/welle.ee\/ee\/siena-chest-of-drawers-150-beige\/\" \/>\n<meta property=\"og:site_name\" content=\"Welle\" \/>\n<meta property=\"article:modified_time\" content=\"2026-04-07T01:01:02+00:00\" \/>\n<meta property=\"og:image\" content=\"https:\/\/welle.ee\/wp-content\/uploads\/2025\/09\/5903815009877_1.jpg\" \/>\n\t<meta property=\"og:image:width\" content=\"800\" \/>\n\t<meta property=\"og:image:height\" content=\"600\" \/>\n\t<meta property=\"og:image:type\" content=\"image\/jpeg\" \/>\n<meta name=\"twitter:card\" content=\"summary_large_image\" \/>\n<script type=\"application\/ld+json\" class=\"yoast-schema-graph\">{\"@context\":\"https:\/\/schema.org\",\"@graph\":[{\"@type\":\"WebPage\",\"@id\":\"https:\/\/welle.ee\/ee\/siena-chest-of-drawers-150-beige\/\",\"url\":\"https:\/\/welle.ee\/ee\/siena-chest-of-drawers-150-beige\/\",\"name\":\"SIENA kummut 150 bee\u017e - Welle\",\"isPartOf\":{\"@id\":\"https:\/\/welle.ee\/ee\/#website\"},\"primaryImageOfPage\":{\"@id\":\"https:\/\/welle.ee\/ee\/siena-chest-of-drawers-150-beige\/#primaryimage\"},\"image\":{\"@id\":\"https:\/\/welle.ee\/ee\/siena-chest-of-drawers-150-beige\/#primaryimage\"},\"thumbnailUrl\":\"https:\/\/welle.ee\/wp-content\/uploads\/2025\/09\/5903815009877_1.jpg\",\"datePublished\":\"2025-09-09T11:05:08+00:00\",\"dateModified\":\"2026-04-07T01:01:02+00:00\",\"breadcrumb\":{\"@id\":\"https:\/\/welle.ee\/ee\/siena-chest-of-drawers-150-beige\/#breadcrumb\"},\"inLanguage\":\"ee\",\"potentialAction\":[{\"@type\":\"ReadAction\",\"target\":[\"https:\/\/welle.ee\/ee\/siena-chest-of-drawers-150-beige\/\"]}]},{\"@type\":\"ImageObject\",\"inLanguage\":\"ee\",\"@id\":\"https:\/\/welle.ee\/ee\/siena-chest-of-drawers-150-beige\/#primaryimage\",\"url\":\"https:\/\/welle.ee\/wp-content\/uploads\/2025\/09\/5903815009877_1.jpg\",\"contentUrl\":\"https:\/\/welle.ee\/wp-content\/uploads\/2025\/09\/5903815009877_1.jpg\",\"width\":800,\"height\":600},{\"@type\":\"BreadcrumbList\",\"@id\":\"https:\/\/welle.ee\/ee\/siena-chest-of-drawers-150-beige\/#breadcrumb\",\"itemListElement\":[{\"@type\":\"ListItem\",\"position\":1,\"name\":\"\u0413\u043b\u0430\u0432\u043d\u0430\u044f \u0441\u0442\u0440\u0430\u043d\u0438\u0446\u0430\",\"item\":\"https:\/\/welle.ee\/ee\/\"},{\"@type\":\"ListItem\",\"position\":2,\"name\":\"Tooted\",\"item\":\"https:\/\/welle.ee\/ee\/tooted\/\"},{\"@type\":\"ListItem\",\"position\":3,\"name\":\"SIENA kummut 150 bee\u017e\"}]},{\"@type\":\"WebSite\",\"@id\":\"https:\/\/welle.ee\/ee\/#website\",\"url\":\"https:\/\/welle.ee\/ee\/\",\"name\":\"Welle\",\"description\":\"\",\"potentialAction\":[{\"@type\":\"SearchAction\",\"target\":{\"@type\":\"EntryPoint\",\"urlTemplate\":\"https:\/\/welle.ee\/ee\/?s={search_term_string}\"},\"query-input\":{\"@type\":\"PropertyValueSpecification\",\"valueRequired\":true,\"valueName\":\"search_term_string\"}}],\"inLanguage\":\"ee\"}]}<\/script>\n<!-- \/ Yoast SEO plugin. -->","yoast_head_json":{"title":"SIENA kummut 150 bee\u017e - Welle","robots":{"index":"index","follow":"follow","max-snippet":"max-snippet:-1","max-image-preview":"max-image-preview:large","max-video-preview":"max-video-preview:-1"},"canonical":"https:\/\/welle.ee\/ee\/siena-chest-of-drawers-150-beige\/","og_locale":"en_US","og_type":"article","og_title":"SIENA kummut 150 bee\u017e - Welle","og_description":"SIENA kummut 150 m\u00f5\u00f5dud: k\/l\/d &#8211; 75cm\/150,5cm\/40cm materjal: korpus: lamineeritud puitlaastplaat 16 mm Esik\u00fcljed: MDF plaat 16mm n\u00e4htavate freesidega Jalad:","og_url":"https:\/\/welle.ee\/ee\/siena-chest-of-drawers-150-beige\/","og_site_name":"Welle","article_modified_time":"2026-04-07T01:01:02+00:00","og_image":[{"width":800,"height":600,"url":"https:\/\/welle.ee\/wp-content\/uploads\/2025\/09\/5903815009877_1.jpg","type":"image\/jpeg"}],"twitter_card":"summary_large_image","schema":{"@context":"https:\/\/schema.org","@graph":[{"@type":"WebPage","@id":"https:\/\/welle.ee\/ee\/siena-chest-of-drawers-150-beige\/","url":"https:\/\/welle.ee\/ee\/siena-chest-of-drawers-150-beige\/","name":"SIENA kummut 150 bee\u017e - Welle","isPartOf":{"@id":"https:\/\/welle.ee\/ee\/#website"},"primaryImageOfPage":{"@id":"https:\/\/welle.ee\/ee\/siena-chest-of-drawers-150-beige\/#primaryimage"},"image":{"@id":"https:\/\/welle.ee\/ee\/siena-chest-of-drawers-150-beige\/#primaryimage"},"thumbnailUrl":"https:\/\/welle.ee\/wp-content\/uploads\/2025\/09\/5903815009877_1.jpg","datePublished":"2025-09-09T11:05:08+00:00","dateModified":"2026-04-07T01:01:02+00:00","breadcrumb":{"@id":"https:\/\/welle.ee\/ee\/siena-chest-of-drawers-150-beige\/#breadcrumb"},"inLanguage":"ee","potentialAction":[{"@type":"ReadAction","target":["https:\/\/welle.ee\/ee\/siena-chest-of-drawers-150-beige\/"]}]},{"@type":"ImageObject","inLanguage":"ee","@id":"https:\/\/welle.ee\/ee\/siena-chest-of-drawers-150-beige\/#primaryimage","url":"https:\/\/welle.ee\/wp-content\/uploads\/2025\/09\/5903815009877_1.jpg","contentUrl":"https:\/\/welle.ee\/wp-content\/uploads\/2025\/09\/5903815009877_1.jpg","width":800,"height":600},{"@type":"BreadcrumbList","@id":"https:\/\/welle.ee\/ee\/siena-chest-of-drawers-150-beige\/#breadcrumb","itemListElement":[{"@type":"ListItem","position":1,"name":"\u0413\u043b\u0430\u0432\u043d\u0430\u044f \u0441\u0442\u0440\u0430\u043d\u0438\u0446\u0430","item":"https:\/\/welle.ee\/ee\/"},{"@type":"ListItem","position":2,"name":"Tooted","item":"https:\/\/welle.ee\/ee\/tooted\/"},{"@type":"ListItem","position":3,"name":"SIENA kummut 150 bee\u017e"}]},{"@type":"WebSite","@id":"https:\/\/welle.ee\/ee\/#website","url":"https:\/\/welle.ee\/ee\/","name":"Welle","description":"","potentialAction":[{"@type":"SearchAction","target":{"@type":"EntryPoint","urlTemplate":"https:\/\/welle.ee\/ee\/?s={search_term_string}"},"query-input":{"@type":"PropertyValueSpecification","valueRequired":true,"valueName":"search_term_string"}}],"inLanguage":"ee"}]}},"_links":{"self":[{"href":"https:\/\/welle.ee\/ee\/wp-json\/wp\/v2\/product\/488856","targetHints":{"allow":["GET"]}}],"collection":[{"href":"https:\/\/welle.ee\/ee\/wp-json\/wp\/v2\/product"}],"about":[{"href":"https:\/\/welle.ee\/ee\/wp-json\/wp\/v2\/types\/product"}],"version-history":[{"count":6,"href":"https:\/\/welle.ee\/ee\/wp-json\/wp\/v2\/product\/488856\/revisions"}],"predecessor-version":[{"id":537021,"href":"https:\/\/welle.ee\/ee\/wp-json\/wp\/v2\/product\/488856\/revisions\/537021"}],"wp:featuredmedia":[{"embeddable":true,"href":"https:\/\/welle.ee\/ee\/wp-json\/wp\/v2\/media\/505630"}],"wp:attachment":[{"href":"https:\/\/welle.ee\/ee\/wp-json\/wp\/v2\/media?parent=488856"}],"wp:term":[{"taxonomy":"product_brand","embeddable":true,"href":"https:\/\/welle.ee\/ee\/wp-json\/wp\/v2\/product_brand?post=488856"},{"taxonomy":"product_cat","embeddable":true,"href":"https:\/\/welle.ee\/ee\/wp-json\/wp\/v2\/product_cat?post=488856"},{"taxonomy":"product_tag","embeddable":true,"href":"https:\/\/welle.ee\/ee\/wp-json\/wp\/v2\/product_tag?post=488856"}],"curies":[{"name":"wp","href":"https:\/\/api.w.org\/{rel}","templated":true}]}}