{"id":488884,"date":"2025-09-09T11:05:33","date_gmt":"2025-09-09T11:05:33","guid":{"rendered":"https:\/\/wellefurniture.eu\/soho-s7-chest-of-drawers-black-black\/"},"modified":"2025-10-31T16:50:46","modified_gmt":"2025-10-31T16:50:46","slug":"soho-s7-chest-of-drawers-black-black","status":"publish","type":"product","link":"https:\/\/welle.ee\/ee\/soho-s7-chest-of-drawers-black-black\/","title":{"rendered":"SOHO S7 kummut must\/must"},"content":{"rendered":"<ul>\n<li>Kummut<\/li>\n<li>m\u00f5\u00f5tmed: k\/l\/d 80cm\/12cm\/41cm, <\/li>\n<li>materjal: <\/li>\n<li>Korpus: lamineeritud matt puitlaastplaat  <\/li>\n<li>Esik\u00fclg: lamineeritud k\u00f5rgl\u00e4ikega MDF <\/li>\n<li>K\u00e4epide: plastmaterjal<\/li>\n<li>(valgustus ei kuulu komplekti, tuleb eraldi tellida valgustus 2LED)<\/li>\n<\/ul>\n","protected":false},"excerpt":{"rendered":"<p>Kummut m\u00f5\u00f5tmed: k\/l\/d 80cm\/12cm\/41cm, materjal: Korpus: lamineeritud matt puitlaastplaat Esik\u00fclg: lamineeritud k\u00f5rgl\u00e4ikega MDF K\u00e4epide: plastmaterjal (valgustus ei kuulu komplekti, tuleb<\/p>\n","protected":false},"featured_media":505672,"template":"","meta":[],"product_brand":[],"product_cat":[2349,2353],"product_tag":[],"class_list":{"0":"post-488884","1":"product","2":"type-product","3":"status-publish","4":"has-post-thumbnail","6":"product_cat-livroom","7":"product_cat-shop","8":"pa_manufacturer-halmar","10":"first","11":"instock","12":"sale","13":"taxable","14":"shipping-taxable","15":"purchasable","16":"product-type-simple"},"yoast_head":"<!-- This site is optimized with the Yoast SEO plugin v26.2 - https:\/\/yoast.com\/wordpress\/plugins\/seo\/ -->\n<title>SOHO S7 kummut must\/must - Welle<\/title>\n<meta name=\"robots\" content=\"index, follow, max-snippet:-1, max-image-preview:large, max-video-preview:-1\" \/>\n<link rel=\"canonical\" href=\"https:\/\/welle.ee\/ee\/soho-s7-chest-of-drawers-black-black\/\" \/>\n<meta property=\"og:locale\" content=\"en_US\" \/>\n<meta property=\"og:type\" content=\"article\" \/>\n<meta property=\"og:title\" content=\"SOHO S7 kummut must\/must - Welle\" \/>\n<meta property=\"og:description\" content=\"Kummut m\u00f5\u00f5tmed: k\/l\/d 80cm\/12cm\/41cm, materjal: Korpus: lamineeritud matt puitlaastplaat Esik\u00fclg: lamineeritud k\u00f5rgl\u00e4ikega MDF K\u00e4epide: plastmaterjal (valgustus ei kuulu komplekti, tuleb\" \/>\n<meta property=\"og:url\" content=\"https:\/\/welle.ee\/ee\/soho-s7-chest-of-drawers-black-black\/\" \/>\n<meta property=\"og:site_name\" content=\"Welle\" \/>\n<meta property=\"article:modified_time\" content=\"2025-10-31T16:50:46+00:00\" \/>\n<meta property=\"og:image\" content=\"https:\/\/welle.ee\/wp-content\/uploads\/2025\/09\/2010001162193_1.jpg\" \/>\n\t<meta property=\"og:image:width\" content=\"1800\" \/>\n\t<meta property=\"og:image:height\" content=\"1013\" \/>\n\t<meta property=\"og:image:type\" content=\"image\/jpeg\" \/>\n<meta name=\"twitter:card\" content=\"summary_large_image\" \/>\n<script type=\"application\/ld+json\" class=\"yoast-schema-graph\">{\"@context\":\"https:\/\/schema.org\",\"@graph\":[{\"@type\":\"WebPage\",\"@id\":\"https:\/\/welle.ee\/ee\/soho-s7-chest-of-drawers-black-black\/\",\"url\":\"https:\/\/welle.ee\/ee\/soho-s7-chest-of-drawers-black-black\/\",\"name\":\"SOHO S7 kummut must\/must - Welle\",\"isPartOf\":{\"@id\":\"https:\/\/welle.ee\/ee\/#website\"},\"primaryImageOfPage\":{\"@id\":\"https:\/\/welle.ee\/ee\/soho-s7-chest-of-drawers-black-black\/#primaryimage\"},\"image\":{\"@id\":\"https:\/\/welle.ee\/ee\/soho-s7-chest-of-drawers-black-black\/#primaryimage\"},\"thumbnailUrl\":\"https:\/\/welle.ee\/wp-content\/uploads\/2025\/09\/2010001162193_1.jpg\",\"datePublished\":\"2025-09-09T11:05:33+00:00\",\"dateModified\":\"2025-10-31T16:50:46+00:00\",\"breadcrumb\":{\"@id\":\"https:\/\/welle.ee\/ee\/soho-s7-chest-of-drawers-black-black\/#breadcrumb\"},\"inLanguage\":\"ee\",\"potentialAction\":[{\"@type\":\"ReadAction\",\"target\":[\"https:\/\/welle.ee\/ee\/soho-s7-chest-of-drawers-black-black\/\"]}]},{\"@type\":\"ImageObject\",\"inLanguage\":\"ee\",\"@id\":\"https:\/\/welle.ee\/ee\/soho-s7-chest-of-drawers-black-black\/#primaryimage\",\"url\":\"https:\/\/welle.ee\/wp-content\/uploads\/2025\/09\/2010001162193_1.jpg\",\"contentUrl\":\"https:\/\/welle.ee\/wp-content\/uploads\/2025\/09\/2010001162193_1.jpg\",\"width\":1800,\"height\":1013},{\"@type\":\"BreadcrumbList\",\"@id\":\"https:\/\/welle.ee\/ee\/soho-s7-chest-of-drawers-black-black\/#breadcrumb\",\"itemListElement\":[{\"@type\":\"ListItem\",\"position\":1,\"name\":\"\u0413\u043b\u0430\u0432\u043d\u0430\u044f \u0441\u0442\u0440\u0430\u043d\u0438\u0446\u0430\",\"item\":\"https:\/\/welle.ee\/ee\/\"},{\"@type\":\"ListItem\",\"position\":2,\"name\":\"Tooted\",\"item\":\"https:\/\/welle.ee\/ee\/tooted\/\"},{\"@type\":\"ListItem\",\"position\":3,\"name\":\"SOHO S7 kummut must\/must\"}]},{\"@type\":\"WebSite\",\"@id\":\"https:\/\/welle.ee\/ee\/#website\",\"url\":\"https:\/\/welle.ee\/ee\/\",\"name\":\"Welle\",\"description\":\"\",\"potentialAction\":[{\"@type\":\"SearchAction\",\"target\":{\"@type\":\"EntryPoint\",\"urlTemplate\":\"https:\/\/welle.ee\/ee\/?s={search_term_string}\"},\"query-input\":{\"@type\":\"PropertyValueSpecification\",\"valueRequired\":true,\"valueName\":\"search_term_string\"}}],\"inLanguage\":\"ee\"}]}<\/script>\n<!-- \/ Yoast SEO plugin. -->","yoast_head_json":{"title":"SOHO S7 kummut must\/must - Welle","robots":{"index":"index","follow":"follow","max-snippet":"max-snippet:-1","max-image-preview":"max-image-preview:large","max-video-preview":"max-video-preview:-1"},"canonical":"https:\/\/welle.ee\/ee\/soho-s7-chest-of-drawers-black-black\/","og_locale":"en_US","og_type":"article","og_title":"SOHO S7 kummut must\/must - Welle","og_description":"Kummut m\u00f5\u00f5tmed: k\/l\/d 80cm\/12cm\/41cm, materjal: Korpus: lamineeritud matt puitlaastplaat Esik\u00fclg: lamineeritud k\u00f5rgl\u00e4ikega MDF K\u00e4epide: plastmaterjal (valgustus ei kuulu komplekti, tuleb","og_url":"https:\/\/welle.ee\/ee\/soho-s7-chest-of-drawers-black-black\/","og_site_name":"Welle","article_modified_time":"2025-10-31T16:50:46+00:00","og_image":[{"width":1800,"height":1013,"url":"https:\/\/welle.ee\/wp-content\/uploads\/2025\/09\/2010001162193_1.jpg","type":"image\/jpeg"}],"twitter_card":"summary_large_image","schema":{"@context":"https:\/\/schema.org","@graph":[{"@type":"WebPage","@id":"https:\/\/welle.ee\/ee\/soho-s7-chest-of-drawers-black-black\/","url":"https:\/\/welle.ee\/ee\/soho-s7-chest-of-drawers-black-black\/","name":"SOHO S7 kummut must\/must - Welle","isPartOf":{"@id":"https:\/\/welle.ee\/ee\/#website"},"primaryImageOfPage":{"@id":"https:\/\/welle.ee\/ee\/soho-s7-chest-of-drawers-black-black\/#primaryimage"},"image":{"@id":"https:\/\/welle.ee\/ee\/soho-s7-chest-of-drawers-black-black\/#primaryimage"},"thumbnailUrl":"https:\/\/welle.ee\/wp-content\/uploads\/2025\/09\/2010001162193_1.jpg","datePublished":"2025-09-09T11:05:33+00:00","dateModified":"2025-10-31T16:50:46+00:00","breadcrumb":{"@id":"https:\/\/welle.ee\/ee\/soho-s7-chest-of-drawers-black-black\/#breadcrumb"},"inLanguage":"ee","potentialAction":[{"@type":"ReadAction","target":["https:\/\/welle.ee\/ee\/soho-s7-chest-of-drawers-black-black\/"]}]},{"@type":"ImageObject","inLanguage":"ee","@id":"https:\/\/welle.ee\/ee\/soho-s7-chest-of-drawers-black-black\/#primaryimage","url":"https:\/\/welle.ee\/wp-content\/uploads\/2025\/09\/2010001162193_1.jpg","contentUrl":"https:\/\/welle.ee\/wp-content\/uploads\/2025\/09\/2010001162193_1.jpg","width":1800,"height":1013},{"@type":"BreadcrumbList","@id":"https:\/\/welle.ee\/ee\/soho-s7-chest-of-drawers-black-black\/#breadcrumb","itemListElement":[{"@type":"ListItem","position":1,"name":"\u0413\u043b\u0430\u0432\u043d\u0430\u044f \u0441\u0442\u0440\u0430\u043d\u0438\u0446\u0430","item":"https:\/\/welle.ee\/ee\/"},{"@type":"ListItem","position":2,"name":"Tooted","item":"https:\/\/welle.ee\/ee\/tooted\/"},{"@type":"ListItem","position":3,"name":"SOHO S7 kummut must\/must"}]},{"@type":"WebSite","@id":"https:\/\/welle.ee\/ee\/#website","url":"https:\/\/welle.ee\/ee\/","name":"Welle","description":"","potentialAction":[{"@type":"SearchAction","target":{"@type":"EntryPoint","urlTemplate":"https:\/\/welle.ee\/ee\/?s={search_term_string}"},"query-input":{"@type":"PropertyValueSpecification","valueRequired":true,"valueName":"search_term_string"}}],"inLanguage":"ee"}]}},"_links":{"self":[{"href":"https:\/\/welle.ee\/ee\/wp-json\/wp\/v2\/product\/488884","targetHints":{"allow":["GET"]}}],"collection":[{"href":"https:\/\/welle.ee\/ee\/wp-json\/wp\/v2\/product"}],"about":[{"href":"https:\/\/welle.ee\/ee\/wp-json\/wp\/v2\/types\/product"}],"version-history":[{"count":6,"href":"https:\/\/welle.ee\/ee\/wp-json\/wp\/v2\/product\/488884\/revisions"}],"predecessor-version":[{"id":537035,"href":"https:\/\/welle.ee\/ee\/wp-json\/wp\/v2\/product\/488884\/revisions\/537035"}],"wp:featuredmedia":[{"embeddable":true,"href":"https:\/\/welle.ee\/ee\/wp-json\/wp\/v2\/media\/505672"}],"wp:attachment":[{"href":"https:\/\/welle.ee\/ee\/wp-json\/wp\/v2\/media?parent=488884"}],"wp:term":[{"taxonomy":"product_brand","embeddable":true,"href":"https:\/\/welle.ee\/ee\/wp-json\/wp\/v2\/product_brand?post=488884"},{"taxonomy":"product_cat","embeddable":true,"href":"https:\/\/welle.ee\/ee\/wp-json\/wp\/v2\/product_cat?post=488884"},{"taxonomy":"product_tag","embeddable":true,"href":"https:\/\/welle.ee\/ee\/wp-json\/wp\/v2\/product_tag?post=488884"}],"curies":[{"name":"wp","href":"https:\/\/api.w.org\/{rel}","templated":true}]}}