{"id":488998,"date":"2025-09-09T11:06:19","date_gmt":"2025-09-09T11:06:19","guid":{"rendered":"https:\/\/wellefurniture.eu\/alvo-szf2d-wardrobe-andersen-white-pine-andersen-beige\/"},"modified":"2025-12-29T11:36:20","modified_gmt":"2025-12-29T11:36:20","slug":"alvo-szf2d-wardrobe-andersen-white-pine-andersen-beige","status":"publish","type":"product","link":"https:\/\/welle.ee\/ee\/alvo-szf2d-wardrobe-andersen-white-pine-andersen-beige\/","title":{"rendered":"ALVO SZF2D garderoob (andersen valge m\u00e4nd\/andersen bee\u017e)"},"content":{"rendered":"<ul>\n<li>m\u00f5\u00f5dud: <\/li>\n<li>laius: 102 cm<\/li>\n<li>k\u00f5rgus: 198 cm<\/li>\n<li>s\u00fcgavus: 58 cm <\/li>\n<li>materjal: <\/li>\n<li>Korpus: lamineeritud MDF <\/li>\n<li>Esik\u00fclg: lamineeritud MDF <\/li>\n<li>K\u00e4epide: k\u00e4epidemeteta vajutuskl\u00f5ps<\/li>\n<\/ul>\n","protected":false},"excerpt":{"rendered":"<p>m\u00f5\u00f5dud: laius: 102 cm k\u00f5rgus: 198 cm s\u00fcgavus: 58 cm materjal: Korpus: lamineeritud MDF Esik\u00fclg: lamineeritud MDF K\u00e4epide: k\u00e4epidemeteta vajutuskl\u00f5ps<\/p>\n","protected":false},"featured_media":505783,"template":"","meta":[],"product_brand":[],"product_cat":[2375,2343,2353,2376],"product_tag":[],"class_list":{"0":"post-488998","1":"product","2":"type-product","3":"status-publish","4":"has-post-thumbnail","6":"product_cat-hoiukast001","7":"product_cat-shelves","8":"product_cat-shop","9":"product_cat-wardrobe","10":"pa_manufacturer-halmar","12":"first","13":"instock","14":"sale","15":"taxable","16":"shipping-taxable","17":"purchasable","18":"product-type-simple"},"yoast_head":"<!-- This site is optimized with the Yoast SEO plugin v26.2 - https:\/\/yoast.com\/wordpress\/plugins\/seo\/ -->\n<title>ALVO SZF2D garderoob (andersen valge m\u00e4nd\/andersen bee\u017e) - Welle<\/title>\n<meta name=\"robots\" content=\"index, follow, max-snippet:-1, max-image-preview:large, max-video-preview:-1\" \/>\n<link rel=\"canonical\" href=\"https:\/\/welle.ee\/ee\/alvo-szf2d-wardrobe-andersen-white-pine-andersen-beige\/\" \/>\n<meta property=\"og:locale\" content=\"en_US\" \/>\n<meta property=\"og:type\" content=\"article\" \/>\n<meta property=\"og:title\" content=\"ALVO SZF2D garderoob (andersen valge m\u00e4nd\/andersen bee\u017e) - Welle\" \/>\n<meta property=\"og:description\" content=\"m\u00f5\u00f5dud: laius: 102 cm k\u00f5rgus: 198 cm s\u00fcgavus: 58 cm materjal: Korpus: lamineeritud MDF Esik\u00fclg: lamineeritud MDF K\u00e4epide: k\u00e4epidemeteta vajutuskl\u00f5ps\" \/>\n<meta property=\"og:url\" content=\"https:\/\/welle.ee\/ee\/alvo-szf2d-wardrobe-andersen-white-pine-andersen-beige\/\" \/>\n<meta property=\"og:site_name\" content=\"Welle\" \/>\n<meta property=\"article:modified_time\" content=\"2025-12-29T11:36:20+00:00\" \/>\n<meta property=\"og:image\" content=\"https:\/\/welle.ee\/wp-content\/uploads\/2025\/09\/2010001163770_1.jpg\" \/>\n\t<meta property=\"og:image:width\" content=\"854\" \/>\n\t<meta property=\"og:image:height\" content=\"1280\" \/>\n\t<meta property=\"og:image:type\" content=\"image\/jpeg\" \/>\n<meta name=\"twitter:card\" content=\"summary_large_image\" \/>\n<script type=\"application\/ld+json\" class=\"yoast-schema-graph\">{\"@context\":\"https:\/\/schema.org\",\"@graph\":[{\"@type\":\"WebPage\",\"@id\":\"https:\/\/welle.ee\/ee\/alvo-szf2d-wardrobe-andersen-white-pine-andersen-beige\/\",\"url\":\"https:\/\/welle.ee\/ee\/alvo-szf2d-wardrobe-andersen-white-pine-andersen-beige\/\",\"name\":\"ALVO SZF2D garderoob (andersen valge m\u00e4nd\/andersen bee\u017e) - Welle\",\"isPartOf\":{\"@id\":\"https:\/\/welle.ee\/ee\/#website\"},\"primaryImageOfPage\":{\"@id\":\"https:\/\/welle.ee\/ee\/alvo-szf2d-wardrobe-andersen-white-pine-andersen-beige\/#primaryimage\"},\"image\":{\"@id\":\"https:\/\/welle.ee\/ee\/alvo-szf2d-wardrobe-andersen-white-pine-andersen-beige\/#primaryimage\"},\"thumbnailUrl\":\"https:\/\/welle.ee\/wp-content\/uploads\/2025\/09\/2010001163770_1.jpg\",\"datePublished\":\"2025-09-09T11:06:19+00:00\",\"dateModified\":\"2025-12-29T11:36:20+00:00\",\"breadcrumb\":{\"@id\":\"https:\/\/welle.ee\/ee\/alvo-szf2d-wardrobe-andersen-white-pine-andersen-beige\/#breadcrumb\"},\"inLanguage\":\"ee\",\"potentialAction\":[{\"@type\":\"ReadAction\",\"target\":[\"https:\/\/welle.ee\/ee\/alvo-szf2d-wardrobe-andersen-white-pine-andersen-beige\/\"]}]},{\"@type\":\"ImageObject\",\"inLanguage\":\"ee\",\"@id\":\"https:\/\/welle.ee\/ee\/alvo-szf2d-wardrobe-andersen-white-pine-andersen-beige\/#primaryimage\",\"url\":\"https:\/\/welle.ee\/wp-content\/uploads\/2025\/09\/2010001163770_1.jpg\",\"contentUrl\":\"https:\/\/welle.ee\/wp-content\/uploads\/2025\/09\/2010001163770_1.jpg\",\"width\":854,\"height\":1280},{\"@type\":\"BreadcrumbList\",\"@id\":\"https:\/\/welle.ee\/ee\/alvo-szf2d-wardrobe-andersen-white-pine-andersen-beige\/#breadcrumb\",\"itemListElement\":[{\"@type\":\"ListItem\",\"position\":1,\"name\":\"\u0413\u043b\u0430\u0432\u043d\u0430\u044f \u0441\u0442\u0440\u0430\u043d\u0438\u0446\u0430\",\"item\":\"https:\/\/welle.ee\/ee\/\"},{\"@type\":\"ListItem\",\"position\":2,\"name\":\"Tooted\",\"item\":\"https:\/\/welle.ee\/ee\/tooted\/\"},{\"@type\":\"ListItem\",\"position\":3,\"name\":\"ALVO SZF2D garderoob (andersen valge m\u00e4nd\/andersen bee\u017e)\"}]},{\"@type\":\"WebSite\",\"@id\":\"https:\/\/welle.ee\/ee\/#website\",\"url\":\"https:\/\/welle.ee\/ee\/\",\"name\":\"Welle\",\"description\":\"\",\"potentialAction\":[{\"@type\":\"SearchAction\",\"target\":{\"@type\":\"EntryPoint\",\"urlTemplate\":\"https:\/\/welle.ee\/ee\/?s={search_term_string}\"},\"query-input\":{\"@type\":\"PropertyValueSpecification\",\"valueRequired\":true,\"valueName\":\"search_term_string\"}}],\"inLanguage\":\"ee\"}]}<\/script>\n<!-- \/ Yoast SEO plugin. -->","yoast_head_json":{"title":"ALVO SZF2D garderoob (andersen valge m\u00e4nd\/andersen bee\u017e) - Welle","robots":{"index":"index","follow":"follow","max-snippet":"max-snippet:-1","max-image-preview":"max-image-preview:large","max-video-preview":"max-video-preview:-1"},"canonical":"https:\/\/welle.ee\/ee\/alvo-szf2d-wardrobe-andersen-white-pine-andersen-beige\/","og_locale":"en_US","og_type":"article","og_title":"ALVO SZF2D garderoob (andersen valge m\u00e4nd\/andersen bee\u017e) - Welle","og_description":"m\u00f5\u00f5dud: laius: 102 cm k\u00f5rgus: 198 cm s\u00fcgavus: 58 cm materjal: Korpus: lamineeritud MDF Esik\u00fclg: lamineeritud MDF K\u00e4epide: k\u00e4epidemeteta vajutuskl\u00f5ps","og_url":"https:\/\/welle.ee\/ee\/alvo-szf2d-wardrobe-andersen-white-pine-andersen-beige\/","og_site_name":"Welle","article_modified_time":"2025-12-29T11:36:20+00:00","og_image":[{"width":854,"height":1280,"url":"https:\/\/welle.ee\/wp-content\/uploads\/2025\/09\/2010001163770_1.jpg","type":"image\/jpeg"}],"twitter_card":"summary_large_image","schema":{"@context":"https:\/\/schema.org","@graph":[{"@type":"WebPage","@id":"https:\/\/welle.ee\/ee\/alvo-szf2d-wardrobe-andersen-white-pine-andersen-beige\/","url":"https:\/\/welle.ee\/ee\/alvo-szf2d-wardrobe-andersen-white-pine-andersen-beige\/","name":"ALVO SZF2D garderoob (andersen valge m\u00e4nd\/andersen bee\u017e) - Welle","isPartOf":{"@id":"https:\/\/welle.ee\/ee\/#website"},"primaryImageOfPage":{"@id":"https:\/\/welle.ee\/ee\/alvo-szf2d-wardrobe-andersen-white-pine-andersen-beige\/#primaryimage"},"image":{"@id":"https:\/\/welle.ee\/ee\/alvo-szf2d-wardrobe-andersen-white-pine-andersen-beige\/#primaryimage"},"thumbnailUrl":"https:\/\/welle.ee\/wp-content\/uploads\/2025\/09\/2010001163770_1.jpg","datePublished":"2025-09-09T11:06:19+00:00","dateModified":"2025-12-29T11:36:20+00:00","breadcrumb":{"@id":"https:\/\/welle.ee\/ee\/alvo-szf2d-wardrobe-andersen-white-pine-andersen-beige\/#breadcrumb"},"inLanguage":"ee","potentialAction":[{"@type":"ReadAction","target":["https:\/\/welle.ee\/ee\/alvo-szf2d-wardrobe-andersen-white-pine-andersen-beige\/"]}]},{"@type":"ImageObject","inLanguage":"ee","@id":"https:\/\/welle.ee\/ee\/alvo-szf2d-wardrobe-andersen-white-pine-andersen-beige\/#primaryimage","url":"https:\/\/welle.ee\/wp-content\/uploads\/2025\/09\/2010001163770_1.jpg","contentUrl":"https:\/\/welle.ee\/wp-content\/uploads\/2025\/09\/2010001163770_1.jpg","width":854,"height":1280},{"@type":"BreadcrumbList","@id":"https:\/\/welle.ee\/ee\/alvo-szf2d-wardrobe-andersen-white-pine-andersen-beige\/#breadcrumb","itemListElement":[{"@type":"ListItem","position":1,"name":"\u0413\u043b\u0430\u0432\u043d\u0430\u044f \u0441\u0442\u0440\u0430\u043d\u0438\u0446\u0430","item":"https:\/\/welle.ee\/ee\/"},{"@type":"ListItem","position":2,"name":"Tooted","item":"https:\/\/welle.ee\/ee\/tooted\/"},{"@type":"ListItem","position":3,"name":"ALVO SZF2D garderoob (andersen valge m\u00e4nd\/andersen bee\u017e)"}]},{"@type":"WebSite","@id":"https:\/\/welle.ee\/ee\/#website","url":"https:\/\/welle.ee\/ee\/","name":"Welle","description":"","potentialAction":[{"@type":"SearchAction","target":{"@type":"EntryPoint","urlTemplate":"https:\/\/welle.ee\/ee\/?s={search_term_string}"},"query-input":{"@type":"PropertyValueSpecification","valueRequired":true,"valueName":"search_term_string"}}],"inLanguage":"ee"}]}},"_links":{"self":[{"href":"https:\/\/welle.ee\/ee\/wp-json\/wp\/v2\/product\/488998","targetHints":{"allow":["GET"]}}],"collection":[{"href":"https:\/\/welle.ee\/ee\/wp-json\/wp\/v2\/product"}],"about":[{"href":"https:\/\/welle.ee\/ee\/wp-json\/wp\/v2\/types\/product"}],"version-history":[{"count":5,"href":"https:\/\/welle.ee\/ee\/wp-json\/wp\/v2\/product\/488998\/revisions"}],"predecessor-version":[{"id":537091,"href":"https:\/\/welle.ee\/ee\/wp-json\/wp\/v2\/product\/488998\/revisions\/537091"}],"wp:featuredmedia":[{"embeddable":true,"href":"https:\/\/welle.ee\/ee\/wp-json\/wp\/v2\/media\/505783"}],"wp:attachment":[{"href":"https:\/\/welle.ee\/ee\/wp-json\/wp\/v2\/media?parent=488998"}],"wp:term":[{"taxonomy":"product_brand","embeddable":true,"href":"https:\/\/welle.ee\/ee\/wp-json\/wp\/v2\/product_brand?post=488998"},{"taxonomy":"product_cat","embeddable":true,"href":"https:\/\/welle.ee\/ee\/wp-json\/wp\/v2\/product_cat?post=488998"},{"taxonomy":"product_tag","embeddable":true,"href":"https:\/\/welle.ee\/ee\/wp-json\/wp\/v2\/product_tag?post=488998"}],"curies":[{"name":"wp","href":"https:\/\/api.w.org\/{rel}","templated":true}]}}