{"id":489244,"date":"2025-09-09T11:10:32","date_gmt":"2025-09-09T11:10:32","guid":{"rendered":"https:\/\/wellefurniture.eu\/cassidy-160-voodi\/"},"modified":"2025-12-01T12:34:21","modified_gmt":"2025-12-01T12:34:21","slug":"cassidy-160-voodi","status":"publish","type":"product","link":"https:\/\/welle.ee\/ee\/cassidy-160-voodi\/","title":{"rendered":"CASSIDY 160 voodi"},"content":{"rendered":"<p>materjal: riie \/ t\u00e4iskummi puit, v\u00e4rvus: riie &#8211; hall, puit &#8211; p\u00e4hkel, * voodi ilma madratsita, lisavarustuses madrats POLARIS 160<\/p>\n","protected":false},"excerpt":{"rendered":"<p>materjal: riie \/ t\u00e4iskummi puit, v\u00e4rvus: riie &#8211; hall, puit &#8211; p\u00e4hkel, * voodi ilma madratsita, lisavarustuses madrats POLARIS 160<\/p>\n","protected":false},"featured_media":504692,"template":"","meta":[],"product_brand":[],"product_cat":[2353,2346],"product_tag":[],"class_list":{"0":"post-489244","1":"product","2":"type-product","3":"status-publish","4":"has-post-thumbnail","6":"product_cat-shop","7":"product_cat-bad","8":"pa_manufacturer-halmar","10":"first","11":"instock","12":"sale","13":"taxable","14":"shipping-taxable","15":"purchasable","16":"product-type-simple"},"yoast_head":"<!-- This site is optimized with the Yoast SEO plugin v26.2 - https:\/\/yoast.com\/wordpress\/plugins\/seo\/ -->\n<title>CASSIDY 160 voodi - Welle<\/title>\n<meta name=\"robots\" content=\"index, follow, max-snippet:-1, max-image-preview:large, max-video-preview:-1\" \/>\n<link rel=\"canonical\" href=\"https:\/\/welle.ee\/ee\/cassidy-160-voodi\/\" \/>\n<meta property=\"og:locale\" content=\"en_US\" \/>\n<meta property=\"og:type\" content=\"article\" \/>\n<meta property=\"og:title\" content=\"CASSIDY 160 voodi - Welle\" \/>\n<meta property=\"og:description\" content=\"materjal: riie \/ t\u00e4iskummi puit, v\u00e4rvus: riie &#8211; hall, puit &#8211; p\u00e4hkel, * voodi ilma madratsita, lisavarustuses madrats POLARIS 160\" \/>\n<meta property=\"og:url\" content=\"https:\/\/welle.ee\/ee\/cassidy-160-voodi\/\" \/>\n<meta property=\"og:site_name\" content=\"Welle\" \/>\n<meta property=\"article:modified_time\" content=\"2025-12-01T12:34:21+00:00\" \/>\n<meta property=\"og:image\" content=\"https:\/\/welle.ee\/wp-content\/uploads\/2025\/09\/2010001178064_1-scaled.jpg\" \/>\n\t<meta property=\"og:image:width\" content=\"2560\" \/>\n\t<meta property=\"og:image:height\" content=\"1739\" \/>\n\t<meta property=\"og:image:type\" content=\"image\/jpeg\" \/>\n<meta name=\"twitter:card\" content=\"summary_large_image\" \/>\n<script type=\"application\/ld+json\" class=\"yoast-schema-graph\">{\"@context\":\"https:\/\/schema.org\",\"@graph\":[{\"@type\":\"WebPage\",\"@id\":\"https:\/\/welle.ee\/ee\/cassidy-160-voodi\/\",\"url\":\"https:\/\/welle.ee\/ee\/cassidy-160-voodi\/\",\"name\":\"CASSIDY 160 voodi - Welle\",\"isPartOf\":{\"@id\":\"https:\/\/welle.ee\/ee\/#website\"},\"primaryImageOfPage\":{\"@id\":\"https:\/\/welle.ee\/ee\/cassidy-160-voodi\/#primaryimage\"},\"image\":{\"@id\":\"https:\/\/welle.ee\/ee\/cassidy-160-voodi\/#primaryimage\"},\"thumbnailUrl\":\"https:\/\/welle.ee\/wp-content\/uploads\/2025\/09\/2010001178064_1-scaled.jpg\",\"datePublished\":\"2025-09-09T11:10:32+00:00\",\"dateModified\":\"2025-12-01T12:34:21+00:00\",\"breadcrumb\":{\"@id\":\"https:\/\/welle.ee\/ee\/cassidy-160-voodi\/#breadcrumb\"},\"inLanguage\":\"ee\",\"potentialAction\":[{\"@type\":\"ReadAction\",\"target\":[\"https:\/\/welle.ee\/ee\/cassidy-160-voodi\/\"]}]},{\"@type\":\"ImageObject\",\"inLanguage\":\"ee\",\"@id\":\"https:\/\/welle.ee\/ee\/cassidy-160-voodi\/#primaryimage\",\"url\":\"https:\/\/welle.ee\/wp-content\/uploads\/2025\/09\/2010001178064_1-scaled.jpg\",\"contentUrl\":\"https:\/\/welle.ee\/wp-content\/uploads\/2025\/09\/2010001178064_1-scaled.jpg\",\"width\":2560,\"height\":1739},{\"@type\":\"BreadcrumbList\",\"@id\":\"https:\/\/welle.ee\/ee\/cassidy-160-voodi\/#breadcrumb\",\"itemListElement\":[{\"@type\":\"ListItem\",\"position\":1,\"name\":\"\u0413\u043b\u0430\u0432\u043d\u0430\u044f \u0441\u0442\u0440\u0430\u043d\u0438\u0446\u0430\",\"item\":\"https:\/\/welle.ee\/ee\/\"},{\"@type\":\"ListItem\",\"position\":2,\"name\":\"Tooted\",\"item\":\"https:\/\/welle.ee\/ee\/tooted\/\"},{\"@type\":\"ListItem\",\"position\":3,\"name\":\"CASSIDY 160 voodi\"}]},{\"@type\":\"WebSite\",\"@id\":\"https:\/\/welle.ee\/ee\/#website\",\"url\":\"https:\/\/welle.ee\/ee\/\",\"name\":\"Welle\",\"description\":\"\",\"potentialAction\":[{\"@type\":\"SearchAction\",\"target\":{\"@type\":\"EntryPoint\",\"urlTemplate\":\"https:\/\/welle.ee\/ee\/?s={search_term_string}\"},\"query-input\":{\"@type\":\"PropertyValueSpecification\",\"valueRequired\":true,\"valueName\":\"search_term_string\"}}],\"inLanguage\":\"ee\"}]}<\/script>\n<!-- \/ Yoast SEO plugin. -->","yoast_head_json":{"title":"CASSIDY 160 voodi - Welle","robots":{"index":"index","follow":"follow","max-snippet":"max-snippet:-1","max-image-preview":"max-image-preview:large","max-video-preview":"max-video-preview:-1"},"canonical":"https:\/\/welle.ee\/ee\/cassidy-160-voodi\/","og_locale":"en_US","og_type":"article","og_title":"CASSIDY 160 voodi - Welle","og_description":"materjal: riie \/ t\u00e4iskummi puit, v\u00e4rvus: riie &#8211; hall, puit &#8211; p\u00e4hkel, * voodi ilma madratsita, lisavarustuses madrats POLARIS 160","og_url":"https:\/\/welle.ee\/ee\/cassidy-160-voodi\/","og_site_name":"Welle","article_modified_time":"2025-12-01T12:34:21+00:00","og_image":[{"width":2560,"height":1739,"url":"https:\/\/welle.ee\/wp-content\/uploads\/2025\/09\/2010001178064_1-scaled.jpg","type":"image\/jpeg"}],"twitter_card":"summary_large_image","schema":{"@context":"https:\/\/schema.org","@graph":[{"@type":"WebPage","@id":"https:\/\/welle.ee\/ee\/cassidy-160-voodi\/","url":"https:\/\/welle.ee\/ee\/cassidy-160-voodi\/","name":"CASSIDY 160 voodi - Welle","isPartOf":{"@id":"https:\/\/welle.ee\/ee\/#website"},"primaryImageOfPage":{"@id":"https:\/\/welle.ee\/ee\/cassidy-160-voodi\/#primaryimage"},"image":{"@id":"https:\/\/welle.ee\/ee\/cassidy-160-voodi\/#primaryimage"},"thumbnailUrl":"https:\/\/welle.ee\/wp-content\/uploads\/2025\/09\/2010001178064_1-scaled.jpg","datePublished":"2025-09-09T11:10:32+00:00","dateModified":"2025-12-01T12:34:21+00:00","breadcrumb":{"@id":"https:\/\/welle.ee\/ee\/cassidy-160-voodi\/#breadcrumb"},"inLanguage":"ee","potentialAction":[{"@type":"ReadAction","target":["https:\/\/welle.ee\/ee\/cassidy-160-voodi\/"]}]},{"@type":"ImageObject","inLanguage":"ee","@id":"https:\/\/welle.ee\/ee\/cassidy-160-voodi\/#primaryimage","url":"https:\/\/welle.ee\/wp-content\/uploads\/2025\/09\/2010001178064_1-scaled.jpg","contentUrl":"https:\/\/welle.ee\/wp-content\/uploads\/2025\/09\/2010001178064_1-scaled.jpg","width":2560,"height":1739},{"@type":"BreadcrumbList","@id":"https:\/\/welle.ee\/ee\/cassidy-160-voodi\/#breadcrumb","itemListElement":[{"@type":"ListItem","position":1,"name":"\u0413\u043b\u0430\u0432\u043d\u0430\u044f \u0441\u0442\u0440\u0430\u043d\u0438\u0446\u0430","item":"https:\/\/welle.ee\/ee\/"},{"@type":"ListItem","position":2,"name":"Tooted","item":"https:\/\/welle.ee\/ee\/tooted\/"},{"@type":"ListItem","position":3,"name":"CASSIDY 160 voodi"}]},{"@type":"WebSite","@id":"https:\/\/welle.ee\/ee\/#website","url":"https:\/\/welle.ee\/ee\/","name":"Welle","description":"","potentialAction":[{"@type":"SearchAction","target":{"@type":"EntryPoint","urlTemplate":"https:\/\/welle.ee\/ee\/?s={search_term_string}"},"query-input":{"@type":"PropertyValueSpecification","valueRequired":true,"valueName":"search_term_string"}}],"inLanguage":"ee"}]}},"_links":{"self":[{"href":"https:\/\/welle.ee\/ee\/wp-json\/wp\/v2\/product\/489244","targetHints":{"allow":["GET"]}}],"collection":[{"href":"https:\/\/welle.ee\/ee\/wp-json\/wp\/v2\/product"}],"about":[{"href":"https:\/\/welle.ee\/ee\/wp-json\/wp\/v2\/types\/product"}],"version-history":[{"count":1,"href":"https:\/\/welle.ee\/ee\/wp-json\/wp\/v2\/product\/489244\/revisions"}],"predecessor-version":[{"id":489245,"href":"https:\/\/welle.ee\/ee\/wp-json\/wp\/v2\/product\/489244\/revisions\/489245"}],"wp:featuredmedia":[{"embeddable":true,"href":"https:\/\/welle.ee\/ee\/wp-json\/wp\/v2\/media\/504692"}],"wp:attachment":[{"href":"https:\/\/welle.ee\/ee\/wp-json\/wp\/v2\/media?parent=489244"}],"wp:term":[{"taxonomy":"product_brand","embeddable":true,"href":"https:\/\/welle.ee\/ee\/wp-json\/wp\/v2\/product_brand?post=489244"},{"taxonomy":"product_cat","embeddable":true,"href":"https:\/\/welle.ee\/ee\/wp-json\/wp\/v2\/product_cat?post=489244"},{"taxonomy":"product_tag","embeddable":true,"href":"https:\/\/welle.ee\/ee\/wp-json\/wp\/v2\/product_tag?post=489244"}],"curies":[{"name":"wp","href":"https:\/\/api.w.org\/{rel}","templated":true}]}}