{"id":489682,"date":"2025-09-09T11:18:02","date_gmt":"2025-09-09T11:18:02","guid":{"rendered":"https:\/\/wellefurniture.eu\/k588-swivel-tool-beige\/"},"modified":"2026-04-03T11:01:11","modified_gmt":"2026-04-03T11:01:11","slug":"k588-swivel-tool-beige","status":"publish","type":"product","link":"https:\/\/welle.ee\/ee\/k588-swivel-tool-beige\/","title":{"rendered":"K588 swivel Tool, beige"},"content":{"rendered":"<p>m\u00f5\u00f5dud: 55\/60\/89\/50 cm, p\u00f6\u00f6rdfunktsioon, materjal: riie &#8211; samet HLR #11 \/ pulberv\u00e4rvitud teras, v\u00e4rvus: bee\u017e<\/p>\n","protected":false},"excerpt":{"rendered":"<p>m\u00f5\u00f5dud: 55\/60\/89\/50 cm, p\u00f6\u00f6rdfunktsioon, materjal: riie &#8211; samet HLR #11 \/ pulberv\u00e4rvitud teras, v\u00e4rvus: bee\u017e<\/p>\n","protected":false},"featured_media":503790,"template":"","meta":[],"product_brand":[],"product_cat":[2353],"product_tag":[],"class_list":{"0":"post-489682","1":"product","2":"type-product","3":"status-publish","4":"has-post-thumbnail","6":"product_cat-shop","7":"pa_manufacturer-halmar","9":"first","10":"instock","11":"sale","12":"taxable","13":"shipping-taxable","14":"purchasable","15":"product-type-simple"},"yoast_head":"<!-- This site is optimized with the Yoast SEO plugin v26.2 - https:\/\/yoast.com\/wordpress\/plugins\/seo\/ -->\n<title>K588 swivel Tool, beige - Welle<\/title>\n<meta name=\"robots\" content=\"index, follow, max-snippet:-1, max-image-preview:large, max-video-preview:-1\" \/>\n<link rel=\"canonical\" href=\"https:\/\/welle.ee\/ee\/k588-swivel-tool-beige\/\" \/>\n<meta property=\"og:locale\" content=\"en_US\" \/>\n<meta property=\"og:type\" content=\"article\" \/>\n<meta property=\"og:title\" content=\"K588 swivel Tool, beige - Welle\" \/>\n<meta property=\"og:description\" content=\"m\u00f5\u00f5dud: 55\/60\/89\/50 cm, p\u00f6\u00f6rdfunktsioon, materjal: riie &#8211; samet HLR #11 \/ pulberv\u00e4rvitud teras, v\u00e4rvus: bee\u017e\" \/>\n<meta property=\"og:url\" content=\"https:\/\/welle.ee\/ee\/k588-swivel-tool-beige\/\" \/>\n<meta property=\"og:site_name\" content=\"Welle\" \/>\n<meta property=\"article:modified_time\" content=\"2026-04-03T11:01:11+00:00\" \/>\n<meta property=\"og:image\" content=\"https:\/\/welle.ee\/wp-content\/uploads\/2025\/09\/5905248136953_1.jpg\" \/>\n\t<meta property=\"og:image:width\" content=\"1068\" \/>\n\t<meta property=\"og:image:height\" content=\"1600\" \/>\n\t<meta property=\"og:image:type\" content=\"image\/jpeg\" \/>\n<meta name=\"twitter:card\" content=\"summary_large_image\" \/>\n<script type=\"application\/ld+json\" class=\"yoast-schema-graph\">{\"@context\":\"https:\/\/schema.org\",\"@graph\":[{\"@type\":\"WebPage\",\"@id\":\"https:\/\/welle.ee\/ee\/k588-swivel-tool-beige\/\",\"url\":\"https:\/\/welle.ee\/ee\/k588-swivel-tool-beige\/\",\"name\":\"K588 swivel Tool, beige - Welle\",\"isPartOf\":{\"@id\":\"https:\/\/welle.ee\/ee\/#website\"},\"primaryImageOfPage\":{\"@id\":\"https:\/\/welle.ee\/ee\/k588-swivel-tool-beige\/#primaryimage\"},\"image\":{\"@id\":\"https:\/\/welle.ee\/ee\/k588-swivel-tool-beige\/#primaryimage\"},\"thumbnailUrl\":\"https:\/\/welle.ee\/wp-content\/uploads\/2025\/09\/5905248136953_1.jpg\",\"datePublished\":\"2025-09-09T11:18:02+00:00\",\"dateModified\":\"2026-04-03T11:01:11+00:00\",\"breadcrumb\":{\"@id\":\"https:\/\/welle.ee\/ee\/k588-swivel-tool-beige\/#breadcrumb\"},\"inLanguage\":\"ee\",\"potentialAction\":[{\"@type\":\"ReadAction\",\"target\":[\"https:\/\/welle.ee\/ee\/k588-swivel-tool-beige\/\"]}]},{\"@type\":\"ImageObject\",\"inLanguage\":\"ee\",\"@id\":\"https:\/\/welle.ee\/ee\/k588-swivel-tool-beige\/#primaryimage\",\"url\":\"https:\/\/welle.ee\/wp-content\/uploads\/2025\/09\/5905248136953_1.jpg\",\"contentUrl\":\"https:\/\/welle.ee\/wp-content\/uploads\/2025\/09\/5905248136953_1.jpg\",\"width\":1068,\"height\":1600},{\"@type\":\"BreadcrumbList\",\"@id\":\"https:\/\/welle.ee\/ee\/k588-swivel-tool-beige\/#breadcrumb\",\"itemListElement\":[{\"@type\":\"ListItem\",\"position\":1,\"name\":\"\u0413\u043b\u0430\u0432\u043d\u0430\u044f \u0441\u0442\u0440\u0430\u043d\u0438\u0446\u0430\",\"item\":\"https:\/\/welle.ee\/ee\/\"},{\"@type\":\"ListItem\",\"position\":2,\"name\":\"Tooted\",\"item\":\"https:\/\/welle.ee\/ee\/tooted\/\"},{\"@type\":\"ListItem\",\"position\":3,\"name\":\"K588 swivel Tool, beige\"}]},{\"@type\":\"WebSite\",\"@id\":\"https:\/\/welle.ee\/ee\/#website\",\"url\":\"https:\/\/welle.ee\/ee\/\",\"name\":\"Welle\",\"description\":\"\",\"potentialAction\":[{\"@type\":\"SearchAction\",\"target\":{\"@type\":\"EntryPoint\",\"urlTemplate\":\"https:\/\/welle.ee\/ee\/?s={search_term_string}\"},\"query-input\":{\"@type\":\"PropertyValueSpecification\",\"valueRequired\":true,\"valueName\":\"search_term_string\"}}],\"inLanguage\":\"ee\"}]}<\/script>\n<!-- \/ Yoast SEO plugin. -->","yoast_head_json":{"title":"K588 swivel Tool, beige - Welle","robots":{"index":"index","follow":"follow","max-snippet":"max-snippet:-1","max-image-preview":"max-image-preview:large","max-video-preview":"max-video-preview:-1"},"canonical":"https:\/\/welle.ee\/ee\/k588-swivel-tool-beige\/","og_locale":"en_US","og_type":"article","og_title":"K588 swivel Tool, beige - Welle","og_description":"m\u00f5\u00f5dud: 55\/60\/89\/50 cm, p\u00f6\u00f6rdfunktsioon, materjal: riie &#8211; samet HLR #11 \/ pulberv\u00e4rvitud teras, v\u00e4rvus: bee\u017e","og_url":"https:\/\/welle.ee\/ee\/k588-swivel-tool-beige\/","og_site_name":"Welle","article_modified_time":"2026-04-03T11:01:11+00:00","og_image":[{"width":1068,"height":1600,"url":"https:\/\/welle.ee\/wp-content\/uploads\/2025\/09\/5905248136953_1.jpg","type":"image\/jpeg"}],"twitter_card":"summary_large_image","schema":{"@context":"https:\/\/schema.org","@graph":[{"@type":"WebPage","@id":"https:\/\/welle.ee\/ee\/k588-swivel-tool-beige\/","url":"https:\/\/welle.ee\/ee\/k588-swivel-tool-beige\/","name":"K588 swivel Tool, beige - Welle","isPartOf":{"@id":"https:\/\/welle.ee\/ee\/#website"},"primaryImageOfPage":{"@id":"https:\/\/welle.ee\/ee\/k588-swivel-tool-beige\/#primaryimage"},"image":{"@id":"https:\/\/welle.ee\/ee\/k588-swivel-tool-beige\/#primaryimage"},"thumbnailUrl":"https:\/\/welle.ee\/wp-content\/uploads\/2025\/09\/5905248136953_1.jpg","datePublished":"2025-09-09T11:18:02+00:00","dateModified":"2026-04-03T11:01:11+00:00","breadcrumb":{"@id":"https:\/\/welle.ee\/ee\/k588-swivel-tool-beige\/#breadcrumb"},"inLanguage":"ee","potentialAction":[{"@type":"ReadAction","target":["https:\/\/welle.ee\/ee\/k588-swivel-tool-beige\/"]}]},{"@type":"ImageObject","inLanguage":"ee","@id":"https:\/\/welle.ee\/ee\/k588-swivel-tool-beige\/#primaryimage","url":"https:\/\/welle.ee\/wp-content\/uploads\/2025\/09\/5905248136953_1.jpg","contentUrl":"https:\/\/welle.ee\/wp-content\/uploads\/2025\/09\/5905248136953_1.jpg","width":1068,"height":1600},{"@type":"BreadcrumbList","@id":"https:\/\/welle.ee\/ee\/k588-swivel-tool-beige\/#breadcrumb","itemListElement":[{"@type":"ListItem","position":1,"name":"\u0413\u043b\u0430\u0432\u043d\u0430\u044f \u0441\u0442\u0440\u0430\u043d\u0438\u0446\u0430","item":"https:\/\/welle.ee\/ee\/"},{"@type":"ListItem","position":2,"name":"Tooted","item":"https:\/\/welle.ee\/ee\/tooted\/"},{"@type":"ListItem","position":3,"name":"K588 swivel Tool, beige"}]},{"@type":"WebSite","@id":"https:\/\/welle.ee\/ee\/#website","url":"https:\/\/welle.ee\/ee\/","name":"Welle","description":"","potentialAction":[{"@type":"SearchAction","target":{"@type":"EntryPoint","urlTemplate":"https:\/\/welle.ee\/ee\/?s={search_term_string}"},"query-input":{"@type":"PropertyValueSpecification","valueRequired":true,"valueName":"search_term_string"}}],"inLanguage":"ee"}]}},"_links":{"self":[{"href":"https:\/\/welle.ee\/ee\/wp-json\/wp\/v2\/product\/489682","targetHints":{"allow":["GET"]}}],"collection":[{"href":"https:\/\/welle.ee\/ee\/wp-json\/wp\/v2\/product"}],"about":[{"href":"https:\/\/welle.ee\/ee\/wp-json\/wp\/v2\/types\/product"}],"version-history":[{"count":1,"href":"https:\/\/welle.ee\/ee\/wp-json\/wp\/v2\/product\/489682\/revisions"}],"predecessor-version":[{"id":489683,"href":"https:\/\/welle.ee\/ee\/wp-json\/wp\/v2\/product\/489682\/revisions\/489683"}],"wp:featuredmedia":[{"embeddable":true,"href":"https:\/\/welle.ee\/ee\/wp-json\/wp\/v2\/media\/503790"}],"wp:attachment":[{"href":"https:\/\/welle.ee\/ee\/wp-json\/wp\/v2\/media?parent=489682"}],"wp:term":[{"taxonomy":"product_brand","embeddable":true,"href":"https:\/\/welle.ee\/ee\/wp-json\/wp\/v2\/product_brand?post=489682"},{"taxonomy":"product_cat","embeddable":true,"href":"https:\/\/welle.ee\/ee\/wp-json\/wp\/v2\/product_cat?post=489682"},{"taxonomy":"product_tag","embeddable":true,"href":"https:\/\/welle.ee\/ee\/wp-json\/wp\/v2\/product_tag?post=489682"}],"curies":[{"name":"wp","href":"https:\/\/api.w.org\/{rel}","templated":true}]}}