{"id":490470,"date":"2025-09-09T11:30:46","date_gmt":"2025-09-09T11:30:46","guid":{"rendered":"https:\/\/wellefurniture.eu\/ruben-ext-laud\/"},"modified":"2026-04-02T09:01:24","modified_gmt":"2026-04-02T09:01:24","slug":"ruben-ext-laud","status":"publish","type":"product","link":"https:\/\/welle.ee\/ee\/ruben-ext-laud\/","title":{"rendered":"RUBEN ext. laud"},"content":{"rendered":"<p>m\u00f5\u00f5dud: 102-142\/102\/73 cm, pikenduslaud, materjal: lamineeritud MDF \/ t\u00e4ispuit &#8211; p\u00f6\u00f6k, v\u00e4rvus: pealispind &#8211; valge, jalad &#8211; mee tamm<\/p>\n","protected":false},"excerpt":{"rendered":"<p>m\u00f5\u00f5dud: 102-142\/102\/73 cm, pikenduslaud, materjal: lamineeritud MDF \/ t\u00e4ispuit &#8211; p\u00f6\u00f6k, v\u00e4rvus: pealispind &#8211; valge, jalad &#8211; mee tamm<\/p>\n","protected":false},"featured_media":501653,"template":"","meta":[],"product_brand":[],"product_cat":[2353,2397],"product_tag":[],"class_list":{"0":"post-490470","1":"product","2":"type-product","3":"status-publish","4":"has-post-thumbnail","6":"product_cat-shop","7":"product_cat-dinchiar","8":"pa_manufacturer-halmar","10":"first","11":"instock","12":"sale","13":"taxable","14":"shipping-taxable","15":"purchasable","16":"product-type-simple"},"yoast_head":"<!-- This site is optimized with the Yoast SEO plugin v26.2 - https:\/\/yoast.com\/wordpress\/plugins\/seo\/ -->\n<title>RUBEN ext. laud - Welle<\/title>\n<meta name=\"robots\" content=\"index, follow, max-snippet:-1, max-image-preview:large, max-video-preview:-1\" \/>\n<link rel=\"canonical\" href=\"https:\/\/welle.ee\/ee\/ruben-ext-laud\/\" \/>\n<meta property=\"og:locale\" content=\"en_US\" \/>\n<meta property=\"og:type\" content=\"article\" \/>\n<meta property=\"og:title\" content=\"RUBEN ext. laud - Welle\" \/>\n<meta property=\"og:description\" content=\"m\u00f5\u00f5dud: 102-142\/102\/73 cm, pikenduslaud, materjal: lamineeritud MDF \/ t\u00e4ispuit &#8211; p\u00f6\u00f6k, v\u00e4rvus: pealispind &#8211; valge, jalad &#8211; mee tamm\" \/>\n<meta property=\"og:url\" content=\"https:\/\/welle.ee\/ee\/ruben-ext-laud\/\" \/>\n<meta property=\"og:site_name\" content=\"Welle\" \/>\n<meta property=\"article:modified_time\" content=\"2026-04-02T09:01:24+00:00\" \/>\n<meta property=\"og:image\" content=\"https:\/\/welle.ee\/wp-content\/uploads\/2025\/09\/2010001178392_1-1-scaled.jpg\" \/>\n\t<meta property=\"og:image:width\" content=\"2560\" \/>\n\t<meta property=\"og:image:height\" content=\"1709\" \/>\n\t<meta property=\"og:image:type\" content=\"image\/jpeg\" \/>\n<meta name=\"twitter:card\" content=\"summary_large_image\" \/>\n<script type=\"application\/ld+json\" class=\"yoast-schema-graph\">{\"@context\":\"https:\/\/schema.org\",\"@graph\":[{\"@type\":\"WebPage\",\"@id\":\"https:\/\/welle.ee\/ee\/ruben-ext-laud\/\",\"url\":\"https:\/\/welle.ee\/ee\/ruben-ext-laud\/\",\"name\":\"RUBEN ext. laud - Welle\",\"isPartOf\":{\"@id\":\"https:\/\/welle.ee\/ee\/#website\"},\"primaryImageOfPage\":{\"@id\":\"https:\/\/welle.ee\/ee\/ruben-ext-laud\/#primaryimage\"},\"image\":{\"@id\":\"https:\/\/welle.ee\/ee\/ruben-ext-laud\/#primaryimage\"},\"thumbnailUrl\":\"https:\/\/welle.ee\/wp-content\/uploads\/2025\/09\/2010001178392_1-1-scaled.jpg\",\"datePublished\":\"2025-09-09T11:30:46+00:00\",\"dateModified\":\"2026-04-02T09:01:24+00:00\",\"breadcrumb\":{\"@id\":\"https:\/\/welle.ee\/ee\/ruben-ext-laud\/#breadcrumb\"},\"inLanguage\":\"ee\",\"potentialAction\":[{\"@type\":\"ReadAction\",\"target\":[\"https:\/\/welle.ee\/ee\/ruben-ext-laud\/\"]}]},{\"@type\":\"ImageObject\",\"inLanguage\":\"ee\",\"@id\":\"https:\/\/welle.ee\/ee\/ruben-ext-laud\/#primaryimage\",\"url\":\"https:\/\/welle.ee\/wp-content\/uploads\/2025\/09\/2010001178392_1-1-scaled.jpg\",\"contentUrl\":\"https:\/\/welle.ee\/wp-content\/uploads\/2025\/09\/2010001178392_1-1-scaled.jpg\",\"width\":2560,\"height\":1709},{\"@type\":\"BreadcrumbList\",\"@id\":\"https:\/\/welle.ee\/ee\/ruben-ext-laud\/#breadcrumb\",\"itemListElement\":[{\"@type\":\"ListItem\",\"position\":1,\"name\":\"\u0413\u043b\u0430\u0432\u043d\u0430\u044f \u0441\u0442\u0440\u0430\u043d\u0438\u0446\u0430\",\"item\":\"https:\/\/welle.ee\/ee\/\"},{\"@type\":\"ListItem\",\"position\":2,\"name\":\"Tooted\",\"item\":\"https:\/\/welle.ee\/ee\/tooted\/\"},{\"@type\":\"ListItem\",\"position\":3,\"name\":\"RUBEN ext. laud\"}]},{\"@type\":\"WebSite\",\"@id\":\"https:\/\/welle.ee\/ee\/#website\",\"url\":\"https:\/\/welle.ee\/ee\/\",\"name\":\"Welle\",\"description\":\"\",\"potentialAction\":[{\"@type\":\"SearchAction\",\"target\":{\"@type\":\"EntryPoint\",\"urlTemplate\":\"https:\/\/welle.ee\/ee\/?s={search_term_string}\"},\"query-input\":{\"@type\":\"PropertyValueSpecification\",\"valueRequired\":true,\"valueName\":\"search_term_string\"}}],\"inLanguage\":\"ee\"}]}<\/script>\n<!-- \/ Yoast SEO plugin. -->","yoast_head_json":{"title":"RUBEN ext. laud - Welle","robots":{"index":"index","follow":"follow","max-snippet":"max-snippet:-1","max-image-preview":"max-image-preview:large","max-video-preview":"max-video-preview:-1"},"canonical":"https:\/\/welle.ee\/ee\/ruben-ext-laud\/","og_locale":"en_US","og_type":"article","og_title":"RUBEN ext. laud - Welle","og_description":"m\u00f5\u00f5dud: 102-142\/102\/73 cm, pikenduslaud, materjal: lamineeritud MDF \/ t\u00e4ispuit &#8211; p\u00f6\u00f6k, v\u00e4rvus: pealispind &#8211; valge, jalad &#8211; mee tamm","og_url":"https:\/\/welle.ee\/ee\/ruben-ext-laud\/","og_site_name":"Welle","article_modified_time":"2026-04-02T09:01:24+00:00","og_image":[{"width":2560,"height":1709,"url":"https:\/\/welle.ee\/wp-content\/uploads\/2025\/09\/2010001178392_1-1-scaled.jpg","type":"image\/jpeg"}],"twitter_card":"summary_large_image","schema":{"@context":"https:\/\/schema.org","@graph":[{"@type":"WebPage","@id":"https:\/\/welle.ee\/ee\/ruben-ext-laud\/","url":"https:\/\/welle.ee\/ee\/ruben-ext-laud\/","name":"RUBEN ext. laud - Welle","isPartOf":{"@id":"https:\/\/welle.ee\/ee\/#website"},"primaryImageOfPage":{"@id":"https:\/\/welle.ee\/ee\/ruben-ext-laud\/#primaryimage"},"image":{"@id":"https:\/\/welle.ee\/ee\/ruben-ext-laud\/#primaryimage"},"thumbnailUrl":"https:\/\/welle.ee\/wp-content\/uploads\/2025\/09\/2010001178392_1-1-scaled.jpg","datePublished":"2025-09-09T11:30:46+00:00","dateModified":"2026-04-02T09:01:24+00:00","breadcrumb":{"@id":"https:\/\/welle.ee\/ee\/ruben-ext-laud\/#breadcrumb"},"inLanguage":"ee","potentialAction":[{"@type":"ReadAction","target":["https:\/\/welle.ee\/ee\/ruben-ext-laud\/"]}]},{"@type":"ImageObject","inLanguage":"ee","@id":"https:\/\/welle.ee\/ee\/ruben-ext-laud\/#primaryimage","url":"https:\/\/welle.ee\/wp-content\/uploads\/2025\/09\/2010001178392_1-1-scaled.jpg","contentUrl":"https:\/\/welle.ee\/wp-content\/uploads\/2025\/09\/2010001178392_1-1-scaled.jpg","width":2560,"height":1709},{"@type":"BreadcrumbList","@id":"https:\/\/welle.ee\/ee\/ruben-ext-laud\/#breadcrumb","itemListElement":[{"@type":"ListItem","position":1,"name":"\u0413\u043b\u0430\u0432\u043d\u0430\u044f \u0441\u0442\u0440\u0430\u043d\u0438\u0446\u0430","item":"https:\/\/welle.ee\/ee\/"},{"@type":"ListItem","position":2,"name":"Tooted","item":"https:\/\/welle.ee\/ee\/tooted\/"},{"@type":"ListItem","position":3,"name":"RUBEN ext. laud"}]},{"@type":"WebSite","@id":"https:\/\/welle.ee\/ee\/#website","url":"https:\/\/welle.ee\/ee\/","name":"Welle","description":"","potentialAction":[{"@type":"SearchAction","target":{"@type":"EntryPoint","urlTemplate":"https:\/\/welle.ee\/ee\/?s={search_term_string}"},"query-input":{"@type":"PropertyValueSpecification","valueRequired":true,"valueName":"search_term_string"}}],"inLanguage":"ee"}]}},"_links":{"self":[{"href":"https:\/\/welle.ee\/ee\/wp-json\/wp\/v2\/product\/490470","targetHints":{"allow":["GET"]}}],"collection":[{"href":"https:\/\/welle.ee\/ee\/wp-json\/wp\/v2\/product"}],"about":[{"href":"https:\/\/welle.ee\/ee\/wp-json\/wp\/v2\/types\/product"}],"version-history":[{"count":1,"href":"https:\/\/welle.ee\/ee\/wp-json\/wp\/v2\/product\/490470\/revisions"}],"predecessor-version":[{"id":490471,"href":"https:\/\/welle.ee\/ee\/wp-json\/wp\/v2\/product\/490470\/revisions\/490471"}],"wp:featuredmedia":[{"embeddable":true,"href":"https:\/\/welle.ee\/ee\/wp-json\/wp\/v2\/media\/501653"}],"wp:attachment":[{"href":"https:\/\/welle.ee\/ee\/wp-json\/wp\/v2\/media?parent=490470"}],"wp:term":[{"taxonomy":"product_brand","embeddable":true,"href":"https:\/\/welle.ee\/ee\/wp-json\/wp\/v2\/product_brand?post=490470"},{"taxonomy":"product_cat","embeddable":true,"href":"https:\/\/welle.ee\/ee\/wp-json\/wp\/v2\/product_cat?post=490470"},{"taxonomy":"product_tag","embeddable":true,"href":"https:\/\/welle.ee\/ee\/wp-json\/wp\/v2\/product_tag?post=490470"}],"curies":[{"name":"wp","href":"https:\/\/api.w.org\/{rel}","templated":true}]}}