{"id":490520,"date":"2025-09-09T11:31:48","date_gmt":"2025-09-09T11:31:48","guid":{"rendered":"https:\/\/wellefurniture.eu\/windsor-pikendatav-laud-color-dark-oak-black\/"},"modified":"2026-03-30T08:01:07","modified_gmt":"2026-03-30T08:01:07","slug":"windsor-pikendatav-laud-color-dark-oak-black","status":"publish","type":"product","link":"https:\/\/welle.ee\/ee\/windsor-pikendatav-laud-color-dark-oak-black\/","title":{"rendered":"WINDSOR pikendatav laud, color: dark oak\/black"},"content":{"rendered":"<p>pikenduslaud, m\u00f5\u00f5dud: 160-240\/90\/76 cm, materjal: pealispind &#8211; m\u00f6\u00f6bliplaat + naturaalne tamme vaneer, jalad &#8211; t\u00e4isp\u00f6\u00f6k, v\u00e4rvus: pealispind &#8211; tume tamm, jalad &#8211; must<\/p>\n","protected":false},"excerpt":{"rendered":"<p>pikenduslaud, m\u00f5\u00f5dud: 160-240\/90\/76 cm, materjal: pealispind &#8211; m\u00f6\u00f6bliplaat + naturaalne tamme vaneer, jalad &#8211; t\u00e4isp\u00f6\u00f6k, v\u00e4rvus: pealispind &#8211; tume tamm,<\/p>\n","protected":false},"featured_media":501789,"template":"","meta":[],"product_brand":[],"product_cat":[2353,2397],"product_tag":[],"class_list":{"0":"post-490520","1":"product","2":"type-product","3":"status-publish","4":"has-post-thumbnail","6":"product_cat-shop","7":"product_cat-dinchiar","8":"pa_manufacturer-halmar","10":"first","11":"instock","12":"sale","13":"taxable","14":"shipping-taxable","15":"purchasable","16":"product-type-simple"},"yoast_head":"<!-- This site is optimized with the Yoast SEO plugin v26.2 - https:\/\/yoast.com\/wordpress\/plugins\/seo\/ -->\n<title>WINDSOR pikendatav laud, color: dark oak\/black - Welle<\/title>\n<meta name=\"robots\" content=\"index, follow, max-snippet:-1, max-image-preview:large, max-video-preview:-1\" \/>\n<link rel=\"canonical\" href=\"https:\/\/welle.ee\/ee\/windsor-pikendatav-laud-color-dark-oak-black\/\" \/>\n<meta property=\"og:locale\" content=\"en_US\" \/>\n<meta property=\"og:type\" content=\"article\" \/>\n<meta property=\"og:title\" content=\"WINDSOR pikendatav laud, color: dark oak\/black - Welle\" \/>\n<meta property=\"og:description\" content=\"pikenduslaud, m\u00f5\u00f5dud: 160-240\/90\/76 cm, materjal: pealispind &#8211; m\u00f6\u00f6bliplaat + naturaalne tamme vaneer, jalad &#8211; t\u00e4isp\u00f6\u00f6k, v\u00e4rvus: pealispind &#8211; tume tamm,\" \/>\n<meta property=\"og:url\" content=\"https:\/\/welle.ee\/ee\/windsor-pikendatav-laud-color-dark-oak-black\/\" \/>\n<meta property=\"og:site_name\" content=\"Welle\" \/>\n<meta property=\"article:modified_time\" content=\"2026-03-30T08:01:07+00:00\" \/>\n<meta property=\"og:image\" content=\"https:\/\/welle.ee\/wp-content\/uploads\/2025\/09\/2010001182559_1.jpg\" \/>\n\t<meta property=\"og:image:width\" content=\"2000\" \/>\n\t<meta property=\"og:image:height\" content=\"1207\" \/>\n\t<meta property=\"og:image:type\" content=\"image\/jpeg\" \/>\n<meta name=\"twitter:card\" content=\"summary_large_image\" \/>\n<script type=\"application\/ld+json\" class=\"yoast-schema-graph\">{\"@context\":\"https:\/\/schema.org\",\"@graph\":[{\"@type\":\"WebPage\",\"@id\":\"https:\/\/welle.ee\/ee\/windsor-pikendatav-laud-color-dark-oak-black\/\",\"url\":\"https:\/\/welle.ee\/ee\/windsor-pikendatav-laud-color-dark-oak-black\/\",\"name\":\"WINDSOR pikendatav laud, color: dark oak\/black - Welle\",\"isPartOf\":{\"@id\":\"https:\/\/welle.ee\/ee\/#website\"},\"primaryImageOfPage\":{\"@id\":\"https:\/\/welle.ee\/ee\/windsor-pikendatav-laud-color-dark-oak-black\/#primaryimage\"},\"image\":{\"@id\":\"https:\/\/welle.ee\/ee\/windsor-pikendatav-laud-color-dark-oak-black\/#primaryimage\"},\"thumbnailUrl\":\"https:\/\/welle.ee\/wp-content\/uploads\/2025\/09\/2010001182559_1.jpg\",\"datePublished\":\"2025-09-09T11:31:48+00:00\",\"dateModified\":\"2026-03-30T08:01:07+00:00\",\"breadcrumb\":{\"@id\":\"https:\/\/welle.ee\/ee\/windsor-pikendatav-laud-color-dark-oak-black\/#breadcrumb\"},\"inLanguage\":\"ee\",\"potentialAction\":[{\"@type\":\"ReadAction\",\"target\":[\"https:\/\/welle.ee\/ee\/windsor-pikendatav-laud-color-dark-oak-black\/\"]}]},{\"@type\":\"ImageObject\",\"inLanguage\":\"ee\",\"@id\":\"https:\/\/welle.ee\/ee\/windsor-pikendatav-laud-color-dark-oak-black\/#primaryimage\",\"url\":\"https:\/\/welle.ee\/wp-content\/uploads\/2025\/09\/2010001182559_1.jpg\",\"contentUrl\":\"https:\/\/welle.ee\/wp-content\/uploads\/2025\/09\/2010001182559_1.jpg\",\"width\":2000,\"height\":1207},{\"@type\":\"BreadcrumbList\",\"@id\":\"https:\/\/welle.ee\/ee\/windsor-pikendatav-laud-color-dark-oak-black\/#breadcrumb\",\"itemListElement\":[{\"@type\":\"ListItem\",\"position\":1,\"name\":\"\u0413\u043b\u0430\u0432\u043d\u0430\u044f \u0441\u0442\u0440\u0430\u043d\u0438\u0446\u0430\",\"item\":\"https:\/\/welle.ee\/ee\/\"},{\"@type\":\"ListItem\",\"position\":2,\"name\":\"Tooted\",\"item\":\"https:\/\/welle.ee\/ee\/tooted\/\"},{\"@type\":\"ListItem\",\"position\":3,\"name\":\"WINDSOR pikendatav laud, color: dark oak\/black\"}]},{\"@type\":\"WebSite\",\"@id\":\"https:\/\/welle.ee\/ee\/#website\",\"url\":\"https:\/\/welle.ee\/ee\/\",\"name\":\"Welle\",\"description\":\"\",\"potentialAction\":[{\"@type\":\"SearchAction\",\"target\":{\"@type\":\"EntryPoint\",\"urlTemplate\":\"https:\/\/welle.ee\/ee\/?s={search_term_string}\"},\"query-input\":{\"@type\":\"PropertyValueSpecification\",\"valueRequired\":true,\"valueName\":\"search_term_string\"}}],\"inLanguage\":\"ee\"}]}<\/script>\n<!-- \/ Yoast SEO plugin. -->","yoast_head_json":{"title":"WINDSOR pikendatav laud, color: dark oak\/black - Welle","robots":{"index":"index","follow":"follow","max-snippet":"max-snippet:-1","max-image-preview":"max-image-preview:large","max-video-preview":"max-video-preview:-1"},"canonical":"https:\/\/welle.ee\/ee\/windsor-pikendatav-laud-color-dark-oak-black\/","og_locale":"en_US","og_type":"article","og_title":"WINDSOR pikendatav laud, color: dark oak\/black - Welle","og_description":"pikenduslaud, m\u00f5\u00f5dud: 160-240\/90\/76 cm, materjal: pealispind &#8211; m\u00f6\u00f6bliplaat + naturaalne tamme vaneer, jalad &#8211; t\u00e4isp\u00f6\u00f6k, v\u00e4rvus: pealispind &#8211; tume tamm,","og_url":"https:\/\/welle.ee\/ee\/windsor-pikendatav-laud-color-dark-oak-black\/","og_site_name":"Welle","article_modified_time":"2026-03-30T08:01:07+00:00","og_image":[{"width":2000,"height":1207,"url":"https:\/\/welle.ee\/wp-content\/uploads\/2025\/09\/2010001182559_1.jpg","type":"image\/jpeg"}],"twitter_card":"summary_large_image","schema":{"@context":"https:\/\/schema.org","@graph":[{"@type":"WebPage","@id":"https:\/\/welle.ee\/ee\/windsor-pikendatav-laud-color-dark-oak-black\/","url":"https:\/\/welle.ee\/ee\/windsor-pikendatav-laud-color-dark-oak-black\/","name":"WINDSOR pikendatav laud, color: dark oak\/black - Welle","isPartOf":{"@id":"https:\/\/welle.ee\/ee\/#website"},"primaryImageOfPage":{"@id":"https:\/\/welle.ee\/ee\/windsor-pikendatav-laud-color-dark-oak-black\/#primaryimage"},"image":{"@id":"https:\/\/welle.ee\/ee\/windsor-pikendatav-laud-color-dark-oak-black\/#primaryimage"},"thumbnailUrl":"https:\/\/welle.ee\/wp-content\/uploads\/2025\/09\/2010001182559_1.jpg","datePublished":"2025-09-09T11:31:48+00:00","dateModified":"2026-03-30T08:01:07+00:00","breadcrumb":{"@id":"https:\/\/welle.ee\/ee\/windsor-pikendatav-laud-color-dark-oak-black\/#breadcrumb"},"inLanguage":"ee","potentialAction":[{"@type":"ReadAction","target":["https:\/\/welle.ee\/ee\/windsor-pikendatav-laud-color-dark-oak-black\/"]}]},{"@type":"ImageObject","inLanguage":"ee","@id":"https:\/\/welle.ee\/ee\/windsor-pikendatav-laud-color-dark-oak-black\/#primaryimage","url":"https:\/\/welle.ee\/wp-content\/uploads\/2025\/09\/2010001182559_1.jpg","contentUrl":"https:\/\/welle.ee\/wp-content\/uploads\/2025\/09\/2010001182559_1.jpg","width":2000,"height":1207},{"@type":"BreadcrumbList","@id":"https:\/\/welle.ee\/ee\/windsor-pikendatav-laud-color-dark-oak-black\/#breadcrumb","itemListElement":[{"@type":"ListItem","position":1,"name":"\u0413\u043b\u0430\u0432\u043d\u0430\u044f \u0441\u0442\u0440\u0430\u043d\u0438\u0446\u0430","item":"https:\/\/welle.ee\/ee\/"},{"@type":"ListItem","position":2,"name":"Tooted","item":"https:\/\/welle.ee\/ee\/tooted\/"},{"@type":"ListItem","position":3,"name":"WINDSOR pikendatav laud, color: dark oak\/black"}]},{"@type":"WebSite","@id":"https:\/\/welle.ee\/ee\/#website","url":"https:\/\/welle.ee\/ee\/","name":"Welle","description":"","potentialAction":[{"@type":"SearchAction","target":{"@type":"EntryPoint","urlTemplate":"https:\/\/welle.ee\/ee\/?s={search_term_string}"},"query-input":{"@type":"PropertyValueSpecification","valueRequired":true,"valueName":"search_term_string"}}],"inLanguage":"ee"}]}},"_links":{"self":[{"href":"https:\/\/welle.ee\/ee\/wp-json\/wp\/v2\/product\/490520","targetHints":{"allow":["GET"]}}],"collection":[{"href":"https:\/\/welle.ee\/ee\/wp-json\/wp\/v2\/product"}],"about":[{"href":"https:\/\/welle.ee\/ee\/wp-json\/wp\/v2\/types\/product"}],"version-history":[{"count":1,"href":"https:\/\/welle.ee\/ee\/wp-json\/wp\/v2\/product\/490520\/revisions"}],"predecessor-version":[{"id":490521,"href":"https:\/\/welle.ee\/ee\/wp-json\/wp\/v2\/product\/490520\/revisions\/490521"}],"wp:featuredmedia":[{"embeddable":true,"href":"https:\/\/welle.ee\/ee\/wp-json\/wp\/v2\/media\/501789"}],"wp:attachment":[{"href":"https:\/\/welle.ee\/ee\/wp-json\/wp\/v2\/media?parent=490520"}],"wp:term":[{"taxonomy":"product_brand","embeddable":true,"href":"https:\/\/welle.ee\/ee\/wp-json\/wp\/v2\/product_brand?post=490520"},{"taxonomy":"product_cat","embeddable":true,"href":"https:\/\/welle.ee\/ee\/wp-json\/wp\/v2\/product_cat?post=490520"},{"taxonomy":"product_tag","embeddable":true,"href":"https:\/\/welle.ee\/ee\/wp-json\/wp\/v2\/product_tag?post=490520"}],"curies":[{"name":"wp","href":"https:\/\/api.w.org\/{rel}","templated":true}]}}