{"id":538379,"date":"2026-03-16T15:00:01","date_gmt":"2026-03-16T15:00:01","guid":{"rendered":"https:\/\/welle.ee\/?post_type=product&#038;p=538379"},"modified":"2026-03-16T20:48:30","modified_gmt":"2026-03-16T20:48:30","slug":"kontinentaalvoodi-california-160x200-cm","status":"publish","type":"product","link":"https:\/\/welle.ee\/ee\/kontinentaalvoodi-california-160x200-cm\/","title":{"rendered":"Kontinentaalvoodi CALIFORNIA 160&#215;200 cm"},"content":{"rendered":"<div data-content-type=\"html\" data-appearance=\"default\" data-element=\"main\">\n<h3 data-start=\"2194\" data-end=\"2222\">CALIFORNIA voodi eelised<\/h3>\n<p data-start=\"2226\" data-end=\"2259\">topper kuulub voodi hinna sisse<\/p>\n<p data-start=\"2262\" data-end=\"2291\">kaks mahukat voodipesukasti<\/p>\n<p data-start=\"2294\" data-end=\"2340\">vedrudega mehhanism lihtsustab kasti avamist<\/p>\n<p data-start=\"2343\" data-end=\"2366\">LED-valgustus peatsis<\/p>\n<p data-start=\"2369\" data-end=\"2409\">dekoratiivne n\u00f6\u00f6pidega tepitud peatugi<\/p>\n<p data-start=\"2412\" data-end=\"2448\">tugev ja vastupidav konstruktsioon<\/p>\n<p data-start=\"2451\" data-end=\"2471\">mustad metalljalad<\/p>\n<p data-start=\"2474\" data-end=\"2513\">madratsid on osaliselt kangaga kaetud<\/p>\n<p data-start=\"2516\" data-end=\"2541\">kvaliteetne Poola toodang<\/p>\n<p>Jalgade k\u00f5rgus &#8211; 15 cm<\/p>\n<p>Tarnitakse detailidena<\/p>\n<p>Saadavus ja kangavalik &#8211; k\u00fcsi: e-pood@welle.ee<\/p>\n<h3 data-start=\"2543\" data-end=\"2555\">Lisainfo<\/h3>\n<p data-start=\"2557\" data-end=\"2648\">Voodi\u00a0<strong data-start=\"2563\" data-end=\"2587\">ei ole vabalt seisev<\/strong>\u00a0\u2014 peatsi tagumine k\u00fclg on kaetud tehnilise kangaga Fibertex.<\/p>\n<\/div>\n","protected":false},"excerpt":{"rendered":"<h2 data-start=\"1551\" data-end=\"1614\">Kontinentaalvoodi CALIFORNIA topperiga ja voodipesukastidega<\/h2>\n<p data-start=\"1616\" data-end=\"1862\"><strong data-start=\"1616\" data-end=\"1648\">Kontinentaalvoodi CALIFORNIA<\/strong> \u00fchendab kaasaegse disaini, mugavuse ja praktilisuse. T\u00e4nu l\u00e4bim\u00f5eldud konstruktsioonile ja kvaliteetsetele materjalidele pakub see voodi suurep\u00e4rast magamismugavust ning muutub teie magamistoa keskseks elemendiks.<\/p>\n<p data-start=\"1864\" data-end=\"2108\">Voodi on varustatud <strong data-start=\"1884\" data-end=\"1916\">kahe mahuka voodipesukastiga<\/strong>, kuhu saab mugavalt paigutada voodipesu, tekid ja muud vajalikud esemed. Lisamugavust pakub <strong data-start=\"2009\" data-end=\"2036\">komplekti kuuluv topper<\/strong> ning <strong data-start=\"2042\" data-end=\"2067\">LED-valgustus peatsis<\/strong>, mis loob magamistoas hubase atmosf\u00e4\u00e4ri.<\/p>\n<p data-start=\"2110\" data-end=\"2192\">Kontinentaalvoodi madratsis\u00fcsteem tagab kehale hea toe ning k\u00f5rge magamismugavuse.<\/p>\n","protected":false},"featured_media":538387,"template":"","meta":[],"product_brand":[],"product_cat":[2353,2431,2347,3592,2346,3962,2348],"product_tag":[],"class_list":{"0":"post-538379","1":"product","2":"type-product","3":"status-publish","4":"has-post-thumbnail","6":"product_cat-shop","7":"product_cat-kontinentaalvoodid-2","8":"product_cat-kontinentaalvoodid","9":"product_cat-leiunurk","10":"product_cat-bad","11":"product_cat-voodid-ja-madratsid","12":"product_cat-beds","13":"pa_bed_size-bed-size-160x200","14":"pa_height-3631","15":"pa_height_range-h-101-150","16":"pa_length-2798","17":"pa_length_range-l-200","18":"pa_manufacturer-meble-gruszka","19":"pa_material-fabric","20":"pa_width-8525","21":"pa_width_range-w-151-200","23":"first","24":"instock","25":"sale","26":"taxable","27":"shipping-taxable","28":"purchasable","29":"product-type-simple"},"yoast_head":"<!-- This site is optimized with the Yoast SEO plugin v26.2 - https:\/\/yoast.com\/wordpress\/plugins\/seo\/ -->\n<title>Kontinentaalvoodi CALIFORNIA 160x200 cm - Welle<\/title>\n<meta name=\"robots\" content=\"index, follow, max-snippet:-1, max-image-preview:large, max-video-preview:-1\" \/>\n<link rel=\"canonical\" href=\"https:\/\/welle.ee\/ee\/kontinentaalvoodi-california-160x200-cm\/\" \/>\n<meta property=\"og:locale\" content=\"en_US\" \/>\n<meta property=\"og:type\" content=\"article\" \/>\n<meta property=\"og:title\" content=\"Kontinentaalvoodi CALIFORNIA 160x200 cm - Welle\" \/>\n<meta property=\"og:description\" content=\"Kontinentaalvoodi CALIFORNIA topperiga ja voodipesukastidega Kontinentaalvoodi CALIFORNIA \u00fchendab kaasaegse disaini, mugavuse ja praktilisuse. T\u00e4nu l\u00e4bim\u00f5eldud konstruktsioonile ja kvaliteetsetele materjalidele pakub see voodi suurep\u00e4rast magamismugavust ning muutub teie magamistoa keskseks elemendiks. Voodi on varustatud kahe mahuka voodipesukastiga, kuhu saab mugavalt paigutada voodipesu, tekid ja muud vajalikud esemed. Lisamugavust pakub komplekti kuuluv topper ning LED-valgustus peatsis, mis loob magamistoas hubase atmosf\u00e4\u00e4ri. Kontinentaalvoodi madratsis\u00fcsteem tagab kehale hea toe ning k\u00f5rge magamismugavuse.\" \/>\n<meta property=\"og:url\" content=\"https:\/\/welle.ee\/ee\/kontinentaalvoodi-california-160x200-cm\/\" \/>\n<meta property=\"og:site_name\" content=\"Welle\" \/>\n<meta property=\"article:modified_time\" content=\"2026-03-16T20:48:30+00:00\" \/>\n<meta property=\"og:image\" content=\"https:\/\/welle.ee\/wp-content\/uploads\/2026\/03\/California-w-tkaninie-Fresh-32.jpg\" \/>\n\t<meta property=\"og:image:width\" content=\"2048\" \/>\n\t<meta property=\"og:image:height\" content=\"1359\" \/>\n\t<meta property=\"og:image:type\" content=\"image\/jpeg\" \/>\n<meta name=\"twitter:card\" content=\"summary_large_image\" \/>\n<script type=\"application\/ld+json\" class=\"yoast-schema-graph\">{\"@context\":\"https:\/\/schema.org\",\"@graph\":[{\"@type\":\"WebPage\",\"@id\":\"https:\/\/welle.ee\/ee\/kontinentaalvoodi-california-160x200-cm\/\",\"url\":\"https:\/\/welle.ee\/ee\/kontinentaalvoodi-california-160x200-cm\/\",\"name\":\"Kontinentaalvoodi CALIFORNIA 160x200 cm - Welle\",\"isPartOf\":{\"@id\":\"https:\/\/welle.ee\/ee\/#website\"},\"primaryImageOfPage\":{\"@id\":\"https:\/\/welle.ee\/ee\/kontinentaalvoodi-california-160x200-cm\/#primaryimage\"},\"image\":{\"@id\":\"https:\/\/welle.ee\/ee\/kontinentaalvoodi-california-160x200-cm\/#primaryimage\"},\"thumbnailUrl\":\"https:\/\/welle.ee\/wp-content\/uploads\/2026\/03\/California-w-tkaninie-Fresh-32.jpg\",\"datePublished\":\"2026-03-16T15:00:01+00:00\",\"dateModified\":\"2026-03-16T20:48:30+00:00\",\"breadcrumb\":{\"@id\":\"https:\/\/welle.ee\/ee\/kontinentaalvoodi-california-160x200-cm\/#breadcrumb\"},\"inLanguage\":\"ee\",\"potentialAction\":[{\"@type\":\"ReadAction\",\"target\":[\"https:\/\/welle.ee\/ee\/kontinentaalvoodi-california-160x200-cm\/\"]}]},{\"@type\":\"ImageObject\",\"inLanguage\":\"ee\",\"@id\":\"https:\/\/welle.ee\/ee\/kontinentaalvoodi-california-160x200-cm\/#primaryimage\",\"url\":\"https:\/\/welle.ee\/wp-content\/uploads\/2026\/03\/California-w-tkaninie-Fresh-32.jpg\",\"contentUrl\":\"https:\/\/welle.ee\/wp-content\/uploads\/2026\/03\/California-w-tkaninie-Fresh-32.jpg\",\"width\":2048,\"height\":1359},{\"@type\":\"BreadcrumbList\",\"@id\":\"https:\/\/welle.ee\/ee\/kontinentaalvoodi-california-160x200-cm\/#breadcrumb\",\"itemListElement\":[{\"@type\":\"ListItem\",\"position\":1,\"name\":\"\u0413\u043b\u0430\u0432\u043d\u0430\u044f \u0441\u0442\u0440\u0430\u043d\u0438\u0446\u0430\",\"item\":\"https:\/\/welle.ee\/ee\/\"},{\"@type\":\"ListItem\",\"position\":2,\"name\":\"Tooted\",\"item\":\"https:\/\/welle.ee\/ee\/tooted\/\"},{\"@type\":\"ListItem\",\"position\":3,\"name\":\"Kontinentaalvoodi CALIFORNIA 160&#215;200 cm\"}]},{\"@type\":\"WebSite\",\"@id\":\"https:\/\/welle.ee\/ee\/#website\",\"url\":\"https:\/\/welle.ee\/ee\/\",\"name\":\"Welle\",\"description\":\"\",\"potentialAction\":[{\"@type\":\"SearchAction\",\"target\":{\"@type\":\"EntryPoint\",\"urlTemplate\":\"https:\/\/welle.ee\/ee\/?s={search_term_string}\"},\"query-input\":{\"@type\":\"PropertyValueSpecification\",\"valueRequired\":true,\"valueName\":\"search_term_string\"}}],\"inLanguage\":\"ee\"}]}<\/script>\n<!-- \/ Yoast SEO plugin. -->","yoast_head_json":{"title":"Kontinentaalvoodi CALIFORNIA 160x200 cm - Welle","robots":{"index":"index","follow":"follow","max-snippet":"max-snippet:-1","max-image-preview":"max-image-preview:large","max-video-preview":"max-video-preview:-1"},"canonical":"https:\/\/welle.ee\/ee\/kontinentaalvoodi-california-160x200-cm\/","og_locale":"en_US","og_type":"article","og_title":"Kontinentaalvoodi CALIFORNIA 160x200 cm - Welle","og_description":"Kontinentaalvoodi CALIFORNIA topperiga ja voodipesukastidega Kontinentaalvoodi CALIFORNIA \u00fchendab kaasaegse disaini, mugavuse ja praktilisuse. T\u00e4nu l\u00e4bim\u00f5eldud konstruktsioonile ja kvaliteetsetele materjalidele pakub see voodi suurep\u00e4rast magamismugavust ning muutub teie magamistoa keskseks elemendiks. Voodi on varustatud kahe mahuka voodipesukastiga, kuhu saab mugavalt paigutada voodipesu, tekid ja muud vajalikud esemed. Lisamugavust pakub komplekti kuuluv topper ning LED-valgustus peatsis, mis loob magamistoas hubase atmosf\u00e4\u00e4ri. Kontinentaalvoodi madratsis\u00fcsteem tagab kehale hea toe ning k\u00f5rge magamismugavuse.","og_url":"https:\/\/welle.ee\/ee\/kontinentaalvoodi-california-160x200-cm\/","og_site_name":"Welle","article_modified_time":"2026-03-16T20:48:30+00:00","og_image":[{"width":2048,"height":1359,"url":"https:\/\/welle.ee\/wp-content\/uploads\/2026\/03\/California-w-tkaninie-Fresh-32.jpg","type":"image\/jpeg"}],"twitter_card":"summary_large_image","schema":{"@context":"https:\/\/schema.org","@graph":[{"@type":"WebPage","@id":"https:\/\/welle.ee\/ee\/kontinentaalvoodi-california-160x200-cm\/","url":"https:\/\/welle.ee\/ee\/kontinentaalvoodi-california-160x200-cm\/","name":"Kontinentaalvoodi CALIFORNIA 160x200 cm - Welle","isPartOf":{"@id":"https:\/\/welle.ee\/ee\/#website"},"primaryImageOfPage":{"@id":"https:\/\/welle.ee\/ee\/kontinentaalvoodi-california-160x200-cm\/#primaryimage"},"image":{"@id":"https:\/\/welle.ee\/ee\/kontinentaalvoodi-california-160x200-cm\/#primaryimage"},"thumbnailUrl":"https:\/\/welle.ee\/wp-content\/uploads\/2026\/03\/California-w-tkaninie-Fresh-32.jpg","datePublished":"2026-03-16T15:00:01+00:00","dateModified":"2026-03-16T20:48:30+00:00","breadcrumb":{"@id":"https:\/\/welle.ee\/ee\/kontinentaalvoodi-california-160x200-cm\/#breadcrumb"},"inLanguage":"ee","potentialAction":[{"@type":"ReadAction","target":["https:\/\/welle.ee\/ee\/kontinentaalvoodi-california-160x200-cm\/"]}]},{"@type":"ImageObject","inLanguage":"ee","@id":"https:\/\/welle.ee\/ee\/kontinentaalvoodi-california-160x200-cm\/#primaryimage","url":"https:\/\/welle.ee\/wp-content\/uploads\/2026\/03\/California-w-tkaninie-Fresh-32.jpg","contentUrl":"https:\/\/welle.ee\/wp-content\/uploads\/2026\/03\/California-w-tkaninie-Fresh-32.jpg","width":2048,"height":1359},{"@type":"BreadcrumbList","@id":"https:\/\/welle.ee\/ee\/kontinentaalvoodi-california-160x200-cm\/#breadcrumb","itemListElement":[{"@type":"ListItem","position":1,"name":"\u0413\u043b\u0430\u0432\u043d\u0430\u044f \u0441\u0442\u0440\u0430\u043d\u0438\u0446\u0430","item":"https:\/\/welle.ee\/ee\/"},{"@type":"ListItem","position":2,"name":"Tooted","item":"https:\/\/welle.ee\/ee\/tooted\/"},{"@type":"ListItem","position":3,"name":"Kontinentaalvoodi CALIFORNIA 160&#215;200 cm"}]},{"@type":"WebSite","@id":"https:\/\/welle.ee\/ee\/#website","url":"https:\/\/welle.ee\/ee\/","name":"Welle","description":"","potentialAction":[{"@type":"SearchAction","target":{"@type":"EntryPoint","urlTemplate":"https:\/\/welle.ee\/ee\/?s={search_term_string}"},"query-input":{"@type":"PropertyValueSpecification","valueRequired":true,"valueName":"search_term_string"}}],"inLanguage":"ee"}]}},"_links":{"self":[{"href":"https:\/\/welle.ee\/ee\/wp-json\/wp\/v2\/product\/538379","targetHints":{"allow":["GET"]}}],"collection":[{"href":"https:\/\/welle.ee\/ee\/wp-json\/wp\/v2\/product"}],"about":[{"href":"https:\/\/welle.ee\/ee\/wp-json\/wp\/v2\/types\/product"}],"version-history":[{"count":4,"href":"https:\/\/welle.ee\/ee\/wp-json\/wp\/v2\/product\/538379\/revisions"}],"predecessor-version":[{"id":538400,"href":"https:\/\/welle.ee\/ee\/wp-json\/wp\/v2\/product\/538379\/revisions\/538400"}],"wp:featuredmedia":[{"embeddable":true,"href":"https:\/\/welle.ee\/ee\/wp-json\/wp\/v2\/media\/538387"}],"wp:attachment":[{"href":"https:\/\/welle.ee\/ee\/wp-json\/wp\/v2\/media?parent=538379"}],"wp:term":[{"taxonomy":"product_brand","embeddable":true,"href":"https:\/\/welle.ee\/ee\/wp-json\/wp\/v2\/product_brand?post=538379"},{"taxonomy":"product_cat","embeddable":true,"href":"https:\/\/welle.ee\/ee\/wp-json\/wp\/v2\/product_cat?post=538379"},{"taxonomy":"product_tag","embeddable":true,"href":"https:\/\/welle.ee\/ee\/wp-json\/wp\/v2\/product_tag?post=538379"}],"curies":[{"name":"wp","href":"https:\/\/api.w.org\/{rel}","templated":true}]}}