{"id":538421,"date":"2026-03-16T18:45:13","date_gmt":"2026-03-16T18:45:13","guid":{"rendered":"https:\/\/welle.ee\/?post_type=product&#038;p=538421"},"modified":"2026-03-16T20:49:55","modified_gmt":"2026-03-16T20:49:55","slug":"kontinentaalvoodi-guliette-160x200-cm","status":"publish","type":"product","link":"https:\/\/welle.ee\/ee\/kontinentaalvoodi-guliette-160x200-cm\/","title":{"rendered":"Kontinentaalvoodi GULIETTE 160&#215;200 cm"},"content":{"rendered":"<div data-content-type=\"html\" data-appearance=\"default\" data-element=\"main\">\n<h3 data-start=\"1699\" data-end=\"1729\">Miks valida voodi GULIETTE<\/h3>\n<ul data-start=\"1731\" data-end=\"1859\">\n<li data-start=\"1754\" data-end=\"1792\">\n<p data-start=\"1756\" data-end=\"1792\">tugev ja vastupidav konstruktsioon<\/p>\n<\/li>\n<li data-start=\"1793\" data-end=\"1823\">\n<p data-start=\"1795\" data-end=\"1823\">v\u00e4ga kvaliteetne valmistus<\/p>\n<\/li>\n<li data-start=\"1824\" data-end=\"1859\">\n<p data-start=\"1826\" data-end=\"1859\">tasuta transport \u00fcle kogu Eesti<\/p>\n<\/li>\n<\/ul>\n<h3 data-start=\"1861\" data-end=\"1894\">Lisainfo voodi GULIETTE kohta<\/h3>\n<ul data-start=\"1896\" data-end=\"2186\">\n<li data-start=\"1896\" data-end=\"1935\">\n<p data-start=\"1898\" data-end=\"1935\"><strong data-start=\"1898\" data-end=\"1933\">topper kuulub voodi hinna sisse<\/strong><\/p>\n<\/li>\n<li data-start=\"1936\" data-end=\"1977\">\n<p data-start=\"1938\" data-end=\"1977\">madratsid on osaliselt kangaga kaetud<\/p>\n<\/li>\n<li data-start=\"1978\" data-end=\"2006\">\n<p data-start=\"1980\" data-end=\"2006\">2 mahukat voodipesukasti<\/p>\n<\/li>\n<li data-start=\"2098\" data-end=\"2143\">\n<p data-start=\"2100\" data-end=\"2143\">h\u00f5bedased metalljalad, k\u00f5rgus umbes 12 cm<\/p>\n<\/li>\n<li data-start=\"2144\" data-end=\"2186\">\n<p data-start=\"2146\" data-end=\"2186\">dekoratiivne n\u00f6\u00f6pidega tepitud peatugi<\/p>\n<\/li>\n<\/ul>\n<p>Saadavus ja kangavalik &#8211; k\u00fcsi: e-pood@welle.ee<\/p>\n<h3 data-start=\"2543\" data-end=\"2555\">Lisainfo<\/h3>\n<p data-start=\"2557\" data-end=\"2648\">Voodi\u00a0<strong data-start=\"2563\" data-end=\"2587\">ei ole vabalt seisev<\/strong>\u00a0\u2014 peatsi tagumine k\u00fclg on kaetud tehnilise kangaga Fibertex.<\/p>\n<\/div>\n","protected":false},"excerpt":{"rendered":"<h2 data-start=\"1271\" data-end=\"1300\">Kontinentaalvoodi GULIETTE<\/h2>\n<p data-start=\"1302\" data-end=\"1564\"><strong data-start=\"1302\" data-end=\"1332\">Kontinentaalvoodi GULIETTE<\/strong> on mudel, mis \u00fchendab mugavuse, elegantsi ja kaasaegse disaini. Ebatavalised metalljalad annavad voodile erilise iseloomu ning tepitud peatugi dekoratiivsete n\u00f6\u00f6pidega t\u00f5mbab pilku ja muudab voodi magamistoa stiilseks keskpunktiks.<\/p>\n<p data-start=\"1566\" data-end=\"1697\">L\u00e4bim\u00f5eldud konstruktsioon ja kvaliteetsed materjalid tagavad suurep\u00e4rase magamismugavuse ning vastupidavuse igap\u00e4evases kasutuses.<\/p>\n","protected":false},"featured_media":538432,"template":"","meta":[],"product_brand":[],"product_cat":[2353,2431,2347,3592,2346,3962,2348],"product_tag":[],"class_list":{"0":"post-538421","1":"product","2":"type-product","3":"status-publish","4":"has-post-thumbnail","6":"product_cat-shop","7":"product_cat-kontinentaalvoodid-2","8":"product_cat-kontinentaalvoodid","9":"product_cat-leiunurk","10":"product_cat-bad","11":"product_cat-voodid-ja-madratsid","12":"product_cat-beds","13":"pa_bed_size-bed-size-160x200","14":"pa_height-5456","15":"pa_height_range-h-101-150","16":"pa_length-2596","17":"pa_length_range-l-200","18":"pa_manufacturer-meble-gruszka","19":"pa_material-fabric","20":"pa_width-2728","21":"pa_width_range-w-151-200","23":"first","24":"instock","25":"sale","26":"taxable","27":"shipping-taxable","28":"purchasable","29":"product-type-simple"},"yoast_head":"<!-- This site is optimized with the Yoast SEO plugin v26.2 - https:\/\/yoast.com\/wordpress\/plugins\/seo\/ -->\n<title>Kontinentaalvoodi GULIETTE 160x200 cm - Welle<\/title>\n<meta name=\"robots\" content=\"index, follow, max-snippet:-1, max-image-preview:large, max-video-preview:-1\" \/>\n<link rel=\"canonical\" href=\"https:\/\/welle.ee\/ee\/kontinentaalvoodi-guliette-160x200-cm\/\" \/>\n<meta property=\"og:locale\" content=\"en_US\" \/>\n<meta property=\"og:type\" content=\"article\" \/>\n<meta property=\"og:title\" content=\"Kontinentaalvoodi GULIETTE 160x200 cm - Welle\" \/>\n<meta property=\"og:description\" content=\"Kontinentaalvoodi GULIETTE Kontinentaalvoodi GULIETTE on mudel, mis \u00fchendab mugavuse, elegantsi ja kaasaegse disaini. Ebatavalised metalljalad annavad voodile erilise iseloomu ning tepitud peatugi dekoratiivsete n\u00f6\u00f6pidega t\u00f5mbab pilku ja muudab voodi magamistoa stiilseks keskpunktiks. L\u00e4bim\u00f5eldud konstruktsioon ja kvaliteetsed materjalid tagavad suurep\u00e4rase magamismugavuse ning vastupidavuse igap\u00e4evases kasutuses.\" \/>\n<meta property=\"og:url\" content=\"https:\/\/welle.ee\/ee\/kontinentaalvoodi-guliette-160x200-cm\/\" \/>\n<meta property=\"og:site_name\" content=\"Welle\" \/>\n<meta property=\"article:modified_time\" content=\"2026-03-16T20:49:55+00:00\" \/>\n<meta property=\"og:image\" content=\"https:\/\/welle.ee\/wp-content\/uploads\/2026\/03\/Guliette-w-tkaninie-Fresh-37.jpg\" \/>\n\t<meta property=\"og:image:width\" content=\"2048\" \/>\n\t<meta property=\"og:image:height\" content=\"1363\" \/>\n\t<meta property=\"og:image:type\" content=\"image\/jpeg\" \/>\n<meta name=\"twitter:card\" content=\"summary_large_image\" \/>\n<script type=\"application\/ld+json\" class=\"yoast-schema-graph\">{\"@context\":\"https:\/\/schema.org\",\"@graph\":[{\"@type\":\"WebPage\",\"@id\":\"https:\/\/welle.ee\/ee\/kontinentaalvoodi-guliette-160x200-cm\/\",\"url\":\"https:\/\/welle.ee\/ee\/kontinentaalvoodi-guliette-160x200-cm\/\",\"name\":\"Kontinentaalvoodi GULIETTE 160x200 cm - Welle\",\"isPartOf\":{\"@id\":\"https:\/\/welle.ee\/ee\/#website\"},\"primaryImageOfPage\":{\"@id\":\"https:\/\/welle.ee\/ee\/kontinentaalvoodi-guliette-160x200-cm\/#primaryimage\"},\"image\":{\"@id\":\"https:\/\/welle.ee\/ee\/kontinentaalvoodi-guliette-160x200-cm\/#primaryimage\"},\"thumbnailUrl\":\"https:\/\/welle.ee\/wp-content\/uploads\/2026\/03\/Guliette-w-tkaninie-Fresh-37.jpg\",\"datePublished\":\"2026-03-16T18:45:13+00:00\",\"dateModified\":\"2026-03-16T20:49:55+00:00\",\"breadcrumb\":{\"@id\":\"https:\/\/welle.ee\/ee\/kontinentaalvoodi-guliette-160x200-cm\/#breadcrumb\"},\"inLanguage\":\"ee\",\"potentialAction\":[{\"@type\":\"ReadAction\",\"target\":[\"https:\/\/welle.ee\/ee\/kontinentaalvoodi-guliette-160x200-cm\/\"]}]},{\"@type\":\"ImageObject\",\"inLanguage\":\"ee\",\"@id\":\"https:\/\/welle.ee\/ee\/kontinentaalvoodi-guliette-160x200-cm\/#primaryimage\",\"url\":\"https:\/\/welle.ee\/wp-content\/uploads\/2026\/03\/Guliette-w-tkaninie-Fresh-37.jpg\",\"contentUrl\":\"https:\/\/welle.ee\/wp-content\/uploads\/2026\/03\/Guliette-w-tkaninie-Fresh-37.jpg\",\"width\":2048,\"height\":1363},{\"@type\":\"BreadcrumbList\",\"@id\":\"https:\/\/welle.ee\/ee\/kontinentaalvoodi-guliette-160x200-cm\/#breadcrumb\",\"itemListElement\":[{\"@type\":\"ListItem\",\"position\":1,\"name\":\"\u0413\u043b\u0430\u0432\u043d\u0430\u044f \u0441\u0442\u0440\u0430\u043d\u0438\u0446\u0430\",\"item\":\"https:\/\/welle.ee\/ee\/\"},{\"@type\":\"ListItem\",\"position\":2,\"name\":\"Tooted\",\"item\":\"https:\/\/welle.ee\/ee\/tooted\/\"},{\"@type\":\"ListItem\",\"position\":3,\"name\":\"Kontinentaalvoodi GULIETTE 160&#215;200 cm\"}]},{\"@type\":\"WebSite\",\"@id\":\"https:\/\/welle.ee\/ee\/#website\",\"url\":\"https:\/\/welle.ee\/ee\/\",\"name\":\"Welle\",\"description\":\"\",\"potentialAction\":[{\"@type\":\"SearchAction\",\"target\":{\"@type\":\"EntryPoint\",\"urlTemplate\":\"https:\/\/welle.ee\/ee\/?s={search_term_string}\"},\"query-input\":{\"@type\":\"PropertyValueSpecification\",\"valueRequired\":true,\"valueName\":\"search_term_string\"}}],\"inLanguage\":\"ee\"}]}<\/script>\n<!-- \/ Yoast SEO plugin. -->","yoast_head_json":{"title":"Kontinentaalvoodi GULIETTE 160x200 cm - Welle","robots":{"index":"index","follow":"follow","max-snippet":"max-snippet:-1","max-image-preview":"max-image-preview:large","max-video-preview":"max-video-preview:-1"},"canonical":"https:\/\/welle.ee\/ee\/kontinentaalvoodi-guliette-160x200-cm\/","og_locale":"en_US","og_type":"article","og_title":"Kontinentaalvoodi GULIETTE 160x200 cm - Welle","og_description":"Kontinentaalvoodi GULIETTE Kontinentaalvoodi GULIETTE on mudel, mis \u00fchendab mugavuse, elegantsi ja kaasaegse disaini. Ebatavalised metalljalad annavad voodile erilise iseloomu ning tepitud peatugi dekoratiivsete n\u00f6\u00f6pidega t\u00f5mbab pilku ja muudab voodi magamistoa stiilseks keskpunktiks. L\u00e4bim\u00f5eldud konstruktsioon ja kvaliteetsed materjalid tagavad suurep\u00e4rase magamismugavuse ning vastupidavuse igap\u00e4evases kasutuses.","og_url":"https:\/\/welle.ee\/ee\/kontinentaalvoodi-guliette-160x200-cm\/","og_site_name":"Welle","article_modified_time":"2026-03-16T20:49:55+00:00","og_image":[{"width":2048,"height":1363,"url":"https:\/\/welle.ee\/wp-content\/uploads\/2026\/03\/Guliette-w-tkaninie-Fresh-37.jpg","type":"image\/jpeg"}],"twitter_card":"summary_large_image","schema":{"@context":"https:\/\/schema.org","@graph":[{"@type":"WebPage","@id":"https:\/\/welle.ee\/ee\/kontinentaalvoodi-guliette-160x200-cm\/","url":"https:\/\/welle.ee\/ee\/kontinentaalvoodi-guliette-160x200-cm\/","name":"Kontinentaalvoodi GULIETTE 160x200 cm - Welle","isPartOf":{"@id":"https:\/\/welle.ee\/ee\/#website"},"primaryImageOfPage":{"@id":"https:\/\/welle.ee\/ee\/kontinentaalvoodi-guliette-160x200-cm\/#primaryimage"},"image":{"@id":"https:\/\/welle.ee\/ee\/kontinentaalvoodi-guliette-160x200-cm\/#primaryimage"},"thumbnailUrl":"https:\/\/welle.ee\/wp-content\/uploads\/2026\/03\/Guliette-w-tkaninie-Fresh-37.jpg","datePublished":"2026-03-16T18:45:13+00:00","dateModified":"2026-03-16T20:49:55+00:00","breadcrumb":{"@id":"https:\/\/welle.ee\/ee\/kontinentaalvoodi-guliette-160x200-cm\/#breadcrumb"},"inLanguage":"ee","potentialAction":[{"@type":"ReadAction","target":["https:\/\/welle.ee\/ee\/kontinentaalvoodi-guliette-160x200-cm\/"]}]},{"@type":"ImageObject","inLanguage":"ee","@id":"https:\/\/welle.ee\/ee\/kontinentaalvoodi-guliette-160x200-cm\/#primaryimage","url":"https:\/\/welle.ee\/wp-content\/uploads\/2026\/03\/Guliette-w-tkaninie-Fresh-37.jpg","contentUrl":"https:\/\/welle.ee\/wp-content\/uploads\/2026\/03\/Guliette-w-tkaninie-Fresh-37.jpg","width":2048,"height":1363},{"@type":"BreadcrumbList","@id":"https:\/\/welle.ee\/ee\/kontinentaalvoodi-guliette-160x200-cm\/#breadcrumb","itemListElement":[{"@type":"ListItem","position":1,"name":"\u0413\u043b\u0430\u0432\u043d\u0430\u044f \u0441\u0442\u0440\u0430\u043d\u0438\u0446\u0430","item":"https:\/\/welle.ee\/ee\/"},{"@type":"ListItem","position":2,"name":"Tooted","item":"https:\/\/welle.ee\/ee\/tooted\/"},{"@type":"ListItem","position":3,"name":"Kontinentaalvoodi GULIETTE 160&#215;200 cm"}]},{"@type":"WebSite","@id":"https:\/\/welle.ee\/ee\/#website","url":"https:\/\/welle.ee\/ee\/","name":"Welle","description":"","potentialAction":[{"@type":"SearchAction","target":{"@type":"EntryPoint","urlTemplate":"https:\/\/welle.ee\/ee\/?s={search_term_string}"},"query-input":{"@type":"PropertyValueSpecification","valueRequired":true,"valueName":"search_term_string"}}],"inLanguage":"ee"}]}},"_links":{"self":[{"href":"https:\/\/welle.ee\/ee\/wp-json\/wp\/v2\/product\/538421","targetHints":{"allow":["GET"]}}],"collection":[{"href":"https:\/\/welle.ee\/ee\/wp-json\/wp\/v2\/product"}],"about":[{"href":"https:\/\/welle.ee\/ee\/wp-json\/wp\/v2\/types\/product"}],"version-history":[{"count":2,"href":"https:\/\/welle.ee\/ee\/wp-json\/wp\/v2\/product\/538421\/revisions"}],"predecessor-version":[{"id":538457,"href":"https:\/\/welle.ee\/ee\/wp-json\/wp\/v2\/product\/538421\/revisions\/538457"}],"wp:featuredmedia":[{"embeddable":true,"href":"https:\/\/welle.ee\/ee\/wp-json\/wp\/v2\/media\/538432"}],"wp:attachment":[{"href":"https:\/\/welle.ee\/ee\/wp-json\/wp\/v2\/media?parent=538421"}],"wp:term":[{"taxonomy":"product_brand","embeddable":true,"href":"https:\/\/welle.ee\/ee\/wp-json\/wp\/v2\/product_brand?post=538421"},{"taxonomy":"product_cat","embeddable":true,"href":"https:\/\/welle.ee\/ee\/wp-json\/wp\/v2\/product_cat?post=538421"},{"taxonomy":"product_tag","embeddable":true,"href":"https:\/\/welle.ee\/ee\/wp-json\/wp\/v2\/product_tag?post=538421"}],"curies":[{"name":"wp","href":"https:\/\/api.w.org\/{rel}","templated":true}]}}