{"id":538542,"date":"2026-04-23T13:47:58","date_gmt":"2026-04-23T13:47:58","guid":{"rendered":"https:\/\/welle.ee\/?post_type=product&#038;p=538542"},"modified":"2026-04-24T10:05:20","modified_gmt":"2026-04-24T10:05:20","slug":"pikendatav-soogilaud-valentino-ceramic-beez-kasmiir-taj-mahal-180-260","status":"publish","type":"product","link":"https:\/\/welle.ee\/ee\/pikendatav-soogilaud-valentino-ceramic-beez-kasmiir-taj-mahal-180-260\/","title":{"rendered":"Pikendatav s\u00f6\u00f6gilaud Valentino Ceramic  180-260 cm Taj Mahal bee\u017e l\u00e4ikega , ka\u0161miir"},"content":{"rendered":"<div data-content-type=\"html\" data-appearance=\"default\" data-element=\"main\">\n<ul>\n<li>Lauaplaat: karastatud klaas + itaalia keraamika<\/li>\n<li>Viimistlus: Taj Mahal bee\u017e l\u00e4ikega , ka\u0161miir<\/li>\n<li>Karkass on ka\u0161miir v\u00e4rvi metallist<\/li>\n<li>Pikkus 180-260 cm<\/li>\n<li>Tarnitakse detailidena<\/li>\n<\/ul>\n<\/div>\n","protected":false},"excerpt":{"rendered":"<p>Lauaplaat: karastatud klaas + itaalia keraamika Viimistlus: Taj Mahal bee\u017e l\u00e4ikega , ka\u0161miir Karkass on ka\u0161miir v\u00e4rvi metallist Pikkus 180-260<\/p>\n","protected":false},"featured_media":538543,"template":"","meta":[],"product_brand":[],"product_cat":[2353,3593,2388,3592,2400,2397],"product_tag":[],"class_list":{"0":"post-538542","1":"product","2":"type-product","3":"status-publish","4":"has-post-thumbnail","6":"product_cat-shop","7":"product_cat-lauad-ja-toolid","8":"product_cat-chairs","9":"product_cat-leiunurk","10":"product_cat-pikendatavad-soogilauad","11":"product_cat-dinchiar","12":"pa_color-beige","13":"pa_height-2552","14":"pa_height_range-h-50-100","15":"pa_length-180-240","16":"pa_length_range-l-151-200","17":"pa_manufacturer-signal","18":"pa_material-ceramic","19":"pa_width-3063","20":"pa_width_range-w-50-100","22":"first","23":"instock","24":"sale","25":"taxable","26":"shipping-taxable","27":"purchasable","28":"product-type-simple"},"yoast_head":"<!-- This site is optimized with the Yoast SEO plugin v26.2 - https:\/\/yoast.com\/wordpress\/plugins\/seo\/ -->\n<title>Pikendatav s\u00f6\u00f6gilaud Valentino Ceramic 180-260 cm Taj Mahal bee\u017e l\u00e4ikega , ka\u0161miir - Welle<\/title>\n<meta name=\"robots\" content=\"index, follow, max-snippet:-1, max-image-preview:large, max-video-preview:-1\" \/>\n<link rel=\"canonical\" href=\"https:\/\/welle.ee\/ee\/pikendatav-soogilaud-valentino-ceramic-beez-kasmiir-taj-mahal-180-260\/\" \/>\n<meta property=\"og:locale\" content=\"en_US\" \/>\n<meta property=\"og:type\" content=\"article\" \/>\n<meta property=\"og:title\" content=\"Pikendatav s\u00f6\u00f6gilaud Valentino Ceramic 180-260 cm Taj Mahal bee\u017e l\u00e4ikega , ka\u0161miir - Welle\" \/>\n<meta property=\"og:description\" content=\"Lauaplaat: karastatud klaas + itaalia keraamika Viimistlus: Taj Mahal bee\u017e l\u00e4ikega , ka\u0161miir Karkass on ka\u0161miir v\u00e4rvi metallist Pikkus 180-260\" \/>\n<meta property=\"og:url\" content=\"https:\/\/welle.ee\/ee\/pikendatav-soogilaud-valentino-ceramic-beez-kasmiir-taj-mahal-180-260\/\" \/>\n<meta property=\"og:site_name\" content=\"Welle\" \/>\n<meta property=\"article:modified_time\" content=\"2026-04-24T10:05:20+00:00\" \/>\n<meta property=\"og:image\" content=\"https:\/\/welle.ee\/wp-content\/uploads\/2026\/04\/valentino-ceramic-180-260-taj-mahal-keraamilise-lauaplaadiga-beez-soogilaud-kivi-welle-moobel-mooblipood-koogilauad-uued-kodus-kasmiir-1.jpg\" \/>\n\t<meta property=\"og:image:width\" content=\"2000\" \/>\n\t<meta property=\"og:image:height\" content=\"1530\" \/>\n\t<meta property=\"og:image:type\" content=\"image\/jpeg\" \/>\n<meta name=\"twitter:card\" content=\"summary_large_image\" \/>\n<script type=\"application\/ld+json\" class=\"yoast-schema-graph\">{\"@context\":\"https:\/\/schema.org\",\"@graph\":[{\"@type\":\"WebPage\",\"@id\":\"https:\/\/welle.ee\/ee\/pikendatav-soogilaud-valentino-ceramic-beez-kasmiir-taj-mahal-180-260\/\",\"url\":\"https:\/\/welle.ee\/ee\/pikendatav-soogilaud-valentino-ceramic-beez-kasmiir-taj-mahal-180-260\/\",\"name\":\"Pikendatav s\u00f6\u00f6gilaud Valentino Ceramic 180-260 cm Taj Mahal bee\u017e l\u00e4ikega , ka\u0161miir - Welle\",\"isPartOf\":{\"@id\":\"https:\/\/welle.ee\/ee\/#website\"},\"primaryImageOfPage\":{\"@id\":\"https:\/\/welle.ee\/ee\/pikendatav-soogilaud-valentino-ceramic-beez-kasmiir-taj-mahal-180-260\/#primaryimage\"},\"image\":{\"@id\":\"https:\/\/welle.ee\/ee\/pikendatav-soogilaud-valentino-ceramic-beez-kasmiir-taj-mahal-180-260\/#primaryimage\"},\"thumbnailUrl\":\"https:\/\/welle.ee\/wp-content\/uploads\/2026\/04\/valentino-ceramic-180-260-taj-mahal-keraamilise-lauaplaadiga-beez-soogilaud-kivi-welle-moobel-mooblipood-koogilauad-uued-kodus-kasmiir-1.jpg\",\"datePublished\":\"2026-04-23T13:47:58+00:00\",\"dateModified\":\"2026-04-24T10:05:20+00:00\",\"breadcrumb\":{\"@id\":\"https:\/\/welle.ee\/ee\/pikendatav-soogilaud-valentino-ceramic-beez-kasmiir-taj-mahal-180-260\/#breadcrumb\"},\"inLanguage\":\"ee\",\"potentialAction\":[{\"@type\":\"ReadAction\",\"target\":[\"https:\/\/welle.ee\/ee\/pikendatav-soogilaud-valentino-ceramic-beez-kasmiir-taj-mahal-180-260\/\"]}]},{\"@type\":\"ImageObject\",\"inLanguage\":\"ee\",\"@id\":\"https:\/\/welle.ee\/ee\/pikendatav-soogilaud-valentino-ceramic-beez-kasmiir-taj-mahal-180-260\/#primaryimage\",\"url\":\"https:\/\/welle.ee\/wp-content\/uploads\/2026\/04\/valentino-ceramic-180-260-taj-mahal-keraamilise-lauaplaadiga-beez-soogilaud-kivi-welle-moobel-mooblipood-koogilauad-uued-kodus-kasmiir-1.jpg\",\"contentUrl\":\"https:\/\/welle.ee\/wp-content\/uploads\/2026\/04\/valentino-ceramic-180-260-taj-mahal-keraamilise-lauaplaadiga-beez-soogilaud-kivi-welle-moobel-mooblipood-koogilauad-uued-kodus-kasmiir-1.jpg\",\"width\":2000,\"height\":1530},{\"@type\":\"BreadcrumbList\",\"@id\":\"https:\/\/welle.ee\/ee\/pikendatav-soogilaud-valentino-ceramic-beez-kasmiir-taj-mahal-180-260\/#breadcrumb\",\"itemListElement\":[{\"@type\":\"ListItem\",\"position\":1,\"name\":\"\u0413\u043b\u0430\u0432\u043d\u0430\u044f \u0441\u0442\u0440\u0430\u043d\u0438\u0446\u0430\",\"item\":\"https:\/\/welle.ee\/ee\/\"},{\"@type\":\"ListItem\",\"position\":2,\"name\":\"Tooted\",\"item\":\"https:\/\/welle.ee\/ee\/tooted\/\"},{\"@type\":\"ListItem\",\"position\":3,\"name\":\"Pikendatav s\u00f6\u00f6gilaud Valentino Ceramic 180-260 cm Taj Mahal bee\u017e l\u00e4ikega , ka\u0161miir\"}]},{\"@type\":\"WebSite\",\"@id\":\"https:\/\/welle.ee\/ee\/#website\",\"url\":\"https:\/\/welle.ee\/ee\/\",\"name\":\"Welle\",\"description\":\"\",\"potentialAction\":[{\"@type\":\"SearchAction\",\"target\":{\"@type\":\"EntryPoint\",\"urlTemplate\":\"https:\/\/welle.ee\/ee\/?s={search_term_string}\"},\"query-input\":{\"@type\":\"PropertyValueSpecification\",\"valueRequired\":true,\"valueName\":\"search_term_string\"}}],\"inLanguage\":\"ee\"}]}<\/script>\n<!-- \/ Yoast SEO plugin. -->","yoast_head_json":{"title":"Pikendatav s\u00f6\u00f6gilaud Valentino Ceramic 180-260 cm Taj Mahal bee\u017e l\u00e4ikega , ka\u0161miir - Welle","robots":{"index":"index","follow":"follow","max-snippet":"max-snippet:-1","max-image-preview":"max-image-preview:large","max-video-preview":"max-video-preview:-1"},"canonical":"https:\/\/welle.ee\/ee\/pikendatav-soogilaud-valentino-ceramic-beez-kasmiir-taj-mahal-180-260\/","og_locale":"en_US","og_type":"article","og_title":"Pikendatav s\u00f6\u00f6gilaud Valentino Ceramic 180-260 cm Taj Mahal bee\u017e l\u00e4ikega , ka\u0161miir - Welle","og_description":"Lauaplaat: karastatud klaas + itaalia keraamika Viimistlus: Taj Mahal bee\u017e l\u00e4ikega , ka\u0161miir Karkass on ka\u0161miir v\u00e4rvi metallist Pikkus 180-260","og_url":"https:\/\/welle.ee\/ee\/pikendatav-soogilaud-valentino-ceramic-beez-kasmiir-taj-mahal-180-260\/","og_site_name":"Welle","article_modified_time":"2026-04-24T10:05:20+00:00","og_image":[{"width":2000,"height":1530,"url":"https:\/\/welle.ee\/wp-content\/uploads\/2026\/04\/valentino-ceramic-180-260-taj-mahal-keraamilise-lauaplaadiga-beez-soogilaud-kivi-welle-moobel-mooblipood-koogilauad-uued-kodus-kasmiir-1.jpg","type":"image\/jpeg"}],"twitter_card":"summary_large_image","schema":{"@context":"https:\/\/schema.org","@graph":[{"@type":"WebPage","@id":"https:\/\/welle.ee\/ee\/pikendatav-soogilaud-valentino-ceramic-beez-kasmiir-taj-mahal-180-260\/","url":"https:\/\/welle.ee\/ee\/pikendatav-soogilaud-valentino-ceramic-beez-kasmiir-taj-mahal-180-260\/","name":"Pikendatav s\u00f6\u00f6gilaud Valentino Ceramic 180-260 cm Taj Mahal bee\u017e l\u00e4ikega , ka\u0161miir - Welle","isPartOf":{"@id":"https:\/\/welle.ee\/ee\/#website"},"primaryImageOfPage":{"@id":"https:\/\/welle.ee\/ee\/pikendatav-soogilaud-valentino-ceramic-beez-kasmiir-taj-mahal-180-260\/#primaryimage"},"image":{"@id":"https:\/\/welle.ee\/ee\/pikendatav-soogilaud-valentino-ceramic-beez-kasmiir-taj-mahal-180-260\/#primaryimage"},"thumbnailUrl":"https:\/\/welle.ee\/wp-content\/uploads\/2026\/04\/valentino-ceramic-180-260-taj-mahal-keraamilise-lauaplaadiga-beez-soogilaud-kivi-welle-moobel-mooblipood-koogilauad-uued-kodus-kasmiir-1.jpg","datePublished":"2026-04-23T13:47:58+00:00","dateModified":"2026-04-24T10:05:20+00:00","breadcrumb":{"@id":"https:\/\/welle.ee\/ee\/pikendatav-soogilaud-valentino-ceramic-beez-kasmiir-taj-mahal-180-260\/#breadcrumb"},"inLanguage":"ee","potentialAction":[{"@type":"ReadAction","target":["https:\/\/welle.ee\/ee\/pikendatav-soogilaud-valentino-ceramic-beez-kasmiir-taj-mahal-180-260\/"]}]},{"@type":"ImageObject","inLanguage":"ee","@id":"https:\/\/welle.ee\/ee\/pikendatav-soogilaud-valentino-ceramic-beez-kasmiir-taj-mahal-180-260\/#primaryimage","url":"https:\/\/welle.ee\/wp-content\/uploads\/2026\/04\/valentino-ceramic-180-260-taj-mahal-keraamilise-lauaplaadiga-beez-soogilaud-kivi-welle-moobel-mooblipood-koogilauad-uued-kodus-kasmiir-1.jpg","contentUrl":"https:\/\/welle.ee\/wp-content\/uploads\/2026\/04\/valentino-ceramic-180-260-taj-mahal-keraamilise-lauaplaadiga-beez-soogilaud-kivi-welle-moobel-mooblipood-koogilauad-uued-kodus-kasmiir-1.jpg","width":2000,"height":1530},{"@type":"BreadcrumbList","@id":"https:\/\/welle.ee\/ee\/pikendatav-soogilaud-valentino-ceramic-beez-kasmiir-taj-mahal-180-260\/#breadcrumb","itemListElement":[{"@type":"ListItem","position":1,"name":"\u0413\u043b\u0430\u0432\u043d\u0430\u044f \u0441\u0442\u0440\u0430\u043d\u0438\u0446\u0430","item":"https:\/\/welle.ee\/ee\/"},{"@type":"ListItem","position":2,"name":"Tooted","item":"https:\/\/welle.ee\/ee\/tooted\/"},{"@type":"ListItem","position":3,"name":"Pikendatav s\u00f6\u00f6gilaud Valentino Ceramic 180-260 cm Taj Mahal bee\u017e l\u00e4ikega , ka\u0161miir"}]},{"@type":"WebSite","@id":"https:\/\/welle.ee\/ee\/#website","url":"https:\/\/welle.ee\/ee\/","name":"Welle","description":"","potentialAction":[{"@type":"SearchAction","target":{"@type":"EntryPoint","urlTemplate":"https:\/\/welle.ee\/ee\/?s={search_term_string}"},"query-input":{"@type":"PropertyValueSpecification","valueRequired":true,"valueName":"search_term_string"}}],"inLanguage":"ee"}]}},"_links":{"self":[{"href":"https:\/\/welle.ee\/ee\/wp-json\/wp\/v2\/product\/538542","targetHints":{"allow":["GET"]}}],"collection":[{"href":"https:\/\/welle.ee\/ee\/wp-json\/wp\/v2\/product"}],"about":[{"href":"https:\/\/welle.ee\/ee\/wp-json\/wp\/v2\/types\/product"}],"version-history":[{"count":2,"href":"https:\/\/welle.ee\/ee\/wp-json\/wp\/v2\/product\/538542\/revisions"}],"predecessor-version":[{"id":538549,"href":"https:\/\/welle.ee\/ee\/wp-json\/wp\/v2\/product\/538542\/revisions\/538549"}],"wp:featuredmedia":[{"embeddable":true,"href":"https:\/\/welle.ee\/ee\/wp-json\/wp\/v2\/media\/538543"}],"wp:attachment":[{"href":"https:\/\/welle.ee\/ee\/wp-json\/wp\/v2\/media?parent=538542"}],"wp:term":[{"taxonomy":"product_brand","embeddable":true,"href":"https:\/\/welle.ee\/ee\/wp-json\/wp\/v2\/product_brand?post=538542"},{"taxonomy":"product_cat","embeddable":true,"href":"https:\/\/welle.ee\/ee\/wp-json\/wp\/v2\/product_cat?post=538542"},{"taxonomy":"product_tag","embeddable":true,"href":"https:\/\/welle.ee\/ee\/wp-json\/wp\/v2\/product_tag?post=538542"}],"curies":[{"name":"wp","href":"https:\/\/api.w.org\/{rel}","templated":true}]}}