{"id":480193,"date":"2025-08-21T13:49:36","date_gmt":"2025-08-21T13:49:36","guid":{"rendered":"https:\/\/wellefurniture.eu\/%d1%83%d0%b3%d0%bb%d0%be%d0%b2%d0%be%d0%b9-%d0%b4%d0%b8%d0%b2%d0%b0%d0%bd-%d0%ba%d1%80%d0%be%d0%b2%d0%b0%d1%82%d1%8c-legend-25f-e-1ht-bk\/"},"modified":"2025-10-06T11:00:41","modified_gmt":"2025-10-06T11:00:41","slug":"nurgadiivanvoodi-legend-2-5f-e-1ht-bk","status":"publish","type":"product","link":"https:\/\/welle.ee\/ru\/nurgadiivanvoodi-legend-2-5f-e-1ht-bk\/","title":{"rendered":"Nurgadiivanvoodi LEGEND 2,5F-E-1HT\/BK"},"content":{"rendered":"<ul>\n<li>Diivani karkass on valmistatud vastupidavast m\u00f6\u00f6bliplaadist ja puidust<\/li>\n<li>Istme sees on k\u00f5rgelastne pol\u00fcuretaanvaht ning sik-sak vedrustus<\/li>\n<li>Magamiskoht: 120&#215;193 cm<\/li>\n<li>Nurgaosas pesukast<\/li>\n<li>Istme k\u00f5rgus\/s\u00fcgavus 46\/54 cm<\/li>\n<li>Jalad on puidust<\/li>\n<li>Reguleeritavad peatoed<\/li>\n<li>Antud diivanit saab tellida nii kangast kui nahast<\/li>\n<li>Diivani hind s\u00f5ltub kanga\/naha kategooriast<\/li>\n<li><span><span>Hinna ja kangavaliku info:<strong> e-pood@welle.ee<\/strong><\/span><\/span><\/li>\n<li>Tarneaeg: 8-10 n\u00e4dalat<\/li>\n<\/ul>\n","protected":false},"excerpt":{"rendered":"<p>Diivani karkass on valmistatud vastupidavast m\u00f6\u00f6bliplaadist ja puidust Istme sees on k\u00f5rgelastne pol\u00fcuretaanvaht ning sik-sak vedrustus Magamiskoht: 120&#215;193 cm Nurgaosas<\/p>\n","protected":false},"featured_media":468980,"template":"","meta":[],"product_brand":[],"product_cat":[213,248,9173,253],"product_tag":[],"class_list":{"0":"post-480193","1":"product","2":"type-product","3":"status-publish","4":"has-post-thumbnail","6":"product_cat-shop","7":"product_cat-soft","8":"product_cat-leiunurk","9":"product_cat-cornerbed","10":"pa_height-89-104-ru","11":"pa_height_range-h-50-100","12":"pa_length-269-ru","13":"pa_length_range-l-200","14":"pa_manufacturer-ims-bydgoskie","15":"pa_width-216-ru","16":"pa_width_range-w-200","18":"first","19":"instock","20":"taxable","21":"shipping-taxable","22":"purchasable","23":"product-type-simple"},"yoast_head":"<!-- This site is optimized with the Yoast SEO plugin v26.2 - https:\/\/yoast.com\/wordpress\/plugins\/seo\/ -->\n<title>Nurgadiivanvoodi LEGEND 2,5F-E-1HT\/BK - Welle<\/title>\n<meta name=\"robots\" content=\"index, follow, max-snippet:-1, max-image-preview:large, max-video-preview:-1\" \/>\n<link rel=\"canonical\" href=\"https:\/\/welle.ee\/ru\/nurgadiivanvoodi-legend-2-5f-e-1ht-bk\/\" \/>\n<meta property=\"og:locale\" content=\"ru_RU\" \/>\n<meta property=\"og:type\" content=\"article\" \/>\n<meta property=\"og:title\" content=\"Nurgadiivanvoodi LEGEND 2,5F-E-1HT\/BK - Welle\" \/>\n<meta property=\"og:description\" content=\"Diivani karkass on valmistatud vastupidavast m\u00f6\u00f6bliplaadist ja puidust Istme sees on k\u00f5rgelastne pol\u00fcuretaanvaht ning sik-sak vedrustus Magamiskoht: 120&#215;193 cm Nurgaosas\" \/>\n<meta property=\"og:url\" content=\"https:\/\/welle.ee\/ru\/nurgadiivanvoodi-legend-2-5f-e-1ht-bk\/\" \/>\n<meta property=\"og:site_name\" content=\"Welle\" \/>\n<meta property=\"article:modified_time\" content=\"2025-10-06T11:00:41+00:00\" \/>\n<meta property=\"og:image\" content=\"https:\/\/welle.ee\/wp-content\/uploads\/2025\/08\/legend_bfm_694_ii.jpg\" \/>\n\t<meta property=\"og:image:width\" content=\"700\" \/>\n\t<meta property=\"og:image:height\" content=\"500\" \/>\n\t<meta property=\"og:image:type\" content=\"image\/jpeg\" \/>\n<meta name=\"twitter:card\" content=\"summary_large_image\" \/>\n<script type=\"application\/ld+json\" class=\"yoast-schema-graph\">{\"@context\":\"https:\/\/schema.org\",\"@graph\":[{\"@type\":\"WebPage\",\"@id\":\"https:\/\/welle.ee\/ru\/nurgadiivanvoodi-legend-2-5f-e-1ht-bk\/\",\"url\":\"https:\/\/welle.ee\/ru\/nurgadiivanvoodi-legend-2-5f-e-1ht-bk\/\",\"name\":\"Nurgadiivanvoodi LEGEND 2,5F-E-1HT\/BK - Welle\",\"isPartOf\":{\"@id\":\"https:\/\/welle.ee\/ru\/#website\"},\"primaryImageOfPage\":{\"@id\":\"https:\/\/welle.ee\/ru\/nurgadiivanvoodi-legend-2-5f-e-1ht-bk\/#primaryimage\"},\"image\":{\"@id\":\"https:\/\/welle.ee\/ru\/nurgadiivanvoodi-legend-2-5f-e-1ht-bk\/#primaryimage\"},\"thumbnailUrl\":\"https:\/\/welle.ee\/wp-content\/uploads\/2025\/08\/legend_bfm_694_ii.jpg\",\"datePublished\":\"2025-08-21T13:49:36+00:00\",\"dateModified\":\"2025-10-06T11:00:41+00:00\",\"breadcrumb\":{\"@id\":\"https:\/\/welle.ee\/ru\/nurgadiivanvoodi-legend-2-5f-e-1ht-bk\/#breadcrumb\"},\"inLanguage\":\"ru-RU\",\"potentialAction\":[{\"@type\":\"ReadAction\",\"target\":[\"https:\/\/welle.ee\/ru\/nurgadiivanvoodi-legend-2-5f-e-1ht-bk\/\"]}]},{\"@type\":\"ImageObject\",\"inLanguage\":\"ru-RU\",\"@id\":\"https:\/\/welle.ee\/ru\/nurgadiivanvoodi-legend-2-5f-e-1ht-bk\/#primaryimage\",\"url\":\"https:\/\/welle.ee\/wp-content\/uploads\/2025\/08\/legend_bfm_694_ii.jpg\",\"contentUrl\":\"https:\/\/welle.ee\/wp-content\/uploads\/2025\/08\/legend_bfm_694_ii.jpg\",\"width\":700,\"height\":500},{\"@type\":\"BreadcrumbList\",\"@id\":\"https:\/\/welle.ee\/ru\/nurgadiivanvoodi-legend-2-5f-e-1ht-bk\/#breadcrumb\",\"itemListElement\":[{\"@type\":\"ListItem\",\"position\":1,\"name\":\"\u0413\u043b\u0430\u0432\u043d\u0430\u044f \u0441\u0442\u0440\u0430\u043d\u0438\u0446\u0430\",\"item\":\"https:\/\/welle.ee\/ru\/\"},{\"@type\":\"ListItem\",\"position\":2,\"name\":\"\u0412\u0441\u0435 \u0442\u043e\u0432\u0430\u0440\u044b\",\"item\":\"https:\/\/welle.ee\/ru\/tooted\/\"},{\"@type\":\"ListItem\",\"position\":3,\"name\":\"Nurgadiivanvoodi LEGEND 2,5F-E-1HT\/BK\"}]},{\"@type\":\"WebSite\",\"@id\":\"https:\/\/welle.ee\/ru\/#website\",\"url\":\"https:\/\/welle.ee\/ru\/\",\"name\":\"Welle\",\"description\":\"\",\"potentialAction\":[{\"@type\":\"SearchAction\",\"target\":{\"@type\":\"EntryPoint\",\"urlTemplate\":\"https:\/\/welle.ee\/ru\/?s={search_term_string}\"},\"query-input\":{\"@type\":\"PropertyValueSpecification\",\"valueRequired\":true,\"valueName\":\"search_term_string\"}}],\"inLanguage\":\"ru-RU\"}]}<\/script>\n<!-- \/ Yoast SEO plugin. -->","yoast_head_json":{"title":"Nurgadiivanvoodi LEGEND 2,5F-E-1HT\/BK - Welle","robots":{"index":"index","follow":"follow","max-snippet":"max-snippet:-1","max-image-preview":"max-image-preview:large","max-video-preview":"max-video-preview:-1"},"canonical":"https:\/\/welle.ee\/ru\/nurgadiivanvoodi-legend-2-5f-e-1ht-bk\/","og_locale":"ru_RU","og_type":"article","og_title":"Nurgadiivanvoodi LEGEND 2,5F-E-1HT\/BK - Welle","og_description":"Diivani karkass on valmistatud vastupidavast m\u00f6\u00f6bliplaadist ja puidust Istme sees on k\u00f5rgelastne pol\u00fcuretaanvaht ning sik-sak vedrustus Magamiskoht: 120&#215;193 cm Nurgaosas","og_url":"https:\/\/welle.ee\/ru\/nurgadiivanvoodi-legend-2-5f-e-1ht-bk\/","og_site_name":"Welle","article_modified_time":"2025-10-06T11:00:41+00:00","og_image":[{"width":700,"height":500,"url":"https:\/\/welle.ee\/wp-content\/uploads\/2025\/08\/legend_bfm_694_ii.jpg","type":"image\/jpeg"}],"twitter_card":"summary_large_image","schema":{"@context":"https:\/\/schema.org","@graph":[{"@type":"WebPage","@id":"https:\/\/welle.ee\/ru\/nurgadiivanvoodi-legend-2-5f-e-1ht-bk\/","url":"https:\/\/welle.ee\/ru\/nurgadiivanvoodi-legend-2-5f-e-1ht-bk\/","name":"Nurgadiivanvoodi LEGEND 2,5F-E-1HT\/BK - Welle","isPartOf":{"@id":"https:\/\/welle.ee\/ru\/#website"},"primaryImageOfPage":{"@id":"https:\/\/welle.ee\/ru\/nurgadiivanvoodi-legend-2-5f-e-1ht-bk\/#primaryimage"},"image":{"@id":"https:\/\/welle.ee\/ru\/nurgadiivanvoodi-legend-2-5f-e-1ht-bk\/#primaryimage"},"thumbnailUrl":"https:\/\/welle.ee\/wp-content\/uploads\/2025\/08\/legend_bfm_694_ii.jpg","datePublished":"2025-08-21T13:49:36+00:00","dateModified":"2025-10-06T11:00:41+00:00","breadcrumb":{"@id":"https:\/\/welle.ee\/ru\/nurgadiivanvoodi-legend-2-5f-e-1ht-bk\/#breadcrumb"},"inLanguage":"ru-RU","potentialAction":[{"@type":"ReadAction","target":["https:\/\/welle.ee\/ru\/nurgadiivanvoodi-legend-2-5f-e-1ht-bk\/"]}]},{"@type":"ImageObject","inLanguage":"ru-RU","@id":"https:\/\/welle.ee\/ru\/nurgadiivanvoodi-legend-2-5f-e-1ht-bk\/#primaryimage","url":"https:\/\/welle.ee\/wp-content\/uploads\/2025\/08\/legend_bfm_694_ii.jpg","contentUrl":"https:\/\/welle.ee\/wp-content\/uploads\/2025\/08\/legend_bfm_694_ii.jpg","width":700,"height":500},{"@type":"BreadcrumbList","@id":"https:\/\/welle.ee\/ru\/nurgadiivanvoodi-legend-2-5f-e-1ht-bk\/#breadcrumb","itemListElement":[{"@type":"ListItem","position":1,"name":"\u0413\u043b\u0430\u0432\u043d\u0430\u044f \u0441\u0442\u0440\u0430\u043d\u0438\u0446\u0430","item":"https:\/\/welle.ee\/ru\/"},{"@type":"ListItem","position":2,"name":"\u0412\u0441\u0435 \u0442\u043e\u0432\u0430\u0440\u044b","item":"https:\/\/welle.ee\/ru\/tooted\/"},{"@type":"ListItem","position":3,"name":"Nurgadiivanvoodi LEGEND 2,5F-E-1HT\/BK"}]},{"@type":"WebSite","@id":"https:\/\/welle.ee\/ru\/#website","url":"https:\/\/welle.ee\/ru\/","name":"Welle","description":"","potentialAction":[{"@type":"SearchAction","target":{"@type":"EntryPoint","urlTemplate":"https:\/\/welle.ee\/ru\/?s={search_term_string}"},"query-input":{"@type":"PropertyValueSpecification","valueRequired":true,"valueName":"search_term_string"}}],"inLanguage":"ru-RU"}]}},"_links":{"self":[{"href":"https:\/\/welle.ee\/ru\/wp-json\/wp\/v2\/product\/480193","targetHints":{"allow":["GET"]}}],"collection":[{"href":"https:\/\/welle.ee\/ru\/wp-json\/wp\/v2\/product"}],"about":[{"href":"https:\/\/welle.ee\/ru\/wp-json\/wp\/v2\/types\/product"}],"version-history":[{"count":4,"href":"https:\/\/welle.ee\/ru\/wp-json\/wp\/v2\/product\/480193\/revisions"}],"predecessor-version":[{"id":486471,"href":"https:\/\/welle.ee\/ru\/wp-json\/wp\/v2\/product\/480193\/revisions\/486471"}],"wp:featuredmedia":[{"embeddable":true,"href":"https:\/\/welle.ee\/ru\/wp-json\/wp\/v2\/media\/468980"}],"wp:attachment":[{"href":"https:\/\/welle.ee\/ru\/wp-json\/wp\/v2\/media?parent=480193"}],"wp:term":[{"taxonomy":"product_brand","embeddable":true,"href":"https:\/\/welle.ee\/ru\/wp-json\/wp\/v2\/product_brand?post=480193"},{"taxonomy":"product_cat","embeddable":true,"href":"https:\/\/welle.ee\/ru\/wp-json\/wp\/v2\/product_cat?post=480193"},{"taxonomy":"product_tag","embeddable":true,"href":"https:\/\/welle.ee\/ru\/wp-json\/wp\/v2\/product_tag?post=480193"}],"curies":[{"name":"wp","href":"https:\/\/api.w.org\/{rel}","templated":true}]}}